{"id":153950,"date":"2021-01-15T12:54:53","date_gmt":"2021-01-15T12:54:53","guid":{"rendered":"https:\/\/codengine3.ch\/?product=import-placeholder-for-207155"},"modified":"2022-02-25T11:01:47","modified_gmt":"2022-02-25T10:01:47","slug":"glacier-du-rhone","status":"publish","type":"product","link":"https:\/\/pizbube.ch\/en\/shop\/glacier-du-rhone\/","title":{"rendered":"Glacier du Rh\u00f4ne"},"content":{"rendered":"<p>Ein Gletscher \u2013 ein Hotel \u2013 eine Familie.<br \/>\nHorizonte einer Walliser Hoteliersdynastie<\/p>\n<p>Bild- und Textband \u00fcber das Hotel Glacier du Rh\u00f4ne in Gletsch (1858\u20131984), die<br \/>\nanderen Seiler&#8217;schen Gastbetriebe in Zermatt, Bern und K\u00fcsnacht am Z\u00fcrichsee<br \/>\nund markante Unternehmerpers\u00f6nlichkeiten dieser wohl bekanntesten Walliser<br \/>\nHoteliersfamilie.<\/p>\n<p>Der Hauptteil des 446 Seiten z\u00e4hlenden und mehr als sechs Kilogramm wiegenden<br \/>\nOpus im aussergew\u00f6hnlichen Format A3 quer, das in einer traditionsreichen<br \/>\nchinesischen Druckerei auf Heidelberger Maschinen gedruckt und in Handarbeit<br \/>\ngebunden wurde und nun in elegantem Schuber angeboten werden kann, beschl\u00e4gt<br \/>\nlandschaftliche, reisekulturgeschichtliche und hotelunternehmerische Aspekte<br \/>\nder Hotelsiedlung am Fusse des Rhonegletschers.<\/p>\n<p>Der zeitliche Rahmen umfasst die zweieinhalb Jahrhunderte von den ersten<br \/>\nbildlichen Darstellungen des Rhonegletschers zu Beginn des 18. Jahrhunderts<br \/>\n\u00fcber die Entstehung des Haupthauses im dritten Viertel des 19. Jahrhunderts<br \/>\nund den touristischen und wirtschaftlichen H\u00f6hepunkt dieser Transitstation des<br \/>\nalpinen Pferdekutschenverkehrs vor dem Ersten Weltkrieg bis zur Aufgabe des<br \/>\nHotelbetriebs durch die Familie Seiler im Herbst 1984.<\/p>\n<p>Die Landschaft im Wandel, ihre Darstellung \u00fcber die Jahrhunderte und das mit<br \/>\nbedeutenden Walliser Antiquit\u00e4ten des 17. und 18. Jahrhunderts komponierte<br \/>\nHotelinterieur, wie es bis 1984 existierte, sind mit lithografischer Akribie<br \/>\nin grossformatigen Abbildungen opulent illustriert. In fundierter historischer<br \/>\nAnalyse mit Hunderten von Bild- und Textbelegen wird die &#8218;Touristen-<br \/>\nKarawanserei&#8216; Gletsch im hotelunternehmerischen Zusammenhang dargestellt.<\/p>","protected":false},"excerpt":{"rendered":"<p>Ein Gletscher \u2013 ein Hotel \u2013 eine Familie. Horizonte einer Walliser Hoteliersdynastie Bild- und Textband \u00fcber das Hotel Glacier du Rh\u00f4ne in Gletsch (1858\u20131984), die anderen Seiler&#8217;schen Gastbetriebe in Zermatt, Bern und K\u00fcsnacht am Z\u00fcrichsee und markante Unternehmerpers\u00f6nlichkeiten dieser wohl bekanntesten Walliser Hoteliersfamilie. Der Hauptteil des 446 Seiten z\u00e4hlenden und mehr als sechs Kilogramm wiegenden [&#8230;]\n","protected":false},"featured_media":36776,"template":"","meta":[],"product_brand":[],"product_cat":[21542],"product_tag":[],"class_list":{"0":"post-153950","1":"product","2":"type-product","3":"status-publish","4":"has-post-thumbnail","6":"product_cat-sachbuecher-dokumentationen","7":"pa_autor-seiler","8":"pa_erscheinungsjahr-21621","9":"pa_region-schweiz","10":"pa_sprache-de","12":"first","13":"outofstock","14":"taxable","15":"shipping-taxable","16":"purchasable","17":"product-type-simple"},"_links":{"self":[{"href":"https:\/\/pizbube.ch\/en\/wp-json\/wp\/v2\/product\/153950","targetHints":{"allow":["GET"]}}],"collection":[{"href":"https:\/\/pizbube.ch\/en\/wp-json\/wp\/v2\/product"}],"about":[{"href":"https:\/\/pizbube.ch\/en\/wp-json\/wp\/v2\/types\/product"}],"wp:featuredmedia":[{"embeddable":true,"href":"https:\/\/pizbube.ch\/en\/wp-json\/wp\/v2\/media\/36776"}],"wp:attachment":[{"href":"https:\/\/pizbube.ch\/en\/wp-json\/wp\/v2\/media?parent=153950"}],"wp:term":[{"taxonomy":"product_brand","embeddable":true,"href":"https:\/\/pizbube.ch\/en\/wp-json\/wp\/v2\/product_brand?post=153950"},{"taxonomy":"product_cat","embeddable":true,"href":"https:\/\/pizbube.ch\/en\/wp-json\/wp\/v2\/product_cat?post=153950"},{"taxonomy":"product_tag","embeddable":true,"href":"https:\/\/pizbube.ch\/en\/wp-json\/wp\/v2\/product_tag?post=153950"}],"curies":[{"name":"wp","href":"https:\/\/api.w.org\/{rel}","templated":true}]}}