{"id":153951,"date":"2021-01-15T12:54:53","date_gmt":"2021-01-15T12:54:53","guid":{"rendered":"https:\/\/codengine3.ch\/?product=import-placeholder-for-203331"},"modified":"2021-01-15T14:22:11","modified_gmt":"2021-01-15T14:22:11","slug":"iran-1-1-500-000","status":"publish","type":"product","link":"https:\/\/pizbube.ch\/en\/shop\/iran-1-1-500-000\/","title":{"rendered":"Iran 1: 1 500 000"},"content":{"rendered":"<p>Neueste Kartografie, detaillierte Darstellung des Terrains, aktuellstes<br \/>\nStra\u00dfenbild, Gradgitter und ein ausf\u00fchrliches Ortsregister, mit dem man die<br \/>\nOrte, die man sucht, auf der Karte auch findet. gefaltet 10x25cm (aufgefaltet<br \/>\n60x92cm), ein- oder beidseitig bedruckt, kein st\u00f6render Pappumschlag.  <\/p>\n<p>Diese Landkarte erscheint in der Landkartenserie world mapping project bei<br \/>\nReise Know-How. Kennzeichnend ist die hochwertige, klare und moderne<br \/>\nkartografische Darstellung. H\u00f6henlinien mit H\u00f6henangaben; Farbige<br \/>\nH\u00f6henschichten, Klassifiziertes Stra\u00dfennetz mit Entfernungsangaben;<br \/>\nSehensw\u00fcrdigkeiten;Ausf\u00fchrlicher Ortsindex; GPS-Tauglichkeit durch L\u00e4ngen- und<br \/>\nBreitengrade;Viersprachige Legende (Deutsch, Englisch, Franz., Spanisch);<br \/>\nGr\u00f6\u00dfere St\u00e4dte auch in arabischer (persischer) Schrift. Kleine politische<br \/>\n\u00dcberblickskarte<\/p>","protected":false},"excerpt":{"rendered":"<p>Neueste Kartografie, detaillierte Darstellung des Terrains, aktuellstes Stra\u00dfenbild, Gradgitter und ein ausf\u00fchrliches Ortsregister, mit dem man die Orte, die man sucht, auf der Karte auch findet. gefaltet 10x25cm (aufgefaltet 60x92cm), ein- oder beidseitig bedruckt, kein st\u00f6render Pappumschlag. Diese Landkarte erscheint in der Landkartenserie world mapping project bei Reise Know-How. Kennzeichnend ist die hochwertige, klare und [&#8230;]\n","protected":false},"featured_media":40135,"template":"","meta":[],"product_brand":[],"product_cat":[21543],"product_tag":[],"class_list":{"0":"post-153951","1":"product","2":"type-product","3":"status-publish","4":"has-post-thumbnail","6":"product_cat-landkarten","7":"pa_autor-rump","8":"pa_erscheinungsjahr-21574","9":"pa_region-asien","10":"pa_sprache-de","12":"first","13":"instock","14":"taxable","15":"shipping-taxable","16":"purchasable","17":"product-type-simple"},"_links":{"self":[{"href":"https:\/\/pizbube.ch\/en\/wp-json\/wp\/v2\/product\/153951","targetHints":{"allow":["GET"]}}],"collection":[{"href":"https:\/\/pizbube.ch\/en\/wp-json\/wp\/v2\/product"}],"about":[{"href":"https:\/\/pizbube.ch\/en\/wp-json\/wp\/v2\/types\/product"}],"wp:featuredmedia":[{"embeddable":true,"href":"https:\/\/pizbube.ch\/en\/wp-json\/wp\/v2\/media\/40135"}],"wp:attachment":[{"href":"https:\/\/pizbube.ch\/en\/wp-json\/wp\/v2\/media?parent=153951"}],"wp:term":[{"taxonomy":"product_brand","embeddable":true,"href":"https:\/\/pizbube.ch\/en\/wp-json\/wp\/v2\/product_brand?post=153951"},{"taxonomy":"product_cat","embeddable":true,"href":"https:\/\/pizbube.ch\/en\/wp-json\/wp\/v2\/product_cat?post=153951"},{"taxonomy":"product_tag","embeddable":true,"href":"https:\/\/pizbube.ch\/en\/wp-json\/wp\/v2\/product_tag?post=153951"}],"curies":[{"name":"wp","href":"https:\/\/api.w.org\/{rel}","templated":true}]}}