{"id":153952,"date":"2021-01-15T12:54:53","date_gmt":"2021-01-15T12:54:53","guid":{"rendered":"https:\/\/codengine3.ch\/?product=import-placeholder-for-205952"},"modified":"2021-01-15T14:45:12","modified_gmt":"2021-01-15T14:45:12","slug":"die-bergwelt-des-iran","status":"publish","type":"product","link":"https:\/\/pizbube.ch\/en\/shop\/die-bergwelt-des-iran\/","title":{"rendered":"Die Bergwelt des Iran"},"content":{"rendered":"<p>Das vorliegende Buch enth\u00e4lt die Ergebnisse einer transdisziplin\u00e4ren<br \/>\nForschung, besonders basierend auf den Studien der letzten Jahre. 17 Autoren<br \/>\nhaben in 35 Kapiteln verschiedene Bereiche der Hochgebirgsforschung, aber<br \/>\ndar\u00fcber hinausgehend auch Fragen des Alpin- und \u00d6kotourismus behandelt. Damit<br \/>\nwird auch das wachsende Interesse der Iraner an ihrer heimischen Bergwelt<br \/>\nunter Beweis gestellt. Hunderttausende begeben sich in der sch\u00f6nen Jahreszeit<br \/>\nam Wochenende in die Naherholungsgebiete der umliegenden Berge, erfreuen sich<br \/>\nan den gr\u00fcnen Matten und klaren B\u00e4chen oder besuchen in der kalten Jahreszeit<br \/>\ndie Schigebiete in der N\u00e4he der Gro\u00dfst\u00e4dte.  <\/p>\n<p>Bestechend ist die Vielfalt der Beitr\u00e4ge: Klima, Vegetation, Wasserhaushalt,<br \/>\ndie Tier- und Pflanzenwelt, aber auch ethnologische Fragen (Nomadismus) und<br \/>\nsolche zur Religions- und Entdeckungsgeschichte werden in Beziehung des Iran<br \/>\ngebracht.<br \/>\nDas beigegebene Kartenmaterial und die praktischen Hinweise (z. B.<br \/>\nRoutenbeschreibungen, Schutzh\u00fctten, etc.) machen es dem Bergsteiger aus dem<br \/>\nWesten m\u00f6glich, seine Touren in der bisher kaum erschlossenen Bergwelt des<br \/>\nIran selbst zu planen und durchzuf\u00fchren.  <\/p>","protected":false},"excerpt":{"rendered":"<p>Das vorliegende Buch enth\u00e4lt die Ergebnisse einer transdisziplin\u00e4ren Forschung, besonders basierend auf den Studien der letzten Jahre. 17 Autoren haben in 35 Kapiteln verschiedene Bereiche der Hochgebirgsforschung, aber dar\u00fcber hinausgehend auch Fragen des Alpin- und \u00d6kotourismus behandelt. Damit wird auch das wachsende Interesse der Iraner an ihrer heimischen Bergwelt unter Beweis gestellt. Hunderttausende begeben sich [&#8230;]\n","protected":false},"featured_media":34814,"template":"","meta":[],"product_brand":[],"product_cat":[21542],"product_tag":[],"class_list":{"0":"post-153952","1":"product","2":"type-product","3":"status-publish","4":"has-post-thumbnail","6":"product_cat-sachbuecher-dokumentationen","7":"pa_autor-gratzl-kostka","8":"pa_erscheinungsjahr-21693","9":"pa_region-asien","10":"pa_sprache-de","12":"first","13":"instock","14":"taxable","15":"shipping-taxable","16":"purchasable","17":"product-type-simple"},"_links":{"self":[{"href":"https:\/\/pizbube.ch\/en\/wp-json\/wp\/v2\/product\/153952","targetHints":{"allow":["GET"]}}],"collection":[{"href":"https:\/\/pizbube.ch\/en\/wp-json\/wp\/v2\/product"}],"about":[{"href":"https:\/\/pizbube.ch\/en\/wp-json\/wp\/v2\/types\/product"}],"wp:featuredmedia":[{"embeddable":true,"href":"https:\/\/pizbube.ch\/en\/wp-json\/wp\/v2\/media\/34814"}],"wp:attachment":[{"href":"https:\/\/pizbube.ch\/en\/wp-json\/wp\/v2\/media?parent=153952"}],"wp:term":[{"taxonomy":"product_brand","embeddable":true,"href":"https:\/\/pizbube.ch\/en\/wp-json\/wp\/v2\/product_brand?post=153952"},{"taxonomy":"product_cat","embeddable":true,"href":"https:\/\/pizbube.ch\/en\/wp-json\/wp\/v2\/product_cat?post=153952"},{"taxonomy":"product_tag","embeddable":true,"href":"https:\/\/pizbube.ch\/en\/wp-json\/wp\/v2\/product_tag?post=153952"}],"curies":[{"name":"wp","href":"https:\/\/api.w.org\/{rel}","templated":true}]}}