{"id":153953,"date":"2021-01-15T12:54:53","date_gmt":"2021-01-15T12:54:53","guid":{"rendered":"https:\/\/codengine3.ch\/?product=import-placeholder-for-207261"},"modified":"2025-09-23T14:13:16","modified_gmt":"2025-09-23T12:13:16","slug":"face-of-iran-kletter-reise-fuehrer","status":"publish","type":"product","link":"https:\/\/pizbube.ch\/en\/shop\/face-of-iran-kletter-reise-fuehrer\/","title":{"rendered":"Face of Iran &#8211; Kletter-Reise-F\u00fchrer"},"content":{"rendered":"<p>Jetzt gibt es f\u00fcr den reisenden Kletterer und Bergsteiger ein neues Traumziel<br \/>\n&#8211; Persien! Jahrtausendealte Kultur trifft auf modernen Sport &#8211; spannender kann<br \/>\nein F\u00fchrer nicht sein!<\/p>\n<p>Das Buch beschreibt ausschlie\u00dflich Sportklettergebiete, welche sich<br \/>\n\u00fcberwiegend in der Umgebung der gro\u00dfen St\u00e4dte befinden. Das macht die<br \/>\nVerbindung von Kletter- und Kulturreise sehr einfach. Sehr h\u00e4ufige und<br \/>\npreiswerte Busverbindungen machen das Wechseln von einem zum anderen Ort<br \/>\nleicht.<\/p>\n<p>Das Buch beinhaltet alles, was man f\u00fcr die Reise braucht:<\/p>\n<p>&#8211; Beschreibung der Kletter- und Bouldergebiete<br \/>\n&#8211; Beschreibung der Bergtour auf den Damavand (5671 m) mit allen wichtigen<br \/>\nInfos und Karte (ein ganzes Kapitel)<br \/>\n-Topos und Karten<br \/>\n&#8211; Kulturtipps f\u00fcr die Ruhetage<br \/>\n&#8211; kleines W\u00f6rterbuch<br \/>\n&#8211; Visa-, Reise- und Ausr\u00fcstungshinweise<br \/>\n&#8211; Iran-Knigge<\/p>\n<p>The book is in three languages (English, German, Farsi) and contains<br \/>\neverything for the journey:<br \/>\n\u2022 description of climbing and bouldering areas<br \/>\n\u2022 description of Damavand (5671 m) &#8211; mountain tour with map and all<br \/>\ninformations<br \/>\n\u2022 topos and maps<br \/>\n\u2022 sightseeing for restdays<br \/>\n\u2022 little dictionary<br \/>\n\u2022 visa-, travel- and equipment informations<br \/>\n\u2022 how to behave chapter<\/p>","protected":false},"excerpt":{"rendered":"<p>Jetzt gibt es f\u00fcr den reisenden Kletterer und Bergsteiger ein neues Traumziel &#8211; Persien! Jahrtausendealte Kultur trifft auf modernen Sport &#8211; spannender kann ein F\u00fchrer nicht sein! Das Buch beschreibt ausschlie\u00dflich Sportklettergebiete, welche sich \u00fcberwiegend in der Umgebung der gro\u00dfen St\u00e4dte befinden. Das macht die Verbindung von Kletter- und Kulturreise sehr einfach. Sehr h\u00e4ufige und [&#8230;]\n","protected":false},"featured_media":162759,"template":"","meta":[],"product_brand":[],"product_cat":[21539],"product_tag":[],"class_list":{"0":"post-153953","1":"product","2":"type-product","3":"status-publish","4":"has-post-thumbnail","6":"product_cat-fuehrerliteratur-sportklettern-bouldern","7":"pa_autor-hupe-krug-friedrichs-nikbaksh","8":"pa_erscheinungsjahr-21574","9":"pa_region-asien","10":"pa_sprache-de-en-farsi","12":"first","13":"instock","14":"taxable","15":"shipping-taxable","16":"purchasable","17":"product-type-simple"},"_links":{"self":[{"href":"https:\/\/pizbube.ch\/en\/wp-json\/wp\/v2\/product\/153953","targetHints":{"allow":["GET"]}}],"collection":[{"href":"https:\/\/pizbube.ch\/en\/wp-json\/wp\/v2\/product"}],"about":[{"href":"https:\/\/pizbube.ch\/en\/wp-json\/wp\/v2\/types\/product"}],"wp:featuredmedia":[{"embeddable":true,"href":"https:\/\/pizbube.ch\/en\/wp-json\/wp\/v2\/media\/162759"}],"wp:attachment":[{"href":"https:\/\/pizbube.ch\/en\/wp-json\/wp\/v2\/media?parent=153953"}],"wp:term":[{"taxonomy":"product_brand","embeddable":true,"href":"https:\/\/pizbube.ch\/en\/wp-json\/wp\/v2\/product_brand?post=153953"},{"taxonomy":"product_cat","embeddable":true,"href":"https:\/\/pizbube.ch\/en\/wp-json\/wp\/v2\/product_cat?post=153953"},{"taxonomy":"product_tag","embeddable":true,"href":"https:\/\/pizbube.ch\/en\/wp-json\/wp\/v2\/product_tag?post=153953"}],"curies":[{"name":"wp","href":"https:\/\/api.w.org\/{rel}","templated":true}]}}