{"id":153954,"date":"2021-01-15T12:54:54","date_gmt":"2021-01-15T12:54:54","guid":{"rendered":"https:\/\/codengine3.ch\/?product=import-placeholder-for-207583"},"modified":"2021-01-15T16:04:53","modified_gmt":"2021-01-15T16:04:53","slug":"mt-damavand-150000","status":"publish","type":"product","link":"https:\/\/pizbube.ch\/en\/shop\/mt-damavand-150000\/","title":{"rendered":"Mt. Damavand 1:50&#8217;000"},"content":{"rendered":"<p>Damavand-Karte 1:50&#8217;000 \/ Mt. Damavand &#8211; Kuh-e-Dam\u0101vand 1:50.000<\/p>\n<p>Mit 5.671 m ist der Damavand nicht nur der h\u00f6chste Berg Irans, sondern des<br \/>\ngesamten Mittleren Ostens. Diese Faltkarte im Ma\u00dfstab 1:50.000 \u00fcbertrifft an<br \/>\nGenauigkeit und Aussagekraft alle bisherigen Karten \u00fcber das Gebiet und<br \/>\nerm\u00f6glicht es damit jedem, Trekkingtouren im Gebiet des Damavand zu planen.<\/p>\n<p>Landkarte 1:50.000, Konzeption: Robert Kostka, Graz.<br \/>\nDer Kartenbereich (ca. 525 x 475 mm) und der Ma\u00dfstab sind sowohl f\u00fcr die<br \/>\nUmrundung, die Zufahrtsstra\u00dfen und auch die Besteigungsrouten hervorragend<br \/>\ngeeignet. Die plastische Wirkung der Relief-Darstellung ist eindrucksvoll, die<br \/>\nDorfnamen und Gel\u00e4nde-Bezeichnungen sind auch in Farsi (Persisch) angegeben.<\/p>\n<p>Die Basis bildet ein russisches Satellitenbild, erg\u00e4nzt durch<br \/>\nH\u00f6henschichtlinien im 200m-Abstand und Daten aus Landkarten und barometrischen<br \/>\nH\u00f6henmessungen. Eine kleine \u00dcbersichtskarte zeigt die Anbindung und N\u00e4he zur<br \/>\nHauptstadt Teheran und zum Kaspischen Meer. Also: f\u00fcr r\u00fcstige Vulkanliebhaber,<br \/>\ndie sich von 5.671 Metern Gipfelh\u00f6he nicht abschrecken lassen, eine echte<br \/>\nEmpfehlung! (\u00d6sterreichische Alpenzeitung, April &#8211; Juni 2016, \u00d6.K.)  <\/p>","protected":false},"excerpt":{"rendered":"<p>Damavand-Karte 1:50&#8217;000 \/ Mt. Damavand &#8211; Kuh-e-Dam\u0101vand 1:50.000 Mit 5.671 m ist der Damavand nicht nur der h\u00f6chste Berg Irans, sondern des gesamten Mittleren Ostens. Diese Faltkarte im Ma\u00dfstab 1:50.000 \u00fcbertrifft an Genauigkeit und Aussagekraft alle bisherigen Karten \u00fcber das Gebiet und erm\u00f6glicht es damit jedem, Trekkingtouren im Gebiet des Damavand zu planen. Landkarte 1:50.000, [&#8230;]\n","protected":false},"featured_media":37890,"template":"","meta":[],"product_brand":[],"product_cat":[21543],"product_tag":[],"class_list":{"0":"post-153954","1":"product","2":"type-product","3":"status-publish","4":"has-post-thumbnail","6":"product_cat-landkarten","7":"pa_autor-kostka","8":"pa_erscheinungsjahr-22242","9":"pa_region-asien","10":"pa_sprache-en-farsi","12":"first","13":"instock","14":"taxable","15":"shipping-taxable","16":"purchasable","17":"product-type-simple"},"_links":{"self":[{"href":"https:\/\/pizbube.ch\/en\/wp-json\/wp\/v2\/product\/153954","targetHints":{"allow":["GET"]}}],"collection":[{"href":"https:\/\/pizbube.ch\/en\/wp-json\/wp\/v2\/product"}],"about":[{"href":"https:\/\/pizbube.ch\/en\/wp-json\/wp\/v2\/types\/product"}],"wp:featuredmedia":[{"embeddable":true,"href":"https:\/\/pizbube.ch\/en\/wp-json\/wp\/v2\/media\/37890"}],"wp:attachment":[{"href":"https:\/\/pizbube.ch\/en\/wp-json\/wp\/v2\/media?parent=153954"}],"wp:term":[{"taxonomy":"product_brand","embeddable":true,"href":"https:\/\/pizbube.ch\/en\/wp-json\/wp\/v2\/product_brand?post=153954"},{"taxonomy":"product_cat","embeddable":true,"href":"https:\/\/pizbube.ch\/en\/wp-json\/wp\/v2\/product_cat?post=153954"},{"taxonomy":"product_tag","embeddable":true,"href":"https:\/\/pizbube.ch\/en\/wp-json\/wp\/v2\/product_tag?post=153954"}],"curies":[{"name":"wp","href":"https:\/\/api.w.org\/{rel}","templated":true}]}}