{"id":153956,"date":"2021-01-15T12:54:54","date_gmt":"2021-01-15T12:54:54","guid":{"rendered":"https:\/\/codengine3.ch\/?product=import-placeholder-for-207768"},"modified":"2021-01-15T16:58:23","modified_gmt":"2021-01-15T16:58:23","slug":"vom-berggefallen","status":"publish","type":"product","link":"https:\/\/pizbube.ch\/en\/shop\/vom-berggefallen\/","title":{"rendered":"Vom BergGefallen"},"content":{"rendered":"<p>\u201eIch dachte. Und schon war es wieder vorbei mit dem Denken. Dass man doch<br \/>\neigentlich k\u00f6nnte, dachte ich.\u201c<\/p>\n<p>Was Harald Wei\u00df denkt, das schreibt er. Er ist ein scharfer Analyst seiner<br \/>\nselbst und seines Tuns. Das inhaltlich Bittere h\u00fcllt er in sprachliche S\u00fc\u00dfe:<br \/>\ndem Genuss beim Lesen folgt beim Verdauen ein Grummeln im Bauch.<\/p>\n<p>Aus eigenen Erfahrungen und Gedanken gestaltet er Erz\u00e4hlungen \u00fcber das<br \/>\nMenschsein. Sein Mensch begibt sich in die gef\u00e4hrliche Welt der Berge und<br \/>\nkommt darin um.<\/p>","protected":false},"excerpt":{"rendered":"<ul>\n<li><a href=\"https:\/\/pizbube.ch\/wp-content\/uploads\/attachments\/a_026\/A72CFDC8C6B296B07C66F6ED779982EC.pdf\" target=\"_blank\" rel=\"noopener\">PDF: Leseprobe_VomBergGefallen.pdf<\/a><\/li>\n<\/ul>","protected":false},"featured_media":38393,"template":"","meta":[],"product_brand":[],"product_cat":[21629],"product_tag":[],"class_list":{"0":"post-153956","1":"product","2":"type-product","3":"status-publish","4":"has-post-thumbnail","6":"product_cat-belletristik","7":"pa_autor-weiss","8":"pa_erscheinungsjahr-21574","9":"pa_region-deutschland","10":"pa_sprache-de","12":"first","13":"instock","14":"taxable","15":"shipping-taxable","16":"purchasable","17":"product-type-simple"},"_links":{"self":[{"href":"https:\/\/pizbube.ch\/en\/wp-json\/wp\/v2\/product\/153956","targetHints":{"allow":["GET"]}}],"collection":[{"href":"https:\/\/pizbube.ch\/en\/wp-json\/wp\/v2\/product"}],"about":[{"href":"https:\/\/pizbube.ch\/en\/wp-json\/wp\/v2\/types\/product"}],"wp:featuredmedia":[{"embeddable":true,"href":"https:\/\/pizbube.ch\/en\/wp-json\/wp\/v2\/media\/38393"}],"wp:attachment":[{"href":"https:\/\/pizbube.ch\/en\/wp-json\/wp\/v2\/media?parent=153956"}],"wp:term":[{"taxonomy":"product_brand","embeddable":true,"href":"https:\/\/pizbube.ch\/en\/wp-json\/wp\/v2\/product_brand?post=153956"},{"taxonomy":"product_cat","embeddable":true,"href":"https:\/\/pizbube.ch\/en\/wp-json\/wp\/v2\/product_cat?post=153956"},{"taxonomy":"product_tag","embeddable":true,"href":"https:\/\/pizbube.ch\/en\/wp-json\/wp\/v2\/product_tag?post=153956"}],"curies":[{"name":"wp","href":"https:\/\/api.w.org\/{rel}","templated":true}]}}