{"id":153958,"date":"2021-01-15T12:54:54","date_gmt":"2021-01-15T12:54:54","guid":{"rendered":"https:\/\/codengine3.ch\/?product=import-placeholder-for-203912"},"modified":"2021-01-15T14:27:49","modified_gmt":"2021-01-15T14:27:49","slug":"bulder-en-la-silla-dvd","status":"publish","type":"product","link":"https:\/\/pizbube.ch\/en\/shop\/bulder-en-la-silla-dvd\/","title":{"rendered":"B\u00falder en La Silla (DVD)"},"content":{"rendered":"<p>Aqu\u00ed tienes por primera vez los mejores bloques del El Escorial (Madrid). 45<br \/>\nminutos de im\u00e1genes in\u00e9ditas y espectaculares de La Silla de Felipe II con los<br \/>\nmejores &#171;silleros&#187; del momento y una banda sonora original a ritmo. Todo<br \/>\ntipo de bloques desde el V+ al 8a+ vistos desde la perspectiva del escalador.<br \/>\nJorge Tost, H\u00e9ctor del Campo, \u00d3scar Mart\u00ednez,&#8230;<br \/>\nDVD, 45 min.<\/p>","protected":false},"excerpt":{"rendered":"<p>Aqu\u00ed tienes por primera vez los mejores bloques del El Escorial (Madrid). 45 minutos de im\u00e1genes in\u00e9ditas y espectaculares de La Silla de Felipe II con los mejores &#171;silleros&#187; del momento y una banda sonora original a ritmo. Todo tipo de bloques desde el V+ al 8a+ vistos desde la perspectiva del escalador. Jorge Tost, [&#8230;]\n","protected":false},"featured_media":31623,"template":"","meta":[],"product_brand":[],"product_cat":[21628],"product_tag":[],"class_list":{"0":"post-153958","1":"product","2":"type-product","3":"status-publish","4":"has-post-thumbnail","6":"product_cat-video-dvd-multimedia","7":"pa_autor-barez","8":"pa_erscheinungsjahr-21776","9":"pa_region-spanien","10":"pa_sprache-sp","12":"first","13":"instock","14":"taxable","15":"shipping-taxable","16":"purchasable","17":"product-type-simple"},"_links":{"self":[{"href":"https:\/\/pizbube.ch\/en\/wp-json\/wp\/v2\/product\/153958","targetHints":{"allow":["GET"]}}],"collection":[{"href":"https:\/\/pizbube.ch\/en\/wp-json\/wp\/v2\/product"}],"about":[{"href":"https:\/\/pizbube.ch\/en\/wp-json\/wp\/v2\/types\/product"}],"wp:featuredmedia":[{"embeddable":true,"href":"https:\/\/pizbube.ch\/en\/wp-json\/wp\/v2\/media\/31623"}],"wp:attachment":[{"href":"https:\/\/pizbube.ch\/en\/wp-json\/wp\/v2\/media?parent=153958"}],"wp:term":[{"taxonomy":"product_brand","embeddable":true,"href":"https:\/\/pizbube.ch\/en\/wp-json\/wp\/v2\/product_brand?post=153958"},{"taxonomy":"product_cat","embeddable":true,"href":"https:\/\/pizbube.ch\/en\/wp-json\/wp\/v2\/product_cat?post=153958"},{"taxonomy":"product_tag","embeddable":true,"href":"https:\/\/pizbube.ch\/en\/wp-json\/wp\/v2\/product_tag?post=153958"}],"curies":[{"name":"wp","href":"https:\/\/api.w.org\/{rel}","templated":true}]}}