{"id":153959,"date":"2021-01-15T12:54:54","date_gmt":"2021-01-15T12:54:54","guid":{"rendered":"https:\/\/codengine3.ch\/?product=import-placeholder-for-205533"},"modified":"2021-01-15T14:41:59","modified_gmt":"2021-01-15T14:41:59","slug":"best-of-2006-dvd","status":"publish","type":"product","link":"https:\/\/pizbube.ch\/en\/shop\/best-of-2006-dvd\/","title":{"rendered":"Best of 2006 DVD"},"content":{"rendered":"<p>&#8211; Gr\u00e8ce, \u00cele de Kalymnos, Petzl Roc Trip Fest 2006 &#8211; Dur\u00e9e: 20mn<br \/>\n&#8211; Chris Sharma le grimpeur le plus embl\u00e9matique de ces derni\u00e8res ann\u00e9es,<br \/>\ns&#8217;est offert en d\u00e9cembre 2006 l&#8217;enchainement de &#8218;La Rambla&#8216;, une des voies les<br \/>\nplus dures du monde.<br \/>\n&#8211; Sylvain Millet et Laurent Triay se sont motiv\u00e9s pour r\u00e9aliser<br \/>\nl&#8217;enchainement int\u00e9gral en libre d&#8217;une des voies les plus soutenues du Verdon:<br \/>\n&#8218;Ultime D\u00e9mence&#8216;<br \/>\n&#8211; un trip \u00e0 Mallorca en compagnie de Chris Sharma; on le voie \u00e0 l&#8217;ouverture<br \/>\nd&#8217;une nouvelle voie en 8b \u00e0 cala sa nau, \u00e0 fond!<br \/>\nOn y voie aussi Enrico Tapavicza, pris par l&#8217;incroyable ambiance de la grotte<br \/>\nde &#8218;El diablo&#8216;, jouant sans corde \u00e0 20 m\u00e8tres des vagues et des m\u00e9duses, et<br \/>\navec pour seule issue la fuite en avant!<br \/>\n&#8211; Une petite s\u00e9quence sans pr\u00e9tentions, qui nous plonge dans l&#8217;univers<br \/>\nconvivial des bloqueurs espagnols. On y voit aussi Leila, l&#8217;amie de Dave<br \/>\nGraham qui \u00e0 bien les watts&#8230; Albaracin c&#8217;est le paradis espagnol du bloc!<br \/>\nDVD toutes zones, 80 mins.<\/p>","protected":false},"excerpt":{"rendered":"<p>&#8211; Gr\u00e8ce, \u00cele de Kalymnos, Petzl Roc Trip Fest 2006 &#8211; Dur\u00e9e: 20mn &#8211; Chris Sharma le grimpeur le plus embl\u00e9matique de ces derni\u00e8res ann\u00e9es, s&#8217;est offert en d\u00e9cembre 2006 l&#8217;enchainement de &#8218;La Rambla&#8216;, une des voies les plus dures du monde. &#8211; Sylvain Millet et Laurent Triay se sont motiv\u00e9s pour r\u00e9aliser l&#8217;enchainement int\u00e9gral [&#8230;]\n","protected":false},"featured_media":34270,"template":"","meta":[],"product_brand":[],"product_cat":[21628],"product_tag":[],"class_list":{"0":"post-153959","1":"product","2":"type-product","3":"status-publish","4":"has-post-thumbnail","6":"product_cat-video-dvd-multimedia","7":"pa_autor-triay","8":"pa_erscheinungsjahr-21842","9":"pa_region-frankreich","10":"pa_sprache-fr","12":"first","13":"outofstock","14":"taxable","15":"shipping-taxable","16":"purchasable","17":"product-type-simple"},"_links":{"self":[{"href":"https:\/\/pizbube.ch\/en\/wp-json\/wp\/v2\/product\/153959","targetHints":{"allow":["GET"]}}],"collection":[{"href":"https:\/\/pizbube.ch\/en\/wp-json\/wp\/v2\/product"}],"about":[{"href":"https:\/\/pizbube.ch\/en\/wp-json\/wp\/v2\/types\/product"}],"wp:featuredmedia":[{"embeddable":true,"href":"https:\/\/pizbube.ch\/en\/wp-json\/wp\/v2\/media\/34270"}],"wp:attachment":[{"href":"https:\/\/pizbube.ch\/en\/wp-json\/wp\/v2\/media?parent=153959"}],"wp:term":[{"taxonomy":"product_brand","embeddable":true,"href":"https:\/\/pizbube.ch\/en\/wp-json\/wp\/v2\/product_brand?post=153959"},{"taxonomy":"product_cat","embeddable":true,"href":"https:\/\/pizbube.ch\/en\/wp-json\/wp\/v2\/product_cat?post=153959"},{"taxonomy":"product_tag","embeddable":true,"href":"https:\/\/pizbube.ch\/en\/wp-json\/wp\/v2\/product_tag?post=153959"}],"curies":[{"name":"wp","href":"https:\/\/api.w.org\/{rel}","templated":true}]}}