{"id":153960,"date":"2021-01-15T12:55:00","date_gmt":"2021-01-15T12:55:00","guid":{"rendered":"https:\/\/codengine3.ch\/?product=import-placeholder-for-204623"},"modified":"2021-06-01T11:39:49","modified_gmt":"2021-06-01T09:39:49","slug":"tauferer-ahrntal-mit-pfunderer-bergen","status":"publish","type":"product","link":"https:\/\/pizbube.ch\/en\/shop\/tauferer-ahrntal-mit-pfunderer-bergen\/","title":{"rendered":"Tauferer Ahrntal mit Pfunderer Bergen"},"content":{"rendered":"<p>In der Wanderregion um das Tauferer Ahrntal zeigt sich S\u00fcdtirol von einer<br \/>\nbesonders sympathischen Seite. Vielf\u00e4ltig sind die Landschaftsformen zwischen<br \/>\ndem vergletscherten Zillertaler Hauptkamm und dem waldreichen Pustertal, \u00fcber<br \/>\nden T\u00e4lern liegt bereits ein leiser Hauch des nahen S\u00fcdens, und von den<br \/>\nmeisten Gipfeln sind die vielgezackten Dolomiten ein faszinierender Blickfang.<\/p>\n<p>Die stille \u00bbR\u00fcckseite\u00ab der Zillertaler Alpen will mit dem Rother Wanderf\u00fchrer<br \/>\n\u00bbTauferer Ahrntal mit Pfunderer Bergen\u00ab entdeckt und erwandert werden. Autor<br \/>\nEugen H\u00fcsler hat abwechslungsreiche Wanderungen zwischen Pustertal und<br \/>\nZillertaler Hauptkamm zusammengestellt. Die Auswahl reicht dabei von<br \/>\nausgedehnten Panoramaspazierg\u00e4ngen mit herrlichen Ausblicken auf die Dolomiten<br \/>\nbis zu anspruchsvollere Touren auf stattliche Dreitausender. Auch die<br \/>\nH\u00f6henwege in dieser Region sind sehr reizvoll.<\/p>\n<p>Die Touren werden mit detaillierten Wegbeschreibungen, aussagekr\u00e4ftigen<br \/>\nH\u00f6henprofilen und Kartenausschnitte mit eingezeichnetem Routenverlauf<br \/>\nvorgestellt.<\/p>\n<p>F\u00fcr die f\u00fcnfte Auflage wurde der Rother Wanderf\u00fchrer \u00bbTauferer Ahrntal\u00ab<br \/>\nsorgf\u00e4ltig aktualisiert. F\u00fcr alle Touren stehen zudem GPS-Daten zum Download<br \/>\nbereit.<\/p>\n<p>6. aktual. Auflage 2020, 152 Seiten mit 83 Farbabbildungen;<br \/>\n50 Wanderk\u00e4rtchen im Ma\u00dfstab 1:50.000, 50 H\u00f6henprofile, eine \u00dcbersichtskarte<br \/>\n1:275.000<\/p>","protected":false},"excerpt":{"rendered":"<ul>\n<li><a href=\"https:\/\/pizbube.ch\/wp-content\/uploads\/attachments\/a_015\/575729EBC4F46D9FEB5AE6031858F58E.pdf\" target=\"_blank\" rel=\"noopener\">PDF: Inhalt_Tauferer_Ahrntal.pdf<\/a><\/li>\n<\/ul>","protected":false},"featured_media":32822,"template":"","meta":[],"product_brand":[],"product_cat":[21605],"product_tag":[],"class_list":{"0":"post-153960","1":"product","2":"type-product","3":"status-publish","4":"has-post-thumbnail","6":"product_cat-wanderfuehrer-trekking","7":"pa_autor-huesler","8":"pa_erscheinungsjahr-21558","9":"pa_region-italien","10":"pa_sprache-de","12":"first","13":"instock","14":"taxable","15":"shipping-taxable","16":"purchasable","17":"product-type-simple"},"_links":{"self":[{"href":"https:\/\/pizbube.ch\/en\/wp-json\/wp\/v2\/product\/153960","targetHints":{"allow":["GET"]}}],"collection":[{"href":"https:\/\/pizbube.ch\/en\/wp-json\/wp\/v2\/product"}],"about":[{"href":"https:\/\/pizbube.ch\/en\/wp-json\/wp\/v2\/types\/product"}],"wp:featuredmedia":[{"embeddable":true,"href":"https:\/\/pizbube.ch\/en\/wp-json\/wp\/v2\/media\/32822"}],"wp:attachment":[{"href":"https:\/\/pizbube.ch\/en\/wp-json\/wp\/v2\/media?parent=153960"}],"wp:term":[{"taxonomy":"product_brand","embeddable":true,"href":"https:\/\/pizbube.ch\/en\/wp-json\/wp\/v2\/product_brand?post=153960"},{"taxonomy":"product_cat","embeddable":true,"href":"https:\/\/pizbube.ch\/en\/wp-json\/wp\/v2\/product_cat?post=153960"},{"taxonomy":"product_tag","embeddable":true,"href":"https:\/\/pizbube.ch\/en\/wp-json\/wp\/v2\/product_tag?post=153960"}],"curies":[{"name":"wp","href":"https:\/\/api.w.org\/{rel}","templated":true}]}}