{"id":153961,"date":"2021-01-15T12:55:00","date_gmt":"2021-01-15T12:55:00","guid":{"rendered":"https:\/\/codengine3.ch\/?product=import-placeholder-for-204646"},"modified":"2021-01-15T14:35:09","modified_gmt":"2021-01-15T14:35:09","slug":"antholz-gsies-naturpark-rieserferner-hochpustertal-dolomiten","status":"publish","type":"product","link":"https:\/\/pizbube.ch\/en\/shop\/antholz-gsies-naturpark-rieserferner-hochpustertal-dolomiten\/","title":{"rendered":"Antholz-Gsies Naturpark Rieserferner, Hochpustertal, Dolomiten"},"content":{"rendered":"<p>\n60 ausgew\u00e4hlte Wanderungen und Bergtouren zwischen Hochgall und Drei Zinnen<\/p>\n<p>In dem handlichen Wanderf\u00fchrer beschreibt Gerhard Hirtlreiter 60 Halbtages-<br \/>\nund Tagestouren sowie einige Mehrtagestouren. Das Spektrum reicht dabei von<br \/>\ngem\u00fctlichen, familiengerechten Tal-, Alm- und H\u00fcttenwanderungen bis zu<br \/>\nknackigen Bergtouren auf \u00fcber dreitausend Meter hohe Gipfelziele. Alle Touren<br \/>\nsind gro\u00dfz\u00fcgig mit Farbbildern, detaillierten Kartenausschnitten im Ma\u00dfstab<br \/>\n1:50.000 und 1:75.000 sowie aussagekr\u00e4ftigen H\u00f6henprofilen illustriert.<\/p>\n<p>Antholz \u2013 welch klingender Begriff f\u00fcr die st\u00e4ndig wachsende Gemeinde der<br \/>\nBiathlon-Freunde! Als Wettkampfort, an dem jedes Jahr der Weltcupzirkus<br \/>\nStation macht, ist Antholz auch \u00fcber die Sportmedien hinaus in der<br \/>\n\u00d6ffentlichkeit pr\u00e4sent. Doch wer wei\u00df schon genau wo Antholz \u2013 also das<br \/>\nAntholzer Tal \u2013 liegt?<\/p>\n<p>Unter Wander- und Bergfreunden wird die Region im Osten S\u00fcdtirols (noch!) als<br \/>\nGeheimtipp gehandelt. Und das, obwohl dort schon immer eine landschaftliche<br \/>\nVielfalt lockt, die seinesgleichen sucht: auf der einen Seite, rund um den<br \/>\nmajest\u00e4tischen Hochgall, der \u00fcber dreitausend Meter aufragende, von<br \/>\nspektakul\u00e4ren Gletschern verzierte Naturpark Rieserferner, auf der anderen<br \/>\nSeite die gr\u00fcnen Almlandschaften um das benachbarte Gsieser Tal \u2013 und direkt<br \/>\ngegen\u00fcber, s\u00fcdlich des Hochpustertals, die j\u00e4h ins Himmelsblau spitzenden<br \/>\nFelszinnen der Sextener und Pragser Dolomiten. Auch f\u00fcr dieses Gebiet finden<br \/>\nsich Tourenvorschl\u00e4ge in dem Buch, so z. B. die gro\u00dfartige Runde um die Drei<br \/>\nZinnen. Im S\u00fcdosten der Region ragt auch der Karnische Hauptkamm in die<br \/>\nvorgestellte Region. Dort, wie auch um den Staller Sattel verlaufen einige<br \/>\nRouten auch \u00fcber benachbarte Areale Osttirols \u2013 sch\u00f6n, dass die Grenze<br \/>\nzwischen Italien und \u00d6sterreich hier praktisch keine Rolle mehr spielt!<\/p>","protected":false},"excerpt":{"rendered":"<ul>\n<li><a href=\"https:\/\/pizbube.ch\/wp-content\/uploads\/attachments\/a_015\/58F6132DB715F3EDD54DB4096254CFBD.pdf\" target=\"_blank\" rel=\"noopener\">PDF: antholzer_gsies_inhalt.pdf<\/a><\/li>\n<\/ul>","protected":false},"featured_media":32890,"template":"","meta":[],"product_brand":[],"product_cat":[21605],"product_tag":[],"class_list":{"0":"post-153961","1":"product","2":"type-product","3":"status-publish","4":"has-post-thumbnail","6":"product_cat-wanderfuehrer-trekking","7":"pa_autor-hirtlreiter","8":"pa_erscheinungsjahr-21568","9":"pa_region-italien","10":"pa_sprache-de","12":"first","13":"instock","14":"taxable","15":"shipping-taxable","16":"purchasable","17":"product-type-simple"},"_links":{"self":[{"href":"https:\/\/pizbube.ch\/en\/wp-json\/wp\/v2\/product\/153961","targetHints":{"allow":["GET"]}}],"collection":[{"href":"https:\/\/pizbube.ch\/en\/wp-json\/wp\/v2\/product"}],"about":[{"href":"https:\/\/pizbube.ch\/en\/wp-json\/wp\/v2\/types\/product"}],"wp:featuredmedia":[{"embeddable":true,"href":"https:\/\/pizbube.ch\/en\/wp-json\/wp\/v2\/media\/32890"}],"wp:attachment":[{"href":"https:\/\/pizbube.ch\/en\/wp-json\/wp\/v2\/media?parent=153961"}],"wp:term":[{"taxonomy":"product_brand","embeddable":true,"href":"https:\/\/pizbube.ch\/en\/wp-json\/wp\/v2\/product_brand?post=153961"},{"taxonomy":"product_cat","embeddable":true,"href":"https:\/\/pizbube.ch\/en\/wp-json\/wp\/v2\/product_cat?post=153961"},{"taxonomy":"product_tag","embeddable":true,"href":"https:\/\/pizbube.ch\/en\/wp-json\/wp\/v2\/product_tag?post=153961"}],"curies":[{"name":"wp","href":"https:\/\/api.w.org\/{rel}","templated":true}]}}