{"id":153964,"date":"2021-01-15T12:55:01","date_gmt":"2021-01-15T12:55:01","guid":{"rendered":"https:\/\/codengine3.ch\/?product=import-placeholder-for-203739"},"modified":"2021-01-15T14:26:09","modified_gmt":"2021-01-15T14:26:09","slug":"animaux-des-alpes-2","status":"publish","type":"product","link":"https:\/\/pizbube.ch\/en\/shop\/animaux-des-alpes-2\/","title":{"rendered":"Animaux des Alpes"},"content":{"rendered":"<p>Guide des vert\u00e9br\u00e9s: Tout ce que vous avez toujours voulu savoir sur les<br \/>\nanimaux des Alpes! Avec des textes aussi pr\u00e9cis que clairs pour chacun, de<br \/>\nJacques Gilli\u00e9ron et de splendides photos de Claude Morerod. 300 esp\u00e8ces, 215<br \/>\nphotographies.<\/p>","protected":false},"excerpt":{"rendered":"<p>Guide des vert\u00e9br\u00e9s: Tout ce que vous avez toujours voulu savoir sur les animaux des Alpes! Avec des textes aussi pr\u00e9cis que clairs pour chacun, de Jacques Gilli\u00e9ron et de splendides photos de Claude Morerod. 300 esp\u00e8ces, 215 photographies.<\/p>","protected":false},"featured_media":31410,"template":"","meta":[],"product_brand":[],"product_cat":[21538],"product_tag":[],"class_list":{"0":"post-153964","1":"product","2":"type-product","3":"status-publish","4":"has-post-thumbnail","6":"product_cat-lehrbuecher","7":"pa_autor-gillieron-morerod","8":"pa_erscheinungsjahr-21776","9":"pa_region-fauna-flora-geologie-glaziologie","10":"pa_sprache-fr","12":"first","13":"instock","14":"taxable","15":"shipping-taxable","16":"purchasable","17":"product-type-simple"},"_links":{"self":[{"href":"https:\/\/pizbube.ch\/en\/wp-json\/wp\/v2\/product\/153964","targetHints":{"allow":["GET"]}}],"collection":[{"href":"https:\/\/pizbube.ch\/en\/wp-json\/wp\/v2\/product"}],"about":[{"href":"https:\/\/pizbube.ch\/en\/wp-json\/wp\/v2\/types\/product"}],"wp:featuredmedia":[{"embeddable":true,"href":"https:\/\/pizbube.ch\/en\/wp-json\/wp\/v2\/media\/31410"}],"wp:attachment":[{"href":"https:\/\/pizbube.ch\/en\/wp-json\/wp\/v2\/media?parent=153964"}],"wp:term":[{"taxonomy":"product_brand","embeddable":true,"href":"https:\/\/pizbube.ch\/en\/wp-json\/wp\/v2\/product_brand?post=153964"},{"taxonomy":"product_cat","embeddable":true,"href":"https:\/\/pizbube.ch\/en\/wp-json\/wp\/v2\/product_cat?post=153964"},{"taxonomy":"product_tag","embeddable":true,"href":"https:\/\/pizbube.ch\/en\/wp-json\/wp\/v2\/product_tag?post=153964"}],"curies":[{"name":"wp","href":"https:\/\/api.w.org\/{rel}","templated":true}]}}