{"id":153965,"date":"2021-01-15T12:55:02","date_gmt":"2021-01-15T12:55:02","guid":{"rendered":"https:\/\/codengine3.ch\/?product=import-placeholder-for-207228"},"modified":"2023-04-21T12:54:37","modified_gmt":"2023-04-21T10:54:37","slug":"esqui-libre-parte-ii-de-gavarnie-a-benasque","status":"publish","type":"product","link":"https:\/\/pizbube.ch\/en\/shop\/esqui-libre-parte-ii-de-gavarnie-a-benasque\/","title":{"rendered":"Esqu\u00ed libre parte II De Gavarnie a Benasque"},"content":{"rendered":"<p>Segunda entrega de la colecci\u00f3n Esqu\u00ed libre, con una recopilaci\u00f3n de los<br \/>\nmejores recorridos de esqu\u00ed de monta\u00f1a y freeride del Pirineo. En este tomo<br \/>\nhacemos un viaje imaginario exhaustivo entre dos iconos del pirine\u00edsmo:<br \/>\nGavarnie y Benasque. El resultado: 36 \u00e1reas rastreadas a fondo y casi 100<br \/>\nrecorridos de todas las dificultades.<\/p>\n<p>El libro tiene el mismo formato que el primero, con muchas fotos y las rutas<br \/>\ndibujadas sobre foto o mapa. Rutas variadas, con planes para todo tipo de<br \/>\nesquiador y para cualquier tipo de condiciones.<\/p>","protected":false},"excerpt":{"rendered":"<p>Segunda entrega de la colecci\u00f3n Esqu\u00ed libre, con una recopilaci\u00f3n de los mejores recorridos de esqu\u00ed de monta\u00f1a y freeride del Pirineo. En este tomo hacemos un viaje imaginario exhaustivo entre dos iconos del pirine\u00edsmo: Gavarnie y Benasque. El resultado: 36 \u00e1reas rastreadas a fondo y casi 100 recorridos de todas las dificultades. El libro [&#8230;]\n","protected":false},"featured_media":36873,"template":"","meta":[],"product_brand":[],"product_cat":[21540],"product_tag":[],"class_list":{"0":"post-153965","1":"product","2":"type-product","3":"status-publish","4":"has-post-thumbnail","6":"product_cat-fuehrerliteratur-alpin-winter","7":"pa_autor-gonzalez","9":"first","10":"instock","11":"taxable","12":"shipping-taxable","13":"purchasable","14":"product-type-simple"},"_links":{"self":[{"href":"https:\/\/pizbube.ch\/en\/wp-json\/wp\/v2\/product\/153965","targetHints":{"allow":["GET"]}}],"collection":[{"href":"https:\/\/pizbube.ch\/en\/wp-json\/wp\/v2\/product"}],"about":[{"href":"https:\/\/pizbube.ch\/en\/wp-json\/wp\/v2\/types\/product"}],"wp:featuredmedia":[{"embeddable":true,"href":"https:\/\/pizbube.ch\/en\/wp-json\/wp\/v2\/media\/36873"}],"wp:attachment":[{"href":"https:\/\/pizbube.ch\/en\/wp-json\/wp\/v2\/media?parent=153965"}],"wp:term":[{"taxonomy":"product_brand","embeddable":true,"href":"https:\/\/pizbube.ch\/en\/wp-json\/wp\/v2\/product_brand?post=153965"},{"taxonomy":"product_cat","embeddable":true,"href":"https:\/\/pizbube.ch\/en\/wp-json\/wp\/v2\/product_cat?post=153965"},{"taxonomy":"product_tag","embeddable":true,"href":"https:\/\/pizbube.ch\/en\/wp-json\/wp\/v2\/product_tag?post=153965"}],"curies":[{"name":"wp","href":"https:\/\/api.w.org\/{rel}","templated":true}]}}