{"id":153966,"date":"2021-01-15T12:55:02","date_gmt":"2021-01-15T12:55:02","guid":{"rendered":"https:\/\/codengine3.ch\/?product=import-placeholder-for-207535"},"modified":"2021-01-15T16:04:20","modified_gmt":"2021-01-15T16:04:20","slug":"a-la-verticale-de-soi","status":"publish","type":"product","link":"https:\/\/pizbube.ch\/en\/shop\/a-la-verticale-de-soi\/","title":{"rendered":"\u00c0 la Verticale de soi"},"content":{"rendered":"<p>St\u00e9phanie Bodet<\/p>\n<p>Rien ne pr\u00e9disposait une petite fille asthmatique a devenir l&#8217;une des<br \/>\nmeilleures grimpeuses du monde. Pourtant, St\u00e9phanie Bodet l&#8217;a fait. Elle<br \/>\nparcourt depuis plus de vingt ans les parois du monde avec son compagnon<br \/>\nArnaud Petit. Gr\u00e2ce \u00e0 l&#8217;\u00e9criture, elle r\u00e9concilie son go\u00fbt de l&#8217;action et de<br \/>\nla contemplation.<\/p>\n<p>Dans le sac \u00e0 dos de St\u00e9phanie, il y a des cailloux et des mots, des fleurs et<br \/>\ndes oiseaux, une soif d\u00e9mesur\u00e9e de l&#8217;essentiel et un amour fertile qui l&#8217;unit<br \/>\n\u00e0 Arnaud. La corde entre eux ne signe aucune entrave. Synonyme de libert\u00e9 et<br \/>\nde confiance, elle leur permet de fl\u00e2ner \u00e0 l&#8217;aise, comme l\u00e9zards et papillons,<br \/>\ndans ces lieux vertigineux qu&#8217;ils aiment.<\/p>\n<p>Depuis plus de vingt ans, ils ouvrent ensemble de nouvelles voies sur les<br \/>\nparois du monde car ouvrir, c&#8217;est cr\u00e9er et c&#8217;est partager. C&#8217;est aussi<br \/>\nd\u00e9couvrir en soi de nouvelles possibilit\u00e9s et vivre une vie plus haute, plus<br \/>\nd\u00e9pouill\u00e9e. Plus qu&#8217;un terrain de jeux, les parois sont pour St\u00e9phanie un<br \/>\nterritoire de connaissance, de reconnaissance. Se fondre dans la nature, ne<br \/>\nfaire qu&#8217;un avec l&#8217;hirondelle ou le pin funambule, pour \u00e9prouver sa nature<br \/>\nv\u00e9ritable. La grimpeuse vit l&#8217;ascension comme comme un acte po\u00e9tique, une voie<br \/>\nd&#8217;intr\u00e9pidit\u00e9 et de sagesse.<br \/>\nPR\u00c9FACE DE SYLVAIN TESSON<\/p>","protected":false},"excerpt":{"rendered":"<p>St\u00e9phanie Bodet Rien ne pr\u00e9disposait une petite fille asthmatique a devenir l&#8217;une des meilleures grimpeuses du monde. Pourtant, St\u00e9phanie Bodet l&#8217;a fait. Elle parcourt depuis plus de vingt ans les parois du monde avec son compagnon Arnaud Petit. Gr\u00e2ce \u00e0 l&#8217;\u00e9criture, elle r\u00e9concilie son go\u00fbt de l&#8217;action et de la contemplation. Dans le sac \u00e0 [&#8230;]\n","protected":false},"featured_media":37743,"template":"","meta":[],"product_brand":[],"product_cat":[21542],"product_tag":[],"class_list":{"0":"post-153966","1":"product","2":"type-product","3":"status-publish","4":"has-post-thumbnail","6":"product_cat-sachbuecher-dokumentationen","7":"pa_autor-bodet","8":"pa_erscheinungsjahr-21571","9":"pa_region-frankreich","10":"pa_sprache-fr","12":"first","13":"instock","14":"taxable","15":"shipping-taxable","16":"purchasable","17":"product-type-simple"},"_links":{"self":[{"href":"https:\/\/pizbube.ch\/en\/wp-json\/wp\/v2\/product\/153966","targetHints":{"allow":["GET"]}}],"collection":[{"href":"https:\/\/pizbube.ch\/en\/wp-json\/wp\/v2\/product"}],"about":[{"href":"https:\/\/pizbube.ch\/en\/wp-json\/wp\/v2\/types\/product"}],"wp:featuredmedia":[{"embeddable":true,"href":"https:\/\/pizbube.ch\/en\/wp-json\/wp\/v2\/media\/37743"}],"wp:attachment":[{"href":"https:\/\/pizbube.ch\/en\/wp-json\/wp\/v2\/media?parent=153966"}],"wp:term":[{"taxonomy":"product_brand","embeddable":true,"href":"https:\/\/pizbube.ch\/en\/wp-json\/wp\/v2\/product_brand?post=153966"},{"taxonomy":"product_cat","embeddable":true,"href":"https:\/\/pizbube.ch\/en\/wp-json\/wp\/v2\/product_cat?post=153966"},{"taxonomy":"product_tag","embeddable":true,"href":"https:\/\/pizbube.ch\/en\/wp-json\/wp\/v2\/product_tag?post=153966"}],"curies":[{"name":"wp","href":"https:\/\/api.w.org\/{rel}","templated":true}]}}