{"id":153967,"date":"2021-01-15T12:55:02","date_gmt":"2021-01-15T12:55:02","guid":{"rendered":"https:\/\/codengine3.ch\/?product=import-placeholder-for-207446"},"modified":"2024-12-10T17:43:04","modified_gmt":"2024-12-10T16:43:04","slug":"erstbesteigung-des-uetlibergs-mit-sauerstoff","status":"publish","type":"product","link":"https:\/\/pizbube.ch\/en\/shop\/erstbesteigung-des-uetlibergs-mit-sauerstoff\/","title":{"rendered":"Erstbesteigung des \u00dcetlibergs mit Sauerstoff"},"content":{"rendered":"<p>Die kurioseste Besteigung aller Zeiten!<\/p>\n<p>25 Jahre nach Messners alpinistischer Sensation machten auch Suzanne E. Maier<br \/>\nund Thomas M. H\u00fcrzeler das Unm\u00f6gliche m\u00f6glich und bestiegen am 12. September<br \/>\n2003 den Uetliberg mit Sauerstoff. \u00abNur Warmduscher, Weicheier und<br \/>\nFestnetztelefonierer, konditionell zu schmalbr\u00fcstig, um eine z\u00fcnftige<br \/>\nSauerstoffanlage mitzuschleppen, gehen ohne in die Berge.\u00bb Sie bezwangen<br \/>\ndiesen Giganten der n\u00f6rdlichen Alpenausl\u00e4ufer vom Basislager in Dietlikon bis<br \/>\nzum Gipfel auf 848 Meter H\u00f6he in sieben Tagen mit Maske vor dem Gesicht,<br \/>\nbetraten Pfade, die kein Mensch vor ihnen mit Sauerstoffflasche betreten<br \/>\nhatte, und er\u00f6ffneten damit eine neue Dimension des Naturerlebnisses.<\/p>\n<p>Wie sich diese siebent\u00e4gige Erstbegehung des Uetlibergs mit Sauerstoff im<br \/>\nDetail zugetragen hat, wie die beiden von den Touristen komisch angeschaut<br \/>\nwurden, als sie in Kletterausr\u00fcstung und mit selbst gebastelten<br \/>\nSauerstoffmasken auf dem Gipfel ankamen, Maier die Fahne gen Himmel streckte<br \/>\nund H\u00fcrzeler fotografierte (kein Fake!), liest und schaut sich in diesem<br \/>\nExpeditionsbericht mit Bildern im Original, inklusive der Originalbriefe der<br \/>\nStadtbeh\u00f6rde und des Bergsportgesch\u00e4fts&#8230;<\/p>\n<p>Format A5<\/p>","protected":false},"excerpt":{"rendered":"<p>Die kurioseste Besteigung aller Zeiten! 25 Jahre nach Messners alpinistischer Sensation machten auch Suzanne E. Maier und Thomas M. H\u00fcrzeler das Unm\u00f6gliche m\u00f6glich und bestiegen am 12. September 2003 den Uetliberg mit Sauerstoff. \u00abNur Warmduscher, Weicheier und Festnetztelefonierer, konditionell zu schmalbr\u00fcstig, um eine z\u00fcnftige Sauerstoffanlage mitzuschleppen, gehen ohne in die Berge.\u00bb Sie bezwangen diesen Giganten [&#8230;]\n","protected":false},"featured_media":158075,"template":"","meta":[],"product_brand":[],"product_cat":[21629],"product_tag":[27103],"class_list":{"0":"post-153967","1":"product","2":"type-product","3":"status-publish","4":"has-post-thumbnail","6":"product_cat-belletristik","7":"product_tag-uetliberg","8":"pa_autor-maier-huerzeler","9":"pa_erscheinungsjahr-21568","10":"pa_region-schweiz","11":"pa_sprache-de","13":"first","14":"outofstock","15":"taxable","16":"shipping-taxable","17":"purchasable","18":"product-type-simple"},"_links":{"self":[{"href":"https:\/\/pizbube.ch\/en\/wp-json\/wp\/v2\/product\/153967","targetHints":{"allow":["GET"]}}],"collection":[{"href":"https:\/\/pizbube.ch\/en\/wp-json\/wp\/v2\/product"}],"about":[{"href":"https:\/\/pizbube.ch\/en\/wp-json\/wp\/v2\/types\/product"}],"wp:featuredmedia":[{"embeddable":true,"href":"https:\/\/pizbube.ch\/en\/wp-json\/wp\/v2\/media\/158075"}],"wp:attachment":[{"href":"https:\/\/pizbube.ch\/en\/wp-json\/wp\/v2\/media?parent=153967"}],"wp:term":[{"taxonomy":"product_brand","embeddable":true,"href":"https:\/\/pizbube.ch\/en\/wp-json\/wp\/v2\/product_brand?post=153967"},{"taxonomy":"product_cat","embeddable":true,"href":"https:\/\/pizbube.ch\/en\/wp-json\/wp\/v2\/product_cat?post=153967"},{"taxonomy":"product_tag","embeddable":true,"href":"https:\/\/pizbube.ch\/en\/wp-json\/wp\/v2\/product_tag?post=153967"}],"curies":[{"name":"wp","href":"https:\/\/api.w.org\/{rel}","templated":true}]}}