{"id":153969,"date":"2021-01-15T12:55:08","date_gmt":"2021-01-15T12:55:08","guid":{"rendered":"https:\/\/codengine3.ch\/?product=import-placeholder-for-204619"},"modified":"2022-11-01T10:52:29","modified_gmt":"2022-11-01T09:52:29","slug":"weisse-wolken-ueber-gelber-erde","status":"publish","type":"product","link":"https:\/\/pizbube.ch\/en\/shop\/weisse-wolken-ueber-gelber-erde\/","title":{"rendered":"Wei\u00dfe Wolken \u00fcber gelber Erde"},"content":{"rendered":"<p>Nach der ersten gro\u00dfen Reise alleine, die Herbert Tichy 1935\/36 mit dem<br \/>\nMotorrad nach Afghanistan, Indien, Nepal, Burma und zu seiner legend\u00e4ren<br \/>\nUmrundung des heiligen Bergs Kailash in Tibet als indischer Pilger verkleidet<br \/>\nf\u00fchrt, beschert ihm 1940 sein Ruf als \u201eAsienexperte\u201c die M\u00f6glichkeit, weg aus<br \/>\nEuropa zu kommen. Aus den geplanten sechs Monaten in Thailand werden, bedingt<br \/>\ndurch den Ausbruch des 2. Weltkriegs, sieben Jahre, die er vor allem in Peking<br \/>\nverbringt. Mit verschiedenen Arbeiten verdient er unregelm\u00e4\u00dfig Geld und<br \/>\nschreibt auch Berichte f\u00fcr deutsche Zeitungen, sowohl \u00fcber die Kultur aber<br \/>\nauch als Kriegsberichterstatter. Freilich bereist er das Land und die<br \/>\numliegenden L\u00e4nder ausgiebig und vor allem besch\u00e4ftigt er sich mit der<br \/>\nchinesischen Lebensweise, mit der Philosophie und eignet sich nicht nur selbst<br \/>\nasiatische Gelassenheit, sondern auch die chinesische Sprache so gut an, dass<br \/>\ner sogar in der Lage ist, Witze zu erz\u00e4hlen.<\/p>\n<p>Vieles, was f\u00fcr Herbert Tichys Lebensphilosophie sehr wichtig wurde, hat seine<br \/>\nGrundlage in den langen Gespr\u00e4chen mit den chinesischen Weisen \u2013 ob als Lama<br \/>\noder als Bettler. Peking ist f\u00fcr ihn \u201eder Wirklichkeit gewordene Traum eines<br \/>\ngottbegnadeten K\u00fcnstlers, der Natur, Stein und Holz, B\u00e4ume, Seen und Br\u00fccken,<br \/>\nstaubige Winkelg\u00e4sschen, zerfallene Tempel und armselige Bettler, breite<br \/>\nBoulevards, Pal\u00e4ste und sch\u00f6ne Chinesinnen zu einem harmonischen Ganzen<br \/>\nvereint.\u201c Der Krieg in Europa geht zu Ende, in China geht der B\u00fcrgerkrieg<br \/>\nweiter und Tichy sitzt weiter in China fest. 1948 gelangt er auf einem<br \/>\nholl\u00e4ndischen Frachter von Shanghai nach Genua zur\u00fcck nach Europa.<\/p>\n<p>1. Auflage 1948 Ullstein Verlag. Neuauflage 2013 mit Illustrationen von<br \/>\nHerwig Zens und einem Vorwort von Ursula Wolte.<br \/>\n400 Seiten, 44 Abb., Leinenhardcover, Schutzumschlag.<\/p>","protected":false},"excerpt":{"rendered":"<p>Nach der ersten gro\u00dfen Reise alleine, die Herbert Tichy 1935\/36 mit dem Motorrad nach Afghanistan, Indien, Nepal, Burma und zu seiner legend\u00e4ren Umrundung des heiligen Bergs Kailash in Tibet als indischer Pilger verkleidet f\u00fchrt, beschert ihm 1940 sein Ruf als \u201eAsienexperte\u201c die M\u00f6glichkeit, weg aus Europa zu kommen. Aus den geplanten sechs Monaten in Thailand [&#8230;]\n","protected":false},"featured_media":32816,"template":"","meta":[],"product_brand":[],"product_cat":[21542],"product_tag":[],"class_list":{"0":"post-153969","1":"product","2":"type-product","3":"status-publish","4":"has-post-thumbnail","6":"product_cat-sachbuecher-dokumentationen","7":"pa_autor-tichy","8":"pa_erscheinungsjahr-21568","9":"pa_region-asien","10":"pa_sprache-de","12":"first","13":"onbackorder","14":"taxable","15":"shipping-taxable","16":"purchasable","17":"product-type-simple"},"_links":{"self":[{"href":"https:\/\/pizbube.ch\/en\/wp-json\/wp\/v2\/product\/153969","targetHints":{"allow":["GET"]}}],"collection":[{"href":"https:\/\/pizbube.ch\/en\/wp-json\/wp\/v2\/product"}],"about":[{"href":"https:\/\/pizbube.ch\/en\/wp-json\/wp\/v2\/types\/product"}],"wp:featuredmedia":[{"embeddable":true,"href":"https:\/\/pizbube.ch\/en\/wp-json\/wp\/v2\/media\/32816"}],"wp:attachment":[{"href":"https:\/\/pizbube.ch\/en\/wp-json\/wp\/v2\/media?parent=153969"}],"wp:term":[{"taxonomy":"product_brand","embeddable":true,"href":"https:\/\/pizbube.ch\/en\/wp-json\/wp\/v2\/product_brand?post=153969"},{"taxonomy":"product_cat","embeddable":true,"href":"https:\/\/pizbube.ch\/en\/wp-json\/wp\/v2\/product_cat?post=153969"},{"taxonomy":"product_tag","embeddable":true,"href":"https:\/\/pizbube.ch\/en\/wp-json\/wp\/v2\/product_tag?post=153969"}],"curies":[{"name":"wp","href":"https:\/\/api.w.org\/{rel}","templated":true}]}}