{"id":153976,"date":"2021-01-15T12:55:11","date_gmt":"2021-01-15T12:55:11","guid":{"rendered":"https:\/\/codengine3.ch\/?product=import-placeholder-for-204943"},"modified":"2021-01-15T14:37:28","modified_gmt":"2021-01-15T14:37:28","slug":"grand-dictionnaire-dalpinisme-illustre","status":"publish","type":"product","link":"https:\/\/pizbube.ch\/en\/shop\/grand-dictionnaire-dalpinisme-illustre\/","title":{"rendered":"Grand dictionnaire d&#8217;alpinisme illustr\u00e9"},"content":{"rendered":"<p>Bient\u00f4t, on dira &#8218;Le Potard&#8216; comme on disait Le Larousse ou Le Robert.<br \/>\nLe &#8218;Potard&#8216; est un dictionnaire des termes d&#8217;alpinisme. Et m\u00eame un concentr\u00e9<br \/>\nde dictionnaires puisqu&#8217;il n&#8217;h\u00e9site pas, pour \u00eatre plus pr\u00e8s de la v\u00e9rit\u00e9, \u00e0<br \/>\npuiser dans tous les autres. L&#8217;alpiniste, s\u00e9rieux, \u00e0 la recherche du sens<br \/>\nv\u00e9ritable des choses, se prom\u00e8nera dans le dictionnaire de physique, de<br \/>\nphilosophie, le grand livre du cirque, de la prestidigitation, le livre des<br \/>\nnoeuds- et plongera m\u00eame, sans s&#8217;en apercevoir, un doigt dans le livre des<br \/>\nconfitures.  <\/p>\n<p>Exemples:<br \/>\nbivouac<br \/>\nR\u00e9union secr\u00e8te de personnes soup\u00e7onn\u00e9es de mauvais desseins.<br \/>\n&#8211; SYN. : conciliabule.  <\/p>\n<p>client<br \/>\nFigurine repr\u00e9sentant un \u00eatre humain, actionn\u00e9e \u00e0 la main par une personne<br \/>\ncach\u00e9e.<br \/>\n&#8211; SYN. : marionnette.  <\/p>","protected":false},"excerpt":{"rendered":"<p>Bient\u00f4t, on dira &#8218;Le Potard&#8216; comme on disait Le Larousse ou Le Robert. Le &#8218;Potard&#8216; est un dictionnaire des termes d&#8217;alpinisme. Et m\u00eame un concentr\u00e9 de dictionnaires puisqu&#8217;il n&#8217;h\u00e9site pas, pour \u00eatre plus pr\u00e8s de la v\u00e9rit\u00e9, \u00e0 puiser dans tous les autres. L&#8217;alpiniste, s\u00e9rieux, \u00e0 la recherche du sens v\u00e9ritable des choses, se prom\u00e8nera [&#8230;]\n","protected":false},"featured_media":33502,"template":"","meta":[],"product_brand":[],"product_cat":[21629],"product_tag":[],"class_list":{"0":"post-153976","1":"product","2":"type-product","3":"status-publish","4":"has-post-thumbnail","6":"product_cat-belletristik","7":"pa_autor-potard","8":"pa_erscheinungsjahr-21842","9":"pa_region-frankreich","10":"pa_sprache-fr","12":"first","13":"instock","14":"taxable","15":"shipping-taxable","16":"purchasable","17":"product-type-simple"},"_links":{"self":[{"href":"https:\/\/pizbube.ch\/en\/wp-json\/wp\/v2\/product\/153976","targetHints":{"allow":["GET"]}}],"collection":[{"href":"https:\/\/pizbube.ch\/en\/wp-json\/wp\/v2\/product"}],"about":[{"href":"https:\/\/pizbube.ch\/en\/wp-json\/wp\/v2\/types\/product"}],"wp:featuredmedia":[{"embeddable":true,"href":"https:\/\/pizbube.ch\/en\/wp-json\/wp\/v2\/media\/33502"}],"wp:attachment":[{"href":"https:\/\/pizbube.ch\/en\/wp-json\/wp\/v2\/media?parent=153976"}],"wp:term":[{"taxonomy":"product_brand","embeddable":true,"href":"https:\/\/pizbube.ch\/en\/wp-json\/wp\/v2\/product_brand?post=153976"},{"taxonomy":"product_cat","embeddable":true,"href":"https:\/\/pizbube.ch\/en\/wp-json\/wp\/v2\/product_cat?post=153976"},{"taxonomy":"product_tag","embeddable":true,"href":"https:\/\/pizbube.ch\/en\/wp-json\/wp\/v2\/product_tag?post=153976"}],"curies":[{"name":"wp","href":"https:\/\/api.w.org\/{rel}","templated":true}]}}