{"id":153979,"date":"2021-01-15T12:55:18","date_gmt":"2021-01-15T12:55:18","guid":{"rendered":"https:\/\/codengine3.ch\/?product=import-placeholder-for-206300"},"modified":"2021-01-15T14:47:56","modified_gmt":"2021-01-15T14:47:56","slug":"bregenzerwald-westallgaeu-150000","status":"publish","type":"product","link":"https:\/\/pizbube.ch\/en\/shop\/bregenzerwald-westallgaeu-150000\/","title":{"rendered":"Bregenzerwald, Westallg\u00e4u; 1:50&#8217;000"},"content":{"rendered":"<p>\nWandern, Rad, Skitouren, Blatt No. 2  <\/p>\n<p>5in1 Wanderkarte 1:50000 mit Aktiv Guide, Detailkarten und Panorama inklusive<br \/>\nKarte zur offline Verwendung in der KOMPASS-App. Fahrradfahren. Skitouren.<br \/>\nLanglaufen  <\/p>\n<p>GPS tauglich;<br \/>\nKOMPASS-Wanderkarten enthalten alles Wissenswerte f\u00fcr Wanderer wie aktuelle<br \/>\nWanderwege mit Markierungen, empfehlenswerte Radrouten und wichtige<br \/>\ntouristische Informationen.  <\/p>\n<p>Der topographische Inhalt wird bei aller Detailgenauigkeit leicht lesbar und<br \/>\nanschaulich dargestellt.  <\/p>\n<p>Ein \u00fcbersichtlich gestaltetes Beiheft mit zahlreichen Farbfotos informiert<br \/>\n\u00fcber Orte und Schutzh\u00fctten sowie empfehlenswerte Touren, Sehensw\u00fcrdigkeiten<br \/>\nund Freizeiteinrichtungen.  <\/p>","protected":false},"excerpt":{"rendered":"<p>Wandern, Rad, Skitouren, Blatt No. 2 5in1 Wanderkarte 1:50000 mit Aktiv Guide, Detailkarten und Panorama inklusive Karte zur offline Verwendung in der KOMPASS-App. Fahrradfahren. Skitouren. Langlaufen GPS tauglich; KOMPASS-Wanderkarten enthalten alles Wissenswerte f\u00fcr Wanderer wie aktuelle Wanderwege mit Markierungen, empfehlenswerte Radrouten und wichtige touristische Informationen. Der topographische Inhalt wird bei aller Detailgenauigkeit leicht lesbar und [&#8230;]\n","protected":false},"featured_media":27499,"template":"","meta":[],"product_brand":[],"product_cat":[21543],"product_tag":[],"class_list":{"0":"post-153979","1":"product","2":"type-product","3":"status-publish","4":"has-post-thumbnail","6":"product_cat-landkarten","7":"pa_autor-kompass","8":"pa_erscheinungsjahr-21586","9":"pa_region-oesterreich","10":"pa_sprache-de","12":"first","13":"instock","14":"taxable","15":"shipping-taxable","16":"purchasable","17":"product-type-simple"},"_links":{"self":[{"href":"https:\/\/pizbube.ch\/en\/wp-json\/wp\/v2\/product\/153979","targetHints":{"allow":["GET"]}}],"collection":[{"href":"https:\/\/pizbube.ch\/en\/wp-json\/wp\/v2\/product"}],"about":[{"href":"https:\/\/pizbube.ch\/en\/wp-json\/wp\/v2\/types\/product"}],"wp:featuredmedia":[{"embeddable":true,"href":"https:\/\/pizbube.ch\/en\/wp-json\/wp\/v2\/media\/27499"}],"wp:attachment":[{"href":"https:\/\/pizbube.ch\/en\/wp-json\/wp\/v2\/media?parent=153979"}],"wp:term":[{"taxonomy":"product_brand","embeddable":true,"href":"https:\/\/pizbube.ch\/en\/wp-json\/wp\/v2\/product_brand?post=153979"},{"taxonomy":"product_cat","embeddable":true,"href":"https:\/\/pizbube.ch\/en\/wp-json\/wp\/v2\/product_cat?post=153979"},{"taxonomy":"product_tag","embeddable":true,"href":"https:\/\/pizbube.ch\/en\/wp-json\/wp\/v2\/product_tag?post=153979"}],"curies":[{"name":"wp","href":"https:\/\/api.w.org\/{rel}","templated":true}]}}