{"id":153980,"date":"2021-01-15T12:55:18","date_gmt":"2021-01-15T12:55:18","guid":{"rendered":"https:\/\/codengine3.ch\/?product=import-placeholder-for-206975"},"modified":"2025-11-28T10:53:04","modified_gmt":"2025-11-28T09:53:04","slug":"die-schoensten-schitouren-in-vorarlberg","status":"publish","type":"product","link":"https:\/\/pizbube.ch\/en\/shop\/die-schoensten-schitouren-in-vorarlberg\/","title":{"rendered":"Die sch\u00f6nsten Schitouren in Vorarlberg"},"content":{"rendered":"<p><span class=\"value\">Der Schitourenwinter kann kommen! Verzauberte Winterlandschaften, berauschende Tiefschneeh\u00e4nge, gro\u00dfz\u00fcgige Fernsichten \u2013 die Bergwelt Vorarlbergs hat alles zu bieten, was das Herz von Schitourengehern begehrt. Rudolf Mayerhofer hat als erfahrener Bergf\u00fchrer die sch\u00f6nsten Schitouren in Vorarlberg zusammengestellt. <\/span><\/p>\n<p><span class=\"value\">In dieser von Peter Mayerhofer vollst\u00e4ndig \u00fcberarbeiteten Neuauflage finden sich \u00fcber 100 lohnenswerte Ziele in Vorarlberg, im benachbarten Liechtenstein und der Schweiz. Eingestuft in drei verschiedene Schwierigkeitsgrade vereint das Vorarlberger Schitourenhandbuch sowohl gem\u00fctliche Anf\u00e4ngertouren f\u00fcr einen Nachmittag als auch lange und \u00e4u\u00dferst anspruchsvolle Hochgebirgstouren f\u00fcr konditionsstarke K\u00f6nner:innen. <\/span><\/p>\n<p><span class=\"value\">&#8211; 100 Ziele, 150 Gipfel mit \u00fcber 250 Anstiegsm\u00f6glichkeiten &#8211; f\u00fcr Anf\u00e4nger:innen, Fortgeschrittene und K\u00f6nner:innen &#8211; stimmungsvolle Fotos, exakte Routenbeschreibungen sowie Kartenausschnitte zu jeder Tour &#8211; beschrieben vom Autor der erfolgreichen B\u00fccher Alpwandern in Vorarlberg und Die sch\u00f6nsten Bergwanderungen in Vorarlberg &#8211; plus Ausr\u00fcstungstipps und Kontaktadressen &#8211; sorgf\u00e4ltige Auswahl handverlesener Touren, die die gesamte Vielfalt der winterlichen Bergwelt Vorarlbergs widerspiegelt<\/span><\/p>\n<p>400 Seiten;<br \/>\n\u00fcberarbeitete Neuaflage 2025<\/p>","protected":false},"excerpt":{"rendered":"<p>Der Schitourenwinter kann kommen! Verzauberte Winterlandschaften, berauschende Tiefschneeh\u00e4nge, gro\u00dfz\u00fcgige Fernsichten \u2013 die Bergwelt Vorarlbergs hat alles zu bieten, was das Herz von Schitourengehern begehrt. Rudolf Mayerhofer hat als erfahrener Bergf\u00fchrer die sch\u00f6nsten Schitouren in Vorarlberg zusammengestellt. In dieser von Peter Mayerhofer vollst\u00e4ndig \u00fcberarbeiteten Neuauflage finden sich \u00fcber 100 lohnenswerte Ziele in Vorarlberg, im benachbarten Liechtenstein [&#8230;]\n","protected":false},"featured_media":182338,"template":"","meta":[],"product_brand":[],"product_cat":[21540],"product_tag":[],"class_list":{"0":"post-153980","1":"product","2":"type-product","3":"status-publish","4":"has-post-thumbnail","6":"product_cat-fuehrerliteratur-alpin-winter","7":"pa_autor-mayerhofer","8":"pa_erscheinungsjahr-27415","9":"pa_region-oesterreich","10":"pa_sprache-de","12":"first","13":"instock","14":"taxable","15":"shipping-taxable","16":"purchasable","17":"product-type-simple"},"_links":{"self":[{"href":"https:\/\/pizbube.ch\/en\/wp-json\/wp\/v2\/product\/153980","targetHints":{"allow":["GET"]}}],"collection":[{"href":"https:\/\/pizbube.ch\/en\/wp-json\/wp\/v2\/product"}],"about":[{"href":"https:\/\/pizbube.ch\/en\/wp-json\/wp\/v2\/types\/product"}],"wp:featuredmedia":[{"embeddable":true,"href":"https:\/\/pizbube.ch\/en\/wp-json\/wp\/v2\/media\/182338"}],"wp:attachment":[{"href":"https:\/\/pizbube.ch\/en\/wp-json\/wp\/v2\/media?parent=153980"}],"wp:term":[{"taxonomy":"product_brand","embeddable":true,"href":"https:\/\/pizbube.ch\/en\/wp-json\/wp\/v2\/product_brand?post=153980"},{"taxonomy":"product_cat","embeddable":true,"href":"https:\/\/pizbube.ch\/en\/wp-json\/wp\/v2\/product_cat?post=153980"},{"taxonomy":"product_tag","embeddable":true,"href":"https:\/\/pizbube.ch\/en\/wp-json\/wp\/v2\/product_tag?post=153980"}],"curies":[{"name":"wp","href":"https:\/\/api.w.org\/{rel}","templated":true}]}}