{"id":153991,"date":"2021-01-15T12:55:26","date_gmt":"2021-01-15T12:55:26","guid":{"rendered":"https:\/\/codengine3.ch\/?product=import-placeholder-for-203994"},"modified":"2021-01-15T14:28:42","modified_gmt":"2021-01-15T14:28:42","slug":"verhaltensfehler-beim-hallenklettern","status":"publish","type":"product","link":"https:\/\/pizbube.ch\/en\/shop\/verhaltensfehler-beim-hallenklettern\/","title":{"rendered":"Verhaltensfehler beim Hallenklettern"},"content":{"rendered":"<p>Verhaltensfehler beim Hallenklettern; H\u00e4ufigkeiten und Hintergr\u00fcnde:<br \/>\nRoutinen als Fehlerquelle beim Wechsel des Sicherungsger\u00e4tes 2005.  <\/p>\n<p>Forschungsbericht des Arbeitskreises Innere Sicherheit, mit Tobias Bach,<br \/>\nCaspar G\u00fcntsch, Jan Mersch, Nicholas Mail\u00e4nder, Martin Schwiersch, Christian<br \/>\nSemmel, Dieter Stopper, Pauli Trenkwalder<br \/>\n121 Seiten + Anhang<\/p>","protected":false},"excerpt":{"rendered":"<p>Verhaltensfehler beim Hallenklettern; H\u00e4ufigkeiten und Hintergr\u00fcnde: Routinen als Fehlerquelle beim Wechsel des Sicherungsger\u00e4tes 2005. Forschungsbericht des Arbeitskreises Innere Sicherheit, mit Tobias Bach, Caspar G\u00fcntsch, Jan Mersch, Nicholas Mail\u00e4nder, Martin Schwiersch, Christian Semmel, Dieter Stopper, Pauli Trenkwalder 121 Seiten + Anhang<\/p>","protected":false},"featured_media":31724,"template":"","meta":[],"product_brand":[],"product_cat":[21538],"product_tag":[],"class_list":{"0":"post-153991","1":"product","2":"type-product","3":"status-publish","4":"has-post-thumbnail","6":"product_cat-lehrbuecher","7":"pa_autor-dav","8":"pa_erscheinungsjahr-21776","9":"pa_region-klettertechnik","10":"pa_sprache-de","12":"first","13":"instock","14":"taxable","15":"shipping-taxable","16":"purchasable","17":"product-type-simple"},"_links":{"self":[{"href":"https:\/\/pizbube.ch\/en\/wp-json\/wp\/v2\/product\/153991","targetHints":{"allow":["GET"]}}],"collection":[{"href":"https:\/\/pizbube.ch\/en\/wp-json\/wp\/v2\/product"}],"about":[{"href":"https:\/\/pizbube.ch\/en\/wp-json\/wp\/v2\/types\/product"}],"wp:featuredmedia":[{"embeddable":true,"href":"https:\/\/pizbube.ch\/en\/wp-json\/wp\/v2\/media\/31724"}],"wp:attachment":[{"href":"https:\/\/pizbube.ch\/en\/wp-json\/wp\/v2\/media?parent=153991"}],"wp:term":[{"taxonomy":"product_brand","embeddable":true,"href":"https:\/\/pizbube.ch\/en\/wp-json\/wp\/v2\/product_brand?post=153991"},{"taxonomy":"product_cat","embeddable":true,"href":"https:\/\/pizbube.ch\/en\/wp-json\/wp\/v2\/product_cat?post=153991"},{"taxonomy":"product_tag","embeddable":true,"href":"https:\/\/pizbube.ch\/en\/wp-json\/wp\/v2\/product_tag?post=153991"}],"curies":[{"name":"wp","href":"https:\/\/api.w.org\/{rel}","templated":true}]}}