{"id":153994,"date":"2021-01-15T12:55:28","date_gmt":"2021-01-15T12:55:28","guid":{"rendered":"https:\/\/codengine3.ch\/?product=import-placeholder-for-204267"},"modified":"2022-07-05T09:36:12","modified_gmt":"2022-07-05T07:36:12","slug":"wissen-neu-erleben-wetter","status":"publish","type":"product","link":"https:\/\/pizbube.ch\/en\/shop\/wissen-neu-erleben-wetter\/","title":{"rendered":"Wissen neu erleben. Wetter"},"content":{"rendered":"<p>Die Geheimnisse der Meteorologie entr\u00e4tseln -.so leicht wie noch nie:<br \/>\nEinf\u00fchrung in das Wettergeschehen, extreme Wetterlagen von Tornados bis<br \/>\n\u00dcberschwemmungen, Einfluss des Klimas auf Mensch und Tier, die<br \/>\nKlimaver\u00e4nderung usw.; mit spektakul\u00e4ren Fotos und Grafiken in 3D-Optik. 304<br \/>\nSeiten<\/p>","protected":false},"excerpt":{"rendered":"<p>Die Geheimnisse der Meteorologie entr\u00e4tseln -.so leicht wie noch nie: Einf\u00fchrung in das Wettergeschehen, extreme Wetterlagen von Tornados bis \u00dcberschwemmungen, Einfluss des Klimas auf Mensch und Tier, die Klimaver\u00e4nderung usw.; mit spektakul\u00e4ren Fotos und Grafiken in 3D-Optik. 304 Seiten<\/p>","protected":false},"featured_media":32087,"template":"","meta":[],"product_brand":[],"product_cat":[21538],"product_tag":[],"class_list":{"0":"post-153994","1":"product","2":"type-product","3":"status-publish","4":"has-post-thumbnail","6":"product_cat-lehrbuecher","7":"pa_autor-buckley","8":"pa_erscheinungsjahr-21763","9":"pa_region-orientierung-wetter-ausbildung","10":"pa_sprache-de","12":"first","13":"outofstock","14":"taxable","15":"shipping-taxable","16":"purchasable","17":"product-type-simple"},"_links":{"self":[{"href":"https:\/\/pizbube.ch\/en\/wp-json\/wp\/v2\/product\/153994","targetHints":{"allow":["GET"]}}],"collection":[{"href":"https:\/\/pizbube.ch\/en\/wp-json\/wp\/v2\/product"}],"about":[{"href":"https:\/\/pizbube.ch\/en\/wp-json\/wp\/v2\/types\/product"}],"wp:featuredmedia":[{"embeddable":true,"href":"https:\/\/pizbube.ch\/en\/wp-json\/wp\/v2\/media\/32087"}],"wp:attachment":[{"href":"https:\/\/pizbube.ch\/en\/wp-json\/wp\/v2\/media?parent=153994"}],"wp:term":[{"taxonomy":"product_brand","embeddable":true,"href":"https:\/\/pizbube.ch\/en\/wp-json\/wp\/v2\/product_brand?post=153994"},{"taxonomy":"product_cat","embeddable":true,"href":"https:\/\/pizbube.ch\/en\/wp-json\/wp\/v2\/product_cat?post=153994"},{"taxonomy":"product_tag","embeddable":true,"href":"https:\/\/pizbube.ch\/en\/wp-json\/wp\/v2\/product_tag?post=153994"}],"curies":[{"name":"wp","href":"https:\/\/api.w.org\/{rel}","templated":true}]}}