{"id":153997,"date":"2021-01-15T12:55:28","date_gmt":"2021-01-15T12:55:28","guid":{"rendered":"https:\/\/codengine3.ch\/?product=import-placeholder-for-207515"},"modified":"2024-06-13T09:14:34","modified_gmt":"2024-06-13T07:14:34","slug":"wetterkunde-fuer-wanderer-und-bergsteiger","status":"publish","type":"product","link":"https:\/\/pizbube.ch\/en\/shop\/wetterkunde-fuer-wanderer-und-bergsteiger\/","title":{"rendered":"Wetterkunde f\u00fcr Wanderer und Bergsteiger"},"content":{"rendered":"<p>Dieses Handbuch hilft dem Wanderer und der Bergsteigerin Wettererscheinungen zu deuten, ihre Auswirkungen abzusch\u00e4tzen und die richtigen Entscheidungen zu treffen.<\/p>\n<p>F\u00fcr alle, die in der freien Natur unterwegs sind, spielt das Wetter eine wichtige Rolle. Es entscheidet oft \u00fcber das Gelingen oder Misslingen eines Vorhabens.<\/p>\n<p>Dieses SAC-Handbuch hilft, mit dem Wetter zu planen, Wettererscheinungen zu deuten, ihre Auswirkungen abzusch\u00e4tzen und mit ihnen umzugehen. Es vermittelt dem Wanderer und der Bergsteigerin in kompakter Form das Grundwissen \u00fcber:<\/p>\n<ul>\n<li>Wetter allgemein<\/li>\n<li>typischen Erscheinungen an Wetterfronten und in Hoch- und Tiefdruckgebieten<\/li>\n<li>Auswirkungen der wichtigsten Hauptwetterlagen in den Alpen<\/li>\n<li>die Erstellung und Verwendung von Wetterkarten und Wetterprognosen<\/li>\n<li>Anwendung von einfachen Wetterregeln<\/li>\n<li>Verhalten bei wetterbedingten Gefahren<\/li>\n<li>Klimawandel und seine Auswirkungen auf den Bergsport<\/li>\n<\/ul>\n<p>Peter Albisser, ehemaliger Mitarbeiter bei MeteoSchweiz, leitete w\u00e4hrend vieler Jahre den Wettervorhersagedienst in Z\u00fcrich und den Milit\u00e4rischen Wetterdienst der Schweizer Armee. Schon 1982 verfasste er seine erste Lehrschrift f\u00fcr den SAC, die vom \u00abComit\u00e9 National Suisse du Grand Prix des Guides et Ouvrages touristiques\u00bb mit einem Preis ausgezeichnet wurde. Immer wieder trat Peter als Kursleiter in Erscheinung.<\/p>\n<p>228 Seiten, gebunden, Softcover<br \/>\n7. Auflage 2022<\/p>","protected":false},"excerpt":{"rendered":"<p>Dieses Handbuch hilft dem Wanderer und der Bergsteigerin Wettererscheinungen zu deuten, ihre Auswirkungen abzusch\u00e4tzen und die richtigen Entscheidungen zu treffen. F\u00fcr alle, die in der freien Natur unterwegs sind, spielt das Wetter eine wichtige Rolle. Es entscheidet oft \u00fcber das Gelingen oder Misslingen eines Vorhabens. Dieses SAC-Handbuch hilft, mit dem Wetter zu planen, Wettererscheinungen zu [&#8230;]\n","protected":false},"featured_media":173323,"template":"","meta":[],"product_brand":[],"product_cat":[21538],"product_tag":[],"class_list":{"0":"post-153997","1":"product","2":"type-product","3":"status-publish","4":"has-post-thumbnail","6":"product_cat-lehrbuecher","7":"pa_autor-albisser","8":"pa_erscheinungsjahr-27013","9":"pa_region-orientierung-wetter-ausbildung","10":"pa_sprache-de","12":"first","13":"instock","14":"taxable","15":"shipping-taxable","16":"purchasable","17":"product-type-simple"},"_links":{"self":[{"href":"https:\/\/pizbube.ch\/en\/wp-json\/wp\/v2\/product\/153997","targetHints":{"allow":["GET"]}}],"collection":[{"href":"https:\/\/pizbube.ch\/en\/wp-json\/wp\/v2\/product"}],"about":[{"href":"https:\/\/pizbube.ch\/en\/wp-json\/wp\/v2\/types\/product"}],"wp:featuredmedia":[{"embeddable":true,"href":"https:\/\/pizbube.ch\/en\/wp-json\/wp\/v2\/media\/173323"}],"wp:attachment":[{"href":"https:\/\/pizbube.ch\/en\/wp-json\/wp\/v2\/media?parent=153997"}],"wp:term":[{"taxonomy":"product_brand","embeddable":true,"href":"https:\/\/pizbube.ch\/en\/wp-json\/wp\/v2\/product_brand?post=153997"},{"taxonomy":"product_cat","embeddable":true,"href":"https:\/\/pizbube.ch\/en\/wp-json\/wp\/v2\/product_cat?post=153997"},{"taxonomy":"product_tag","embeddable":true,"href":"https:\/\/pizbube.ch\/en\/wp-json\/wp\/v2\/product_tag?post=153997"}],"curies":[{"name":"wp","href":"https:\/\/api.w.org\/{rel}","templated":true}]}}