{"id":154001,"date":"2021-01-15T12:55:35","date_gmt":"2021-01-15T12:55:35","guid":{"rendered":"https:\/\/codengine3.ch\/?product=import-placeholder-for-205636"},"modified":"2021-01-15T14:42:46","modified_gmt":"2021-01-15T14:42:46","slug":"autour-de-babel-dvd","status":"publish","type":"product","link":"https:\/\/pizbube.ch\/en\/shop\/autour-de-babel-dvd\/","title":{"rendered":"Autour de Babel DVD"},"content":{"rendered":"<p>Histoire d&#8217;une ouverture \u00e0 Taghia (Maroc)  <\/p>\n<p>Dur\u00e9e approximative de 50 mn + Bonus Escalade 29 mn + Bonus Sc\u00e8nes 13 mn + Le<br \/>\nfilm en version courte 20 mn + Plaquette Topo de la Voie  <\/p>\n<p>Arnaud, St\u00e9phanie, Nicolas et Fred partent ouvrir une voie d&#8217;escalade libre \u00e0<br \/>\nTAGHIA, dans l&#8217;Atlas marocain. Hormis le challenge d&#8217;une ouverture de 800 m,<br \/>\navec des choix \u00e9thiques exigeants, la proximit\u00e9 de la paroi va leur permettre<br \/>\nde vivre aussi au contact des habitants de ce petit village, qu&#8217;ils<br \/>\naffectionnent tout particuli\u00e8rement.  <\/p>","protected":false},"excerpt":{"rendered":"<p>Histoire d&#8217;une ouverture \u00e0 Taghia (Maroc) Dur\u00e9e approximative de 50 mn + Bonus Escalade 29 mn + Bonus Sc\u00e8nes 13 mn + Le film en version courte 20 mn + Plaquette Topo de la Voie Arnaud, St\u00e9phanie, Nicolas et Fred partent ouvrir une voie d&#8217;escalade libre \u00e0 TAGHIA, dans l&#8217;Atlas marocain. Hormis le challenge d&#8217;une [&#8230;]\n","protected":false},"featured_media":34419,"template":"","meta":[],"product_brand":[],"product_cat":[21628],"product_tag":[],"class_list":{"0":"post-154001","1":"product","2":"type-product","3":"status-publish","4":"has-post-thumbnail","6":"product_cat-video-dvd-multimedia","7":"pa_autor-ripert","8":"pa_erscheinungsjahr-21591","9":"pa_region-afrika","10":"pa_sprache-fr","12":"first","13":"instock","14":"taxable","15":"shipping-taxable","16":"purchasable","17":"product-type-simple"},"_links":{"self":[{"href":"https:\/\/pizbube.ch\/en\/wp-json\/wp\/v2\/product\/154001","targetHints":{"allow":["GET"]}}],"collection":[{"href":"https:\/\/pizbube.ch\/en\/wp-json\/wp\/v2\/product"}],"about":[{"href":"https:\/\/pizbube.ch\/en\/wp-json\/wp\/v2\/types\/product"}],"wp:featuredmedia":[{"embeddable":true,"href":"https:\/\/pizbube.ch\/en\/wp-json\/wp\/v2\/media\/34419"}],"wp:attachment":[{"href":"https:\/\/pizbube.ch\/en\/wp-json\/wp\/v2\/media?parent=154001"}],"wp:term":[{"taxonomy":"product_brand","embeddable":true,"href":"https:\/\/pizbube.ch\/en\/wp-json\/wp\/v2\/product_brand?post=154001"},{"taxonomy":"product_cat","embeddable":true,"href":"https:\/\/pizbube.ch\/en\/wp-json\/wp\/v2\/product_cat?post=154001"},{"taxonomy":"product_tag","embeddable":true,"href":"https:\/\/pizbube.ch\/en\/wp-json\/wp\/v2\/product_tag?post=154001"}],"curies":[{"name":"wp","href":"https:\/\/api.w.org\/{rel}","templated":true}]}}