{"id":154004,"date":"2021-01-15T12:55:36","date_gmt":"2021-01-15T12:55:36","guid":{"rendered":"https:\/\/codengine3.ch\/?product=import-placeholder-for-207577"},"modified":"2021-01-15T16:04:48","modified_gmt":"2021-01-15T16:04:48","slug":"die-schoensten-wanderhuetten-der-alpen","status":"publish","type":"product","link":"https:\/\/pizbube.ch\/en\/shop\/die-schoensten-wanderhuetten-der-alpen\/","title":{"rendered":"Die sch\u00f6nsten Wanderh\u00fctten der Alpen"},"content":{"rendered":"<p>234 nur zu Fu\u00df erreichbare H\u00fctten<\/p>\n<p>Die Cr\u00e8me de la Cr\u00e8me der Wanderh\u00fctten<br \/>\nTraumhafte Panoramen, interessante Tourenm\u00f6glichkeiten, zufriedene G\u00e4ste und<br \/>\nbeeindruckende Architektur: Dieser H\u00fcttenf\u00fchrer beschreibt die sch\u00f6nsten<br \/>\nWanderh\u00fctten der Ost und Westalpen. Jede der 234 nur zu Fu\u00df erreichbaren<br \/>\nH\u00fctten wird mit allen Kontaktdaten, Bildern und Infos zu Zustieg, Lage sowie<br \/>\nBewirtschaftung vorgestellt. Ein anregender Ideengeber f\u00fcr alle Wanderer und<br \/>\nBergsteiger!<br \/>\n288 Seiten, ca. 250 Abbildungen, Format 16,5 x 23,5 cm, Broschur mit<br \/>\nFadenheftung<\/p>","protected":false},"excerpt":{"rendered":"<p>234 nur zu Fu\u00df erreichbare H\u00fctten Die Cr\u00e8me de la Cr\u00e8me der Wanderh\u00fctten Traumhafte Panoramen, interessante Tourenm\u00f6glichkeiten, zufriedene G\u00e4ste und beeindruckende Architektur: Dieser H\u00fcttenf\u00fchrer beschreibt die sch\u00f6nsten Wanderh\u00fctten der Ost und Westalpen. Jede der 234 nur zu Fu\u00df erreichbaren H\u00fctten wird mit allen Kontaktdaten, Bildern und Infos zu Zustieg, Lage sowie Bewirtschaftung vorgestellt. Ein anregender [&#8230;]\n","protected":false},"featured_media":37872,"template":"","meta":[],"product_brand":[],"product_cat":[21605],"product_tag":[],"class_list":{"0":"post-154004","1":"product","2":"type-product","3":"status-publish","4":"has-post-thumbnail","6":"product_cat-wanderfuehrer-trekking","7":"pa_autor-huesler-deuble-meier","8":"pa_erscheinungsjahr-21568","9":"pa_region-schweiz","10":"pa_sprache-de","12":"first","13":"instock","14":"taxable","15":"shipping-taxable","16":"purchasable","17":"product-type-simple"},"_links":{"self":[{"href":"https:\/\/pizbube.ch\/en\/wp-json\/wp\/v2\/product\/154004","targetHints":{"allow":["GET"]}}],"collection":[{"href":"https:\/\/pizbube.ch\/en\/wp-json\/wp\/v2\/product"}],"about":[{"href":"https:\/\/pizbube.ch\/en\/wp-json\/wp\/v2\/types\/product"}],"wp:featuredmedia":[{"embeddable":true,"href":"https:\/\/pizbube.ch\/en\/wp-json\/wp\/v2\/media\/37872"}],"wp:attachment":[{"href":"https:\/\/pizbube.ch\/en\/wp-json\/wp\/v2\/media?parent=154004"}],"wp:term":[{"taxonomy":"product_brand","embeddable":true,"href":"https:\/\/pizbube.ch\/en\/wp-json\/wp\/v2\/product_brand?post=154004"},{"taxonomy":"product_cat","embeddable":true,"href":"https:\/\/pizbube.ch\/en\/wp-json\/wp\/v2\/product_cat?post=154004"},{"taxonomy":"product_tag","embeddable":true,"href":"https:\/\/pizbube.ch\/en\/wp-json\/wp\/v2\/product_tag?post=154004"}],"curies":[{"name":"wp","href":"https:\/\/api.w.org\/{rel}","templated":true}]}}