{"id":154007,"date":"2021-01-15T14:21:40","date_gmt":"2021-01-15T14:21:40","guid":{"rendered":"https:\/\/codengine3.ch\/?product=import-placeholder-for-204173"},"modified":"2024-09-23T17:11:53","modified_gmt":"2024-09-23T15:11:53","slug":"sports-de-montagne-dete","status":"publish","type":"product","link":"https:\/\/pizbube.ch\/en\/shop\/sports-de-montagne-dete\/","title":{"rendered":"Sports de montagne d`\u00e9t\u00e9 &#8211; Technique \/ Tactique \/ S\u00e9curit\u00e9"},"content":{"rendered":"<p>Ce livre de formation compact contient tout ce qu&#8217;il faut savoir pour pratiquer les sports de montagne en \u00e9t\u00e9 en toute s\u00e9curit\u00e9.<\/p>\n<p>La 4e \u00e9dition remani\u00e9e du livre de formation du CAS \u00ab Sports de montagne en \u00e9t\u00e9 \u00bb r\u00e9unit les principales techniques et tactiques pour les sports de montagne en \u00e9t\u00e9. Des connaissances de base pour les d\u00e9butants aux conseils didactiques pour la formation, de la randonn\u00e9e en montagne \u00e0 l&#8217;escalade et aux courses sur glacier, \u00ab Sports de montagne en \u00e9t\u00e9 \u00bb transmet les pr\u00e9cieuses connaissances de mani\u00e8re richement illustr\u00e9e et facilement compr\u00e9hensible.<\/p>\n<p>La planification ainsi que les techniques d&#8217;assurage et de d\u00e9placement constituent le contenu principal de \u00ab Sports de montagne en \u00e9t\u00e9 \u00bb. Les chapitres consacr\u00e9s \u00e0 l&#8217;escalade ont \u00e9t\u00e9 sp\u00e9cifiquement \u00e9largis.<br \/>\nL&#8217;ouvrage standard du Club Alpin Suisse CAS sert de support p\u00e9dagogique notamment aux cours du CAS, aux cours de moniteurs J+S, au sauvetage alpin, \u00e0 l&#8217;arm\u00e9e suisse et \u00e0 diverses \u00e9coles de montagne.<\/p>\n<p>livre broch\u00e9;<br \/>\n344 pages, 294 illustrations<\/p>","protected":false},"excerpt":{"rendered":"<p>Ce livre de formation compact contient tout ce qu&#8217;il faut savoir pour pratiquer les sports de montagne en \u00e9t\u00e9 en toute s\u00e9curit\u00e9. La 4e \u00e9dition remani\u00e9e du livre de formation du CAS \u00ab Sports de montagne en \u00e9t\u00e9 \u00bb r\u00e9unit les principales techniques et tactiques pour les sports de montagne en \u00e9t\u00e9. Des connaissances de [&#8230;]\n","protected":false},"featured_media":162636,"template":"","meta":[],"product_brand":[],"product_cat":[21538],"product_tag":[],"class_list":{"0":"post-154007","1":"product","2":"type-product","3":"status-publish","4":"has-post-thumbnail","6":"product_cat-lehrbuecher","7":"pa_autor-winkler-brehm-haltmeier","8":"pa_erscheinungsjahr-27013","9":"pa_region-alpin-sommer","10":"pa_sprache-fr","12":"first","13":"instock","14":"taxable","15":"shipping-taxable","16":"purchasable","17":"product-type-simple"},"_links":{"self":[{"href":"https:\/\/pizbube.ch\/en\/wp-json\/wp\/v2\/product\/154007","targetHints":{"allow":["GET"]}}],"collection":[{"href":"https:\/\/pizbube.ch\/en\/wp-json\/wp\/v2\/product"}],"about":[{"href":"https:\/\/pizbube.ch\/en\/wp-json\/wp\/v2\/types\/product"}],"wp:featuredmedia":[{"embeddable":true,"href":"https:\/\/pizbube.ch\/en\/wp-json\/wp\/v2\/media\/162636"}],"wp:attachment":[{"href":"https:\/\/pizbube.ch\/en\/wp-json\/wp\/v2\/media?parent=154007"}],"wp:term":[{"taxonomy":"product_brand","embeddable":true,"href":"https:\/\/pizbube.ch\/en\/wp-json\/wp\/v2\/product_brand?post=154007"},{"taxonomy":"product_cat","embeddable":true,"href":"https:\/\/pizbube.ch\/en\/wp-json\/wp\/v2\/product_cat?post=154007"},{"taxonomy":"product_tag","embeddable":true,"href":"https:\/\/pizbube.ch\/en\/wp-json\/wp\/v2\/product_tag?post=154007"}],"curies":[{"name":"wp","href":"https:\/\/api.w.org\/{rel}","templated":true}]}}