{"id":154012,"date":"2021-01-15T14:21:47","date_gmt":"2021-01-15T14:21:47","guid":{"rendered":"https:\/\/codengine3.ch\/?product=import-placeholder-for-206248"},"modified":"2023-04-26T08:48:08","modified_gmt":"2023-04-26T06:48:08","slug":"klettersteige-westalpen-frankreich-italien","status":"publish","type":"product","link":"https:\/\/pizbube.ch\/en\/shop\/klettersteige-westalpen-frankreich-italien\/","title":{"rendered":"Klettersteige Westalpen \u2013 Frankreich\/Italien"},"content":{"rendered":"<p>Die sch\u00f6nsten Klettersteige zwischen Comersee, Genfersee und Mittelmeer<\/p>\n<p>Franzosen sind verr\u00fcckt nach Aktivurlaub. Logisch, dass bei einem so aktiven<br \/>\nVolk bei Klettersteigen eher die sportliche Note ankommt: kurzer Zustieg,<br \/>\neinfacher R\u00fcckweg, gerne mit Raffinessen ausgestattet, wie Leitern,<br \/>\nKletternetze, Tyroliennes, Seil- und H\u00e4ngebr\u00fccken, athletische \u00dcberh\u00e4nge, die<br \/>\nfast immer auch eine leichtere Umgehung bieten&#8230; alles nat\u00fcrlich \u00fcppig<br \/>\ngesichert, denn Nervenkitzel: ja, aber sicher bitte. Der gr\u00f6\u00dfte Teil der<br \/>\nKlettersteige liegt in ausnehmend sch\u00f6ner Landschaft, erlaubt ungew\u00f6hnliche<br \/>\nVogelperspektiven oder das Eindringen in Schluchten, die man sonst nie zu<br \/>\nGesicht bekommen w\u00fcrde.<br \/>\nUnter den rund 80 Sportklettersteigen in den franz\u00f6sischen Alpen wurden die<br \/>\nsch\u00f6nsten herausgepickt. Mit bei der Auswahl sind auch ein paar alpine Steige.<br \/>\nAuf der italienischen Seite der Westalpen wartet z.B. der Comersee mit<br \/>\nEisenwegen, die phantastische Blicke auf den See erlauben. Italiens h\u00f6chster<br \/>\nKlettersteig, der den Monte Emilius am Rande des Gran Paradiso Nationalparks<br \/>\n\u00fcberschreitet, ist das Highlight. Das Hinterland von Finale Ligure verspricht<br \/>\ndaf\u00fcr spannende Klettereien in K\u00fcstenn\u00e4he.<\/p>\n<p>81 Klettersteige; 1. Auflage 2010, 192 Seiten mit 80 Farbabbildungen,<br \/>\n60 Wanderk\u00e4rtchen im Ma\u00dfstab 1:50.000, eine \u00dcbersichtskarte<\/p>","protected":false},"excerpt":{"rendered":"<p><strong>NEUAUFLAGE LAUT VERLAG GEPLANT, CA. SOMMER 2024<br \/>\n<\/strong><\/p>","protected":false},"featured_media":35224,"template":"","meta":[],"product_brand":[],"product_cat":[21544],"product_tag":[],"class_list":{"0":"post-154012","1":"product","2":"type-product","3":"status-publish","4":"has-post-thumbnail","6":"product_cat-fuehrerliteratur-alpin-sommer","7":"pa_autor-kuerschner","8":"pa_sprache-de","10":"first","11":"outofstock","12":"taxable","13":"shipping-taxable","14":"purchasable","15":"product-type-simple"},"_links":{"self":[{"href":"https:\/\/pizbube.ch\/en\/wp-json\/wp\/v2\/product\/154012","targetHints":{"allow":["GET"]}}],"collection":[{"href":"https:\/\/pizbube.ch\/en\/wp-json\/wp\/v2\/product"}],"about":[{"href":"https:\/\/pizbube.ch\/en\/wp-json\/wp\/v2\/types\/product"}],"wp:featuredmedia":[{"embeddable":true,"href":"https:\/\/pizbube.ch\/en\/wp-json\/wp\/v2\/media\/35224"}],"wp:attachment":[{"href":"https:\/\/pizbube.ch\/en\/wp-json\/wp\/v2\/media?parent=154012"}],"wp:term":[{"taxonomy":"product_brand","embeddable":true,"href":"https:\/\/pizbube.ch\/en\/wp-json\/wp\/v2\/product_brand?post=154012"},{"taxonomy":"product_cat","embeddable":true,"href":"https:\/\/pizbube.ch\/en\/wp-json\/wp\/v2\/product_cat?post=154012"},{"taxonomy":"product_tag","embeddable":true,"href":"https:\/\/pizbube.ch\/en\/wp-json\/wp\/v2\/product_tag?post=154012"}],"curies":[{"name":"wp","href":"https:\/\/api.w.org\/{rel}","templated":true}]}}