{"id":154018,"date":"2021-01-15T14:21:48","date_gmt":"2021-01-15T14:21:48","guid":{"rendered":"https:\/\/codengine3.ch\/?product=import-placeholder-for-207231"},"modified":"2023-03-01T12:06:07","modified_gmt":"2023-03-01T11:06:07","slug":"prends-moi-sec-le-guide-de-la-grimpe","status":"publish","type":"product","link":"https:\/\/pizbube.ch\/en\/shop\/prends-moi-sec-le-guide-de-la-grimpe\/","title":{"rendered":"Prends-moi sec ! &#8211; le guide de la grimpe"},"content":{"rendered":"<p>Vous qui ne connaissez pas la diff\u00e9rence entre &#8218;avaler la corde&#8216; et &#8218;assurer<br \/>\nen moulinette&#8216;, ce guide est fait pour vous !!! Vous qui \u00eates un pro de la<br \/>\ngrimpe en salle ou en extr\u00eame, ce guide est fait pour vous !!! Vous qui \u00eates<br \/>\nsportifs ou vous, partisans du moindre effort&#8230; Ce guide est vraiment fait<br \/>\npour vous !!! Perfectionnez-vous en escalade aux c\u00f4t\u00e9s de Jean- Pierre, votre<br \/>\nentra\u00eeneur bodybuild\u00e9, muscles contract\u00e9s et fesses serr\u00e9es. Suivez les<br \/>\nprogr\u00e8s de son \u00e9quipe de bras cass\u00e9s : vertiges, adr\u00e9naline et shorts moulant.<br \/>\nBref, ce sport n&#8217;a pas fini de vous amuser.<\/p>","protected":false},"excerpt":{"rendered":"<p>Vous qui ne connaissez pas la diff\u00e9rence entre &#8218;avaler la corde&#8216; et &#8218;assurer en moulinette&#8216;, ce guide est fait pour vous !!! Vous qui \u00eates un pro de la grimpe en salle ou en extr\u00eame, ce guide est fait pour vous !!! Vous qui \u00eates sportifs ou vous, partisans du moindre effort&#8230; Ce guide est [&#8230;]\n","protected":false},"featured_media":36876,"template":"","meta":[],"product_brand":[],"product_cat":[21881],"product_tag":[],"class_list":{"0":"post-154018","1":"product","2":"type-product","3":"status-publish","4":"has-post-thumbnail","6":"product_cat-comics","7":"pa_autor-blonde","8":"pa_erscheinungsjahr-21610","9":"pa_region-frankreich","10":"pa_sprache-fr","12":"first","13":"outofstock","14":"taxable","15":"shipping-taxable","16":"purchasable","17":"product-type-simple"},"_links":{"self":[{"href":"https:\/\/pizbube.ch\/en\/wp-json\/wp\/v2\/product\/154018","targetHints":{"allow":["GET"]}}],"collection":[{"href":"https:\/\/pizbube.ch\/en\/wp-json\/wp\/v2\/product"}],"about":[{"href":"https:\/\/pizbube.ch\/en\/wp-json\/wp\/v2\/types\/product"}],"wp:featuredmedia":[{"embeddable":true,"href":"https:\/\/pizbube.ch\/en\/wp-json\/wp\/v2\/media\/36876"}],"wp:attachment":[{"href":"https:\/\/pizbube.ch\/en\/wp-json\/wp\/v2\/media?parent=154018"}],"wp:term":[{"taxonomy":"product_brand","embeddable":true,"href":"https:\/\/pizbube.ch\/en\/wp-json\/wp\/v2\/product_brand?post=154018"},{"taxonomy":"product_cat","embeddable":true,"href":"https:\/\/pizbube.ch\/en\/wp-json\/wp\/v2\/product_cat?post=154018"},{"taxonomy":"product_tag","embeddable":true,"href":"https:\/\/pizbube.ch\/en\/wp-json\/wp\/v2\/product_tag?post=154018"}],"curies":[{"name":"wp","href":"https:\/\/api.w.org\/{rel}","templated":true}]}}