{"id":154023,"date":"2021-01-15T14:21:55","date_gmt":"2021-01-15T14:21:55","guid":{"rendered":"https:\/\/codengine3.ch\/?product=import-placeholder-for-206273"},"modified":"2025-02-06T14:13:00","modified_gmt":"2025-02-06T13:13:00","slug":"torre-schrei-aus-stein-taschenbuch","status":"publish","type":"product","link":"https:\/\/pizbube.ch\/en\/shop\/torre-schrei-aus-stein-taschenbuch\/","title":{"rendered":"Torre &#8211; Schrei aus Stein (Taschenbuch)"},"content":{"rendered":"<p>&#8218;Die alpine Geschichte ist die Summe aller am Berg erlebten Geschichten. Sie<br \/>\nfunktioniert nicht, wie es sich Moralisten oder auch Idealisten ausdenken.&#8216;<br \/>\nReinhold Messner taucht ein in den Mythos Cerro Torre, Patagoniens<br \/>\nspektakul\u00e4rste Felsnadel.<\/p>\n<p>Seit der Trag\u00f6die 1959, als Cesare Maestri behauptete, mit Toni Egger den<br \/>\nGipfel erreicht zu haben, bevor eine Lawine den Kameraden in den Tod riss,<br \/>\ngibt es Spekulationen \u00fcber Fakten und Fiktion. Reinhold Messner, der den Torre<br \/>\nselbst nie bestieg und jeden um sein Torre-Erlebnis beneidet, bringt mit<br \/>\ngro\u00dfer psychologischer Einf\u00fchlung und erz\u00e4hlerischer Spannung Licht ins<br \/>\nDunkel. Atemlos wie bei einem Krimi verfolgt der Leser, wie der &#8218;unm\u00f6gliche<br \/>\nBerg&#8216; ein Geheimnis nach dem anderen preisgibt \u2013 und erf\u00e4hrt, wer die<br \/>\neigentlichen Helden eines der schwierigsten und sch\u00f6nsten aller Berge sind.<\/p>\n<p><span class=\"a-list-item\">304 Seiten<\/span>,<br \/>\nTaschenbuchausgabe<\/p>","protected":false},"excerpt":{"rendered":"<p>&#8218;Die alpine Geschichte ist die Summe aller am Berg erlebten Geschichten. Sie funktioniert nicht, wie es sich Moralisten oder auch Idealisten ausdenken.&#8216; Reinhold Messner taucht ein in den Mythos Cerro Torre, Patagoniens spektakul\u00e4rste Felsnadel. Seit der Trag\u00f6die 1959, als Cesare Maestri behauptete, mit Toni Egger den Gipfel erreicht zu haben, bevor eine Lawine den Kameraden [&#8230;]\n","protected":false},"featured_media":178405,"template":"","meta":[],"product_brand":[],"product_cat":[21542],"product_tag":[],"class_list":{"0":"post-154023","1":"product","2":"type-product","3":"status-publish","4":"has-post-thumbnail","6":"product_cat-sachbuecher-dokumentationen","7":"pa_autor-messner","8":"pa_erscheinungsjahr-21830","9":"pa_region-amerika-sued","10":"pa_sprache-de","12":"first","13":"instock","14":"taxable","15":"shipping-taxable","16":"purchasable","17":"product-type-simple"},"_links":{"self":[{"href":"https:\/\/pizbube.ch\/en\/wp-json\/wp\/v2\/product\/154023","targetHints":{"allow":["GET"]}}],"collection":[{"href":"https:\/\/pizbube.ch\/en\/wp-json\/wp\/v2\/product"}],"about":[{"href":"https:\/\/pizbube.ch\/en\/wp-json\/wp\/v2\/types\/product"}],"wp:featuredmedia":[{"embeddable":true,"href":"https:\/\/pizbube.ch\/en\/wp-json\/wp\/v2\/media\/178405"}],"wp:attachment":[{"href":"https:\/\/pizbube.ch\/en\/wp-json\/wp\/v2\/media?parent=154023"}],"wp:term":[{"taxonomy":"product_brand","embeddable":true,"href":"https:\/\/pizbube.ch\/en\/wp-json\/wp\/v2\/product_brand?post=154023"},{"taxonomy":"product_cat","embeddable":true,"href":"https:\/\/pizbube.ch\/en\/wp-json\/wp\/v2\/product_cat?post=154023"},{"taxonomy":"product_tag","embeddable":true,"href":"https:\/\/pizbube.ch\/en\/wp-json\/wp\/v2\/product_tag?post=154023"}],"curies":[{"name":"wp","href":"https:\/\/api.w.org\/{rel}","templated":true}]}}