{"id":154024,"date":"2021-01-15T14:21:55","date_gmt":"2021-01-15T14:21:55","guid":{"rendered":"https:\/\/codengine3.ch\/?product=import-placeholder-for-206351"},"modified":"2021-01-15T14:48:19","modified_gmt":"2021-01-15T14:48:19","slug":"cerro-torre-cumbre-dvd","status":"publish","type":"product","link":"https:\/\/pizbube.ch\/en\/shop\/cerro-torre-cumbre-dvd\/","title":{"rendered":"Cerro Torre Cumbre DVD"},"content":{"rendered":"<p>La premi\u00e8re ascension en solo du Cerro Torre en Patagonie, ce &#8218;hurlement<br \/>\np\u00e9trifi\u00e9&#8216; souvent consid\u00e9r\u00e9 comme la montagne la plus difficile au monde.<br \/>\nEn 1986, Marco Pedrini, qui a d\u00e9j\u00e0 r\u00e9alis\u00e9 avec succ\u00e8s les voies les plus<br \/>\ndifficiles des Alpes, d\u00e9cide de tenter l&#8217;impossible : la premi\u00e8re ascension en<br \/>\nsolo du Cerro Torre en Patagonie, ce &#8218;hurlement p\u00e9trifi\u00e9&#8216; souvent consid\u00e9r\u00e9<br \/>\ncomme la montagne la plus difficile au monde.<br \/>\nC&#8217;est l&#8217;une des plus grandes pages de l&#8217;histoire de l&#8217;alpinisme qui se d\u00e9roule<br \/>\nsous nos yeux dans un film qui constitue en lui-m\u00eame un v\u00e9ritable exploit,<br \/>\noffrant ces images \u00e0 couper le souffle tourn\u00e9es \u00e0 la verticale. Nous vivons<br \/>\nainsi en direct la progression spectaculaire de Marco Pedrini sur ces 1000<br \/>\nm\u00e8tres de paroi vertigineuse et glac\u00e9e.<br \/>\nCe film a \u00e9t\u00e9 r\u00e9alis\u00e9 par l&#8217;un des plus grands cin\u00e9astes de montagne, Fulvio<br \/>\nMariani, et a \u00e9t\u00e9 r\u00e9compens\u00e9 par de tr\u00e8s nombreux Prix dans les grands<br \/>\nFestivals Internationaux.<br \/>\nUn film de Fulvio Mariani, Dur\u00e9e : 40 minutes, Bonus  <\/p>\n<p>La prima scalata solitaria sul Cerro Torre (3128m). 26 novembre 1985. E\u2019<br \/>\npomeriggio inoltrato, quando Marco Pedrini incomincia la discesa: una<br \/>\nsplendida luna piena lo aiuta nelle manovre, permettendogli cos\u00ec di<br \/>\nraggiungere alle tre del mattino le tende e gli amici. Per la prima volta il<br \/>\nCerro Torre \u00e8 stato superato in solitaria e in giornata. Per esigenze<br \/>\ncinematografiche Pedrini torner\u00e0 in vetta il 1 dicembre accompagnato dal<br \/>\nCameraman Fulvio Mariani, il tempo non \u00e8 molto favorevole, cos\u00ec il 12 dicembre<br \/>\ni due risalgono fino sulla cima del Torre completando le riprese della parte<br \/>\nalta della montagna. Il 23 dicembre risalgono ancora una volta fino a pi\u00f9 di<br \/>\nmet\u00e0 via terminando le riprese del primo film professionale realizzato sulla<br \/>\n&#8218;montagna maledetta&#8216;, il Cerro Torre nelle Ande della Patagonia.  <\/p>\n<p>Cumbre, Fulvio Mariani\u2019s film about Marco Pedrini\u2019s first solo of Cerro Torre.<br \/>\nThe first ascent on the Cerro Torre (3128m) in solitary and one day. November<br \/>\n26th, 1985. Late in the afternoon, Marco Pedrini attempted his descent.<br \/>\nAssisted by a splendid full moon, he managed to reach the camp where his<br \/>\nfriends were waiting for his return, at 3 o\u2019clock in the morning. Pedrini<br \/>\nreturned onto the peak on December 1st, with cameraman Fulvio Mariani. The<br \/>\nweather was not good, so they both had to repeat their enterprise on December<br \/>\n1st in order to complete shooting on the higher part of the mountain. On<br \/>\nDecember 23rd they climbed more than half way up and put the final touch to<br \/>\nthe first professional film shot on the &#8218;evil mountain&#8216;, the Cerro Torre in<br \/>\nthe Andes of Patagonia.  <\/p>","protected":false},"excerpt":{"rendered":"<ul>\n<li><a href=\"https:\/\/vimeo.com\/111120559\" target=\"_blank\" rel=\"noopener\">Video: Trailer Cumbre<\/a><\/li>\n<\/ul>","protected":false},"featured_media":35356,"template":"","meta":[],"product_brand":[],"product_cat":[21628],"product_tag":[],"class_list":{"0":"post-154024","1":"product","2":"type-product","3":"status-publish","4":"has-post-thumbnail","6":"product_cat-video-dvd-multimedia","7":"pa_autor-mariani","8":"pa_erscheinungsjahr-2010-1986","9":"pa_region-amerika-sued","10":"pa_sprache-f","11":"pa_sprache-i","13":"first","14":"outofstock","15":"taxable","16":"shipping-taxable","17":"purchasable","18":"product-type-simple"},"_links":{"self":[{"href":"https:\/\/pizbube.ch\/en\/wp-json\/wp\/v2\/product\/154024","targetHints":{"allow":["GET"]}}],"collection":[{"href":"https:\/\/pizbube.ch\/en\/wp-json\/wp\/v2\/product"}],"about":[{"href":"https:\/\/pizbube.ch\/en\/wp-json\/wp\/v2\/types\/product"}],"wp:featuredmedia":[{"embeddable":true,"href":"https:\/\/pizbube.ch\/en\/wp-json\/wp\/v2\/media\/35356"}],"wp:attachment":[{"href":"https:\/\/pizbube.ch\/en\/wp-json\/wp\/v2\/media?parent=154024"}],"wp:term":[{"taxonomy":"product_brand","embeddable":true,"href":"https:\/\/pizbube.ch\/en\/wp-json\/wp\/v2\/product_brand?post=154024"},{"taxonomy":"product_cat","embeddable":true,"href":"https:\/\/pizbube.ch\/en\/wp-json\/wp\/v2\/product_cat?post=154024"},{"taxonomy":"product_tag","embeddable":true,"href":"https:\/\/pizbube.ch\/en\/wp-json\/wp\/v2\/product_tag?post=154024"}],"curies":[{"name":"wp","href":"https:\/\/api.w.org\/{rel}","templated":true}]}}