{"id":154025,"date":"2021-01-15T14:21:55","date_gmt":"2021-01-15T14:21:55","guid":{"rendered":"https:\/\/codengine3.ch\/?product=import-placeholder-for-207793"},"modified":"2021-01-15T16:58:41","modified_gmt":"2021-01-15T16:58:41","slug":"free-der-cerro-torre-das-unmoegliche-und-ich","status":"publish","type":"product","link":"https:\/\/pizbube.ch\/en\/shop\/free-der-cerro-torre-das-unmoegliche-und-ich\/","title":{"rendered":"Free &#8211; Der Cerro Torre, das Unm\u00f6gliche und ich"},"content":{"rendered":"<p>David Lama bezwingt den mythischen Berg<\/p>\n<p>\u201eYou haven\u2019t got a snowball\u2019s chance in hell\u201c \u2013 Du hast nicht den Hauch einer<br \/>\nChance, sagte Kletterlegende Jim Bridwell, als er von David Lamas Plan erfuhr.<br \/>\nDoch nichts konnte f\u00fcr den damals 19-j\u00e4hrigen Tiroler reizvoller sein, als<br \/>\netwas scheinbar Unm\u00f6gliches zu schaffen.<br \/>\nSpannend und brutal ehrlich erz\u00e4hlt David Lama, was er in den drei Wintern am<br \/>\nlegend\u00e4ren Gipfel Patagoniens erlebt hat. Wie seine hochfliegenden Tr\u00e4ume von<br \/>\nder Realit\u00e4t einer international gef\u00fchrten Debatte um \u201eShow\u201c und Regeln des<br \/>\nmodernen Alpinismus eingeholt wurden. Und wie ihm und seinem Kletterpartner am<br \/>\nEnde gegen alle Zweifel die erste freie Besteigung des Cerro Torre gelang.<\/p>","protected":false},"excerpt":{"rendered":"<p>David Lama bezwingt den mythischen Berg \u201eYou haven\u2019t got a snowball\u2019s chance in hell\u201c \u2013 Du hast nicht den Hauch einer Chance, sagte Kletterlegende Jim Bridwell, als er von David Lamas Plan erfuhr. Doch nichts konnte f\u00fcr den damals 19-j\u00e4hrigen Tiroler reizvoller sein, als etwas scheinbar Unm\u00f6gliches zu schaffen. Spannend und brutal ehrlich erz\u00e4hlt David [&#8230;]\n","protected":false},"featured_media":38503,"template":"","meta":[],"product_brand":[],"product_cat":[21542],"product_tag":[],"class_list":{"0":"post-154025","1":"product","2":"type-product","3":"status-publish","4":"has-post-thumbnail","6":"product_cat-sachbuecher-dokumentationen","7":"pa_autor-lama","8":"pa_erscheinungsjahr-21568","9":"pa_region-deutschland","10":"pa_sprache-de","12":"first","13":"instock","14":"taxable","15":"shipping-taxable","16":"purchasable","17":"product-type-simple"},"_links":{"self":[{"href":"https:\/\/pizbube.ch\/en\/wp-json\/wp\/v2\/product\/154025","targetHints":{"allow":["GET"]}}],"collection":[{"href":"https:\/\/pizbube.ch\/en\/wp-json\/wp\/v2\/product"}],"about":[{"href":"https:\/\/pizbube.ch\/en\/wp-json\/wp\/v2\/types\/product"}],"wp:featuredmedia":[{"embeddable":true,"href":"https:\/\/pizbube.ch\/en\/wp-json\/wp\/v2\/media\/38503"}],"wp:attachment":[{"href":"https:\/\/pizbube.ch\/en\/wp-json\/wp\/v2\/media?parent=154025"}],"wp:term":[{"taxonomy":"product_brand","embeddable":true,"href":"https:\/\/pizbube.ch\/en\/wp-json\/wp\/v2\/product_brand?post=154025"},{"taxonomy":"product_cat","embeddable":true,"href":"https:\/\/pizbube.ch\/en\/wp-json\/wp\/v2\/product_cat?post=154025"},{"taxonomy":"product_tag","embeddable":true,"href":"https:\/\/pizbube.ch\/en\/wp-json\/wp\/v2\/product_tag?post=154025"}],"curies":[{"name":"wp","href":"https:\/\/api.w.org\/{rel}","templated":true}]}}