{"id":154026,"date":"2021-01-15T14:21:55","date_gmt":"2021-01-15T14:21:55","guid":{"rendered":"https:\/\/codengine3.ch\/?product=import-placeholder-for-206274"},"modified":"2021-01-15T14:47:43","modified_gmt":"2021-01-15T14:47:43","slug":"gasherbrum-der-leuchtende-berg-tb","status":"publish","type":"product","link":"https:\/\/pizbube.ch\/en\/shop\/gasherbrum-der-leuchtende-berg-tb\/","title":{"rendered":"Gasherbrum &#8211; Der leuchtende Berg (TB)"},"content":{"rendered":"<p>F\u00fcr die Geschichte des H\u00f6henbergsteigens war es eine Sensation, in den Ohren<br \/>\nder Kritiker klang es wie Hohn, als Reinhold Messner und Peter Habeler 1975 am<br \/>\nGasherbrum I das Unm\u00f6gliche vollbrachten: zu zweit einen Achttausender zu<br \/>\nbesteigen, ohne Fixseile, k\u00fcnstlichen Sauerstoff und zuvor eingerichtete<br \/>\nH\u00f6henlager. Messner gelang es erstmals, den Beweis f\u00fcr seine Vermutung zu<br \/>\nerbringen, dass eine Zweierseilschaft im Alpinstil wesentlich schneller,<br \/>\nflexibler und erfolgreicher in gro\u00dfen H\u00f6hen sein kann als eine Besteigung im<br \/>\ntr\u00e4gen, logistisch extrem aufwendigen und kostenintensiven Expeditionsstil.<br \/>\nWie die beiden v\u00f6llig auf sich gestellt den 8068 Meter hohen Gipfel des GI<br \/>\n(Hidden Peak) &#8218;by fair means&#8216; erreichten und wie Messner wenig sp\u00e4ter mit Hans<br \/>\nKammerlander die Doppel\u00fcberschreitung des GII und GI gl\u00fcckte, schildert dieser<br \/>\npackende Bericht.<br \/>\nMessners legend\u00e4re Gasherbrum-Expeditionen mit Peter Habeler und Hans<br \/>\nKammerlander in einem Band.  <\/p>","protected":false},"excerpt":{"rendered":"<p>F\u00fcr die Geschichte des H\u00f6henbergsteigens war es eine Sensation, in den Ohren der Kritiker klang es wie Hohn, als Reinhold Messner und Peter Habeler 1975 am Gasherbrum I das Unm\u00f6gliche vollbrachten: zu zweit einen Achttausender zu besteigen, ohne Fixseile, k\u00fcnstlichen Sauerstoff und zuvor eingerichtete H\u00f6henlager. Messner gelang es erstmals, den Beweis f\u00fcr seine Vermutung zu [&#8230;]\n","protected":false},"featured_media":35258,"template":"","meta":[],"product_brand":[],"product_cat":[21542],"product_tag":[],"class_list":{"0":"post-154026","1":"product","2":"type-product","3":"status-publish","4":"has-post-thumbnail","6":"product_cat-sachbuecher-dokumentationen","7":"pa_autor-messner","8":"pa_erscheinungsjahr-21830","9":"pa_region-asien","10":"pa_sprache-de","12":"first","13":"instock","14":"taxable","15":"shipping-taxable","16":"purchasable","17":"product-type-simple"},"_links":{"self":[{"href":"https:\/\/pizbube.ch\/en\/wp-json\/wp\/v2\/product\/154026","targetHints":{"allow":["GET"]}}],"collection":[{"href":"https:\/\/pizbube.ch\/en\/wp-json\/wp\/v2\/product"}],"about":[{"href":"https:\/\/pizbube.ch\/en\/wp-json\/wp\/v2\/types\/product"}],"wp:featuredmedia":[{"embeddable":true,"href":"https:\/\/pizbube.ch\/en\/wp-json\/wp\/v2\/media\/35258"}],"wp:attachment":[{"href":"https:\/\/pizbube.ch\/en\/wp-json\/wp\/v2\/media?parent=154026"}],"wp:term":[{"taxonomy":"product_brand","embeddable":true,"href":"https:\/\/pizbube.ch\/en\/wp-json\/wp\/v2\/product_brand?post=154026"},{"taxonomy":"product_cat","embeddable":true,"href":"https:\/\/pizbube.ch\/en\/wp-json\/wp\/v2\/product_cat?post=154026"},{"taxonomy":"product_tag","embeddable":true,"href":"https:\/\/pizbube.ch\/en\/wp-json\/wp\/v2\/product_tag?post=154026"}],"curies":[{"name":"wp","href":"https:\/\/api.w.org\/{rel}","templated":true}]}}