{"id":154028,"date":"2021-01-15T14:21:55","date_gmt":"2021-01-15T14:21:55","guid":{"rendered":"https:\/\/codengine3.ch\/?product=import-placeholder-for-205757"},"modified":"2021-01-15T14:43:41","modified_gmt":"2021-01-15T14:43:41","slug":"seiltanz-taschenbuch","status":"publish","type":"product","link":"https:\/\/pizbube.ch\/en\/shop\/seiltanz-taschenbuch\/","title":{"rendered":"Seiltanz (Taschenbuch)"},"content":{"rendered":"<p>Die Geschichten meines Lebens  <\/p>\n<p>Er ist der Erstbesteiger von zwei Achttausendern, des Broad Peak und des<br \/>\nDhaulagiri. Wer dieses Buch liest, versteht, warum Kurt Diemberger auch mit 75<br \/>\nJahren f\u00fcr das Abenteuer lebt.  <\/p>\n<p>Kurt Diemberger ist der einzige lebende Bergsteiger, dem zwei Achttausender-<br \/>\nErstbesteigungen gegl\u00fcckt sind. 2007 wird der 50. Jahrestag der Broad-Peak-<br \/>\nErst\u00adbe\u00adsteigung ge\u00adfeiert. Kurt Diemberger ist am 9. Juni 1957 dabei &#8211;<br \/>\nHermann Buhl, Marcus Schmuck, Fritz Winter\u00adsteller und er erreichen den<br \/>\nGipfel. Wenig sp\u00e4ter, am 27. Juni 1957, erlebt er hautnah, wie Buhl an der<br \/>\nCho\u00adgolisa t\u00f6dlich abst\u00fcrzt. Bis heute gibt es Streit um beide Ereignisse.  <\/p>\n<p>Diembergers neues Buch erz\u00e4hlt die Ge\u00adschichten seines langen, erfolgreichen,<br \/>\nzugleich von tragischen Erfahrungen gepr\u00e4gten Abenteurerlebens. Tibet und<br \/>\nNepal, die gro\u00dfen Berge des Himalayas, Gr\u00f6nland, S\u00fcdamerika, W\u00e4nde und Gipfel<br \/>\nder Alpen, R\u00e4tsel, Gl\u00fcck und Fluch der Berge, kleine Anekdoten, skurrile<br \/>\nErlebnisse &#8211; davon berichtet Kurt Diemberger, die Berg\u00adsteigerlegende mit der<br \/>\nungebrochenen Aus\u00ad\u00adstrahlung.<\/p>","protected":false},"excerpt":{"rendered":"<p>Die Geschichten meines Lebens Er ist der Erstbesteiger von zwei Achttausendern, des Broad Peak und des Dhaulagiri. Wer dieses Buch liest, versteht, warum Kurt Diemberger auch mit 75 Jahren f\u00fcr das Abenteuer lebt. Kurt Diemberger ist der einzige lebende Bergsteiger, dem zwei Achttausender- Erstbesteigungen gegl\u00fcckt sind. 2007 wird der 50. Jahrestag der Broad-Peak- Erst\u00adbe\u00adsteigung ge\u00adfeiert. [&#8230;]\n","protected":false},"featured_media":34573,"template":"","meta":[],"product_brand":[],"product_cat":[21542],"product_tag":[],"class_list":{"0":"post-154028","1":"product","2":"type-product","3":"status-publish","4":"has-post-thumbnail","6":"product_cat-sachbuecher-dokumentationen","7":"pa_autor-diemberger","8":"pa_erscheinungsjahr-21693","9":"pa_region-deutschland","10":"pa_sprache-de","12":"first","13":"outofstock","14":"taxable","15":"shipping-taxable","16":"purchasable","17":"product-type-simple"},"_links":{"self":[{"href":"https:\/\/pizbube.ch\/en\/wp-json\/wp\/v2\/product\/154028","targetHints":{"allow":["GET"]}}],"collection":[{"href":"https:\/\/pizbube.ch\/en\/wp-json\/wp\/v2\/product"}],"about":[{"href":"https:\/\/pizbube.ch\/en\/wp-json\/wp\/v2\/types\/product"}],"wp:featuredmedia":[{"embeddable":true,"href":"https:\/\/pizbube.ch\/en\/wp-json\/wp\/v2\/media\/34573"}],"wp:attachment":[{"href":"https:\/\/pizbube.ch\/en\/wp-json\/wp\/v2\/media?parent=154028"}],"wp:term":[{"taxonomy":"product_brand","embeddable":true,"href":"https:\/\/pizbube.ch\/en\/wp-json\/wp\/v2\/product_brand?post=154028"},{"taxonomy":"product_cat","embeddable":true,"href":"https:\/\/pizbube.ch\/en\/wp-json\/wp\/v2\/product_cat?post=154028"},{"taxonomy":"product_tag","embeddable":true,"href":"https:\/\/pizbube.ch\/en\/wp-json\/wp\/v2\/product_tag?post=154028"}],"curies":[{"name":"wp","href":"https:\/\/api.w.org\/{rel}","templated":true}]}}