{"id":154029,"date":"2021-01-15T14:21:55","date_gmt":"2021-01-15T14:21:55","guid":{"rendered":"https:\/\/codengine3.ch\/?product=import-placeholder-for-206289"},"modified":"2023-02-24T10:31:11","modified_gmt":"2023-02-24T09:31:11","slug":"der-versteckte-achttausender","status":"publish","type":"product","link":"https:\/\/pizbube.ch\/en\/shop\/der-versteckte-achttausender\/","title":{"rendered":"Der versteckte Achttausender"},"content":{"rendered":"<p>Triumph und Trag\u00f6die am Hidden Peak<\/p>\n<p>Mit 8068 m ist der Hidden Peak, auch Gasherbrum I genannt, der elfth\u00f6chste<br \/>\nBerg der Erde. Dieter Porsche und sein Partner Peter Guggemos steigen an einem<br \/>\nTag die 2000 H\u00f6henmeter vom Basislager zum Lager III in 7000 m auf und<br \/>\nbeginnen gegen Mitternacht mit dem Aufstieg zum Gipfel. Kurz nach dem Aufbruch<br \/>\nst\u00fcrzt Peter Guggemos \u00fcber 300 m ab, kehrt aber aus eigener Kraft zum Lager<br \/>\nIII zur\u00fcck.<\/p>\n<p>Dieter Porsche steigt alleine zum Gipfel und erf\u00e4hrt erst nach der<br \/>\nR\u00fcckkehr zum Lager von dem Unfall. In diesem packenden Expeditionsbericht<br \/>\nschildert er seine 31-Stunden-Speedbegehung und den Unfall seines Partners.<br \/>\nDieter Porsche ist seit 1985 auf den Bergen der Welt unterwegs. Er bestieg<br \/>\nneben acht Achttausendern und dem S\u00fcdgipfel des Mount Everest auch vier<br \/>\nSiebentausender sowie mehrere Sechstausender.<\/p>","protected":false},"excerpt":{"rendered":"<p>Triumph und Trag\u00f6die am Hidden Peak Mit 8068 m ist der Hidden Peak, auch Gasherbrum I genannt, der elfth\u00f6chste Berg der Erde. Dieter Porsche und sein Partner Peter Guggemos steigen an einem Tag die 2000 H\u00f6henmeter vom Basislager zum Lager III in 7000 m auf und beginnen gegen Mitternacht mit dem Aufstieg zum Gipfel. Kurz [&#8230;]\n","protected":false},"featured_media":35276,"template":"","meta":[],"product_brand":[],"product_cat":[21542],"product_tag":[],"class_list":{"0":"post-154029","1":"product","2":"type-product","3":"status-publish","4":"has-post-thumbnail","6":"product_cat-sachbuecher-dokumentationen","7":"pa_autor-porsche","8":"pa_erscheinungsjahr-21830","9":"pa_region-asien","10":"pa_sprache-de","12":"first","13":"outofstock","14":"taxable","15":"shipping-taxable","16":"purchasable","17":"product-type-simple"},"_links":{"self":[{"href":"https:\/\/pizbube.ch\/en\/wp-json\/wp\/v2\/product\/154029","targetHints":{"allow":["GET"]}}],"collection":[{"href":"https:\/\/pizbube.ch\/en\/wp-json\/wp\/v2\/product"}],"about":[{"href":"https:\/\/pizbube.ch\/en\/wp-json\/wp\/v2\/types\/product"}],"wp:featuredmedia":[{"embeddable":true,"href":"https:\/\/pizbube.ch\/en\/wp-json\/wp\/v2\/media\/35276"}],"wp:attachment":[{"href":"https:\/\/pizbube.ch\/en\/wp-json\/wp\/v2\/media?parent=154029"}],"wp:term":[{"taxonomy":"product_brand","embeddable":true,"href":"https:\/\/pizbube.ch\/en\/wp-json\/wp\/v2\/product_brand?post=154029"},{"taxonomy":"product_cat","embeddable":true,"href":"https:\/\/pizbube.ch\/en\/wp-json\/wp\/v2\/product_cat?post=154029"},{"taxonomy":"product_tag","embeddable":true,"href":"https:\/\/pizbube.ch\/en\/wp-json\/wp\/v2\/product_tag?post=154029"}],"curies":[{"name":"wp","href":"https:\/\/api.w.org\/{rel}","templated":true}]}}