{"id":154030,"date":"2021-01-15T14:21:55","date_gmt":"2021-01-15T14:21:55","guid":{"rendered":"https:\/\/codengine3.ch\/?product=import-placeholder-for-207020"},"modified":"2021-01-15T14:54:21","modified_gmt":"2021-01-15T14:54:21","slug":"unterwegs-zwischen-null-und-achttausend","status":"publish","type":"product","link":"https:\/\/pizbube.ch\/en\/shop\/unterwegs-zwischen-null-und-achttausend\/","title":{"rendered":"Unterwegs zwischen Null und Achttausend"},"content":{"rendered":"<p>Bilder aus meinem Leben  <\/p>\n<p>Kurt Diemberger, der einzige noch Lebende, dem au\u00dfer Hermann Buhl die<br \/>\nErstbesteigung zweier Achttausender gelang, ist durch seine B\u00fccher, Vortr\u00e4ge<br \/>\nund Filme weltweit bekannt geworden. Er nahm an mehr als zwanzig Expeditionen<br \/>\nteil, brachte den ersten Tonfilm vom Gipfel des Everest herab, stieg mit der<br \/>\nKamera in Schluchten und Urw\u00e4lder und dokumentierte das Leben der<br \/>\nEinheimischen bis in entlegene Winkel der Erde. Damit hat er den<br \/>\nEntdeckergeist in vielen anderen wachgerufen, lie\u00df sie vielleicht auch<br \/>\nbegreifen, dass der Blick um die n\u00e4chste Ecke in ein unbekanntes Tal kein<br \/>\ngeringeres Ziel ist als das gef\u00e4hrliche Erreichen eines hohen Gipfels.<br \/>\nTrotzdem verlor Kurt seine Teamgef\u00e4hrtin Julie Tullis im H\u00f6hensturm am K2,<br \/>\nst\u00fcrzte Hermann Buhl an der Chogolisa mit einer W\u00e4chte in die Tiefe. Die<br \/>\nFaszination der Himalaya-Gipfel kann niemand erkl\u00e4ren ebenso wenig wie den<br \/>\nZauber verborgener heiliger T\u00e4ler an ihrem Fu\u00df. Doch die Bilder des Buches<br \/>\nerz\u00e4hlen davon und Kurts Filme und literarische Werke errangen internationale<br \/>\nFestivalpreise. Kurt lebt und arbeitet an seinen Werken in Bologna und<br \/>\nSalzburg, doch wo \u00fcberall sonst sein Zelt steht und dieser Erdenwanderer<br \/>\ndaheim ist, das zeigen die Bilder dieses Buches.  <\/p>","protected":false},"excerpt":{"rendered":"<p>Bilder aus meinem Leben Kurt Diemberger, der einzige noch Lebende, dem au\u00dfer Hermann Buhl die Erstbesteigung zweier Achttausender gelang, ist durch seine B\u00fccher, Vortr\u00e4ge und Filme weltweit bekannt geworden. Er nahm an mehr als zwanzig Expeditionen teil, brachte den ersten Tonfilm vom Gipfel des Everest herab, stieg mit der Kamera in Schluchten und Urw\u00e4lder und [&#8230;]\n","protected":false},"featured_media":36597,"template":"","meta":[],"product_brand":[],"product_cat":[21542],"product_tag":[],"class_list":{"0":"post-154030","1":"product","2":"type-product","3":"status-publish","4":"has-post-thumbnail","6":"product_cat-sachbuecher-dokumentationen","7":"pa_autor-diemberger","8":"pa_erscheinungsjahr-21621","9":"pa_region-schweiz","10":"pa_sprache-de","12":"first","13":"instock","14":"taxable","15":"shipping-taxable","16":"purchasable","17":"product-type-simple"},"_links":{"self":[{"href":"https:\/\/pizbube.ch\/en\/wp-json\/wp\/v2\/product\/154030","targetHints":{"allow":["GET"]}}],"collection":[{"href":"https:\/\/pizbube.ch\/en\/wp-json\/wp\/v2\/product"}],"about":[{"href":"https:\/\/pizbube.ch\/en\/wp-json\/wp\/v2\/types\/product"}],"wp:featuredmedia":[{"embeddable":true,"href":"https:\/\/pizbube.ch\/en\/wp-json\/wp\/v2\/media\/36597"}],"wp:attachment":[{"href":"https:\/\/pizbube.ch\/en\/wp-json\/wp\/v2\/media?parent=154030"}],"wp:term":[{"taxonomy":"product_brand","embeddable":true,"href":"https:\/\/pizbube.ch\/en\/wp-json\/wp\/v2\/product_brand?post=154030"},{"taxonomy":"product_cat","embeddable":true,"href":"https:\/\/pizbube.ch\/en\/wp-json\/wp\/v2\/product_cat?post=154030"},{"taxonomy":"product_tag","embeddable":true,"href":"https:\/\/pizbube.ch\/en\/wp-json\/wp\/v2\/product_tag?post=154030"}],"curies":[{"name":"wp","href":"https:\/\/api.w.org\/{rel}","templated":true}]}}