{"id":154031,"date":"2021-01-15T14:21:55","date_gmt":"2021-01-15T14:21:55","guid":{"rendered":"https:\/\/codengine3.ch\/?product=import-placeholder-for-205794"},"modified":"2021-01-15T14:43:57","modified_gmt":"2021-01-15T14:43:57","slug":"liebeserklaerungen-hommage-an-das-bietschhorn","status":"publish","type":"product","link":"https:\/\/pizbube.ch\/en\/shop\/liebeserklaerungen-hommage-an-das-bietschhorn\/","title":{"rendered":"Liebeserkl\u00e4rungen &#8211; Hommage an das Bietschhorn"},"content":{"rendered":"<p>Nicht weniger als 36 Autoren aus verschiedensten Bereichen haben eine<br \/>\nLiebeserkl\u00e4rung an das Bietschhornverfasst. Nicht unbedingt Geschichtliches<br \/>\noder Geografisches, sondern die Gef\u00fchle beim Besteigenund Bewundern sollten im<br \/>\nVordergrund stehen.  <\/p>\n<p>So kamen zahlreiche Beitr\u00e4ge zusammen, die harmonisch und abwechslungsreich zu<br \/>\neinem Buch zusammengestellt wurden. Die gew\u00e4hlten Technikensind vielf\u00e4ltiger<br \/>\nNatur. Da wurde niedergeschrieben, gemalt, fotografiert, geschnitten &#8211; jeder<br \/>\nK\u00fcnstler nach seinen Neigungen und Vorlieben. Zahlreiche Dokumente wie Ausz\u00fcge<br \/>\naus Bergf\u00fchrerb\u00fcchern, alte Fotografien, Notizen, Gedichte,<br \/>\nZeitungsausschnitte oder Zeichnungen sind in langer und geduldiger Sucharbeit<br \/>\n&#8211; vielfach aus Privatbesitz stammend &#8211; gesammelt und eine Auswahl davon in<br \/>\ndiesem Buch publiziert worden.  <\/p>","protected":false},"excerpt":{"rendered":"<p>Nicht weniger als 36 Autoren aus verschiedensten Bereichen haben eine Liebeserkl\u00e4rung an das Bietschhornverfasst. Nicht unbedingt Geschichtliches oder Geografisches, sondern die Gef\u00fchle beim Besteigenund Bewundern sollten im Vordergrund stehen. So kamen zahlreiche Beitr\u00e4ge zusammen, die harmonisch und abwechslungsreich zu einem Buch zusammengestellt wurden. Die gew\u00e4hlten Technikensind vielf\u00e4ltiger Natur. Da wurde niedergeschrieben, gemalt, fotografiert, geschnitten &#8211; [&#8230;]\n","protected":false},"featured_media":34615,"template":"","meta":[],"product_brand":[],"product_cat":[21542],"product_tag":[],"class_list":{"0":"post-154031","1":"product","2":"type-product","3":"status-publish","4":"has-post-thumbnail","6":"product_cat-sachbuecher-dokumentationen","7":"pa_autor-bellwald","8":"pa_erscheinungsjahr-21693","9":"pa_region-schweiz","10":"pa_sprache-de","12":"first","13":"instock","14":"taxable","15":"shipping-taxable","16":"purchasable","17":"product-type-simple"},"_links":{"self":[{"href":"https:\/\/pizbube.ch\/en\/wp-json\/wp\/v2\/product\/154031","targetHints":{"allow":["GET"]}}],"collection":[{"href":"https:\/\/pizbube.ch\/en\/wp-json\/wp\/v2\/product"}],"about":[{"href":"https:\/\/pizbube.ch\/en\/wp-json\/wp\/v2\/types\/product"}],"wp:featuredmedia":[{"embeddable":true,"href":"https:\/\/pizbube.ch\/en\/wp-json\/wp\/v2\/media\/34615"}],"wp:attachment":[{"href":"https:\/\/pizbube.ch\/en\/wp-json\/wp\/v2\/media?parent=154031"}],"wp:term":[{"taxonomy":"product_brand","embeddable":true,"href":"https:\/\/pizbube.ch\/en\/wp-json\/wp\/v2\/product_brand?post=154031"},{"taxonomy":"product_cat","embeddable":true,"href":"https:\/\/pizbube.ch\/en\/wp-json\/wp\/v2\/product_cat?post=154031"},{"taxonomy":"product_tag","embeddable":true,"href":"https:\/\/pizbube.ch\/en\/wp-json\/wp\/v2\/product_tag?post=154031"}],"curies":[{"name":"wp","href":"https:\/\/api.w.org\/{rel}","templated":true}]}}