{"id":154032,"date":"2021-01-15T14:21:56","date_gmt":"2021-01-15T14:21:56","guid":{"rendered":"https:\/\/codengine3.ch\/?product=import-placeholder-for-207061"},"modified":"2025-07-11T10:54:22","modified_gmt":"2025-07-11T08:54:22","slug":"loetschental-125000","status":"publish","type":"product","link":"https:\/\/pizbube.ch\/en\/shop\/loetschental-125000\/","title":{"rendered":"L\u00f6tschental 1:25&#8217;000"},"content":{"rendered":"<p>Wanderkarte L\u00f6tschental; 1:25&#8217;000 auf Basis swisstopo.<br \/>\nUnesco Weltnaturerbe Jungfrau-Aletsch<\/p>\n<p>L\u00f6tschentaler Sagenweg \/ H\u00f6henweg; Lehrpfad Gletschervorfeld<\/p>\n<p>Die neue Wanderkarte L\u00d6TSCHENTAL, mitten im UNESCO Weltnaturerbe Jungfrau-<br \/>\nAletsch gelegen, bietet neu auch die M\u00f6glichkeit, \u00fcber einen QR-Code direkten<br \/>\nEinstieg via Smartphone zu den digitalen weiteren Karten und INFOS \u00fcber das<br \/>\nWanderparadies L\u00f6tschental zu erhalten.<\/p>\n<p>Topografische Wanderkarte mit detaillierten Routenbeschreibungen in Deutsch, Franz\u00f6sisch und Englisch.<\/p>","protected":false},"excerpt":{"rendered":"<p>Wanderkarte L\u00f6tschental; 1:25&#8217;000 auf Basis swisstopo. Unesco Weltnaturerbe Jungfrau-Aletsch L\u00f6tschentaler Sagenweg \/ H\u00f6henweg; Lehrpfad Gletschervorfeld Die neue Wanderkarte L\u00d6TSCHENTAL, mitten im UNESCO Weltnaturerbe Jungfrau- Aletsch gelegen, bietet neu auch die M\u00f6glichkeit, \u00fcber einen QR-Code direkten Einstieg via Smartphone zu den digitalen weiteren Karten und INFOS \u00fcber das Wanderparadies L\u00f6tschental zu erhalten. Topografische Wanderkarte mit detaillierten [&#8230;]\n","protected":false},"featured_media":158378,"template":"","meta":[],"product_brand":[],"product_cat":[21543],"product_tag":[],"class_list":{"0":"post-154032","1":"product","2":"type-product","3":"status-publish","4":"has-post-thumbnail","6":"product_cat-landkarten","7":"pa_autor-rotten","8":"pa_erscheinungsjahr-21558","9":"pa_region-schweiz","10":"pa_sprache-d","11":"pa_sprache-e","12":"pa_sprache-f","13":"pa_sprache-i","15":"first","16":"outofstock","17":"taxable","18":"shipping-taxable","19":"purchasable","20":"product-type-simple"},"_links":{"self":[{"href":"https:\/\/pizbube.ch\/en\/wp-json\/wp\/v2\/product\/154032","targetHints":{"allow":["GET"]}}],"collection":[{"href":"https:\/\/pizbube.ch\/en\/wp-json\/wp\/v2\/product"}],"about":[{"href":"https:\/\/pizbube.ch\/en\/wp-json\/wp\/v2\/types\/product"}],"wp:featuredmedia":[{"embeddable":true,"href":"https:\/\/pizbube.ch\/en\/wp-json\/wp\/v2\/media\/158378"}],"wp:attachment":[{"href":"https:\/\/pizbube.ch\/en\/wp-json\/wp\/v2\/media?parent=154032"}],"wp:term":[{"taxonomy":"product_brand","embeddable":true,"href":"https:\/\/pizbube.ch\/en\/wp-json\/wp\/v2\/product_brand?post=154032"},{"taxonomy":"product_cat","embeddable":true,"href":"https:\/\/pizbube.ch\/en\/wp-json\/wp\/v2\/product_cat?post=154032"},{"taxonomy":"product_tag","embeddable":true,"href":"https:\/\/pizbube.ch\/en\/wp-json\/wp\/v2\/product_tag?post=154032"}],"curies":[{"name":"wp","href":"https:\/\/api.w.org\/{rel}","templated":true}]}}