{"id":154033,"date":"2021-01-15T14:21:56","date_gmt":"2021-01-15T14:21:56","guid":{"rendered":"https:\/\/codengine3.ch\/?product=import-placeholder-for-204752"},"modified":"2021-01-15T14:36:00","modified_gmt":"2021-01-15T14:36:00","slug":"klettersteigfuehrer-deutschland","status":"publish","type":"product","link":"https:\/\/pizbube.ch\/en\/shop\/klettersteigfuehrer-deutschland\/","title":{"rendered":"Klettersteigf\u00fchrer Deutschland"},"content":{"rendered":"<p>Alle lohnenden Klettersteige in Deutschland und in Grenzn\u00e4he der Nachbarl\u00e4nder<\/p>\n<p>Der Klettersteigboom macht auch in Deutschland nicht halt. Die bereits zweite<br \/>\nAuflage des Klettersteigf\u00fchrers Deutschland stellt alle lohnenden Eisenwege<br \/>\nabseits der anspruchsvollen Wanderwege vor. Bestehende Klettersteige wurden<br \/>\naktualisiert und neue hinzugef\u00fcgt. Leichte Steige mit Wanderweg-Charakter<br \/>\nwerden im Buch nur kurz aufgelistet.  <\/p>\n<p>Zus\u00e4tzlich zu den deutschen Klettersteigen wurden auch sch\u00f6ne Klettersteige in<br \/>\nden grenznahen Regionen \u00d6sterreichs und Tschechiens aufgenommen.Der Touren-App<br \/>\nZugang erm\u00f6glicht den Zugriff auf die Toureninformation, Karten, die Topos und<br \/>\ndie GPS-Daten der Touren.  <\/p>\n<p>Besonderer Wert wurde neben den genauen Tourenbeschreibungen und Wandbildern<br \/>\nauf aussagekr\u00e4ftige Skizzen (Topos) gelegt, in denen neben der exakten<br \/>\nBewertung der einzelnen Steigabschnitte auch auf m\u00f6gliche Gefahrenstellen (z.<br \/>\nB. Schneerinnen, Steinschlagzonen) hingewiesen wird. Das Buch ist ein<br \/>\nprofundes F\u00fchrerwerk f\u00fcr Klettersteiggeher, die das vertikale Abenteuer suchen<br \/>\nund wird vom Verband der Deutschen Berg- und Skif\u00fchrer empfohlen.  <\/p>\n<p>Erweiterte und aktualisierte Neuauflage; 288 Seiten, Format 15,4 x 22 cm<br \/>\nkompl. vierf\u00e4rbig auf speziellem Kunstdruckpapier gedruckt, stabile<br \/>\nFadenheftung. GPS-Daten zum Download! Zu- u. Abstiegskarten, genaue<br \/>\nToposkizzen, und ca. 500 Farbfotos!<\/p>\n<p>There are also short English abstracts with the most important information<br \/>\nabout the fixed rope routes in the book.  <\/p>","protected":false},"excerpt":{"rendered":"<p>Alle lohnenden Klettersteige in Deutschland und in Grenzn\u00e4he der Nachbarl\u00e4nder Der Klettersteigboom macht auch in Deutschland nicht halt. Die bereits zweite Auflage des Klettersteigf\u00fchrers Deutschland stellt alle lohnenden Eisenwege abseits der anspruchsvollen Wanderwege vor. Bestehende Klettersteige wurden aktualisiert und neue hinzugef\u00fcgt. Leichte Steige mit Wanderweg-Charakter werden im Buch nur kurz aufgelistet. Zus\u00e4tzlich zu den deutschen [&#8230;]\n","protected":false},"featured_media":32573,"template":"","meta":[],"product_brand":[],"product_cat":[21544],"product_tag":[],"class_list":{"0":"post-154033","1":"product","2":"type-product","3":"status-publish","4":"has-post-thumbnail","6":"product_cat-fuehrerliteratur-alpin-sommer","7":"pa_autor-jentzsch-rabl-wissekal-jentzsch","8":"pa_erscheinungsjahr-21586","9":"pa_region-deutschland","10":"pa_sprache-de-en","12":"first","13":"instock","14":"taxable","15":"shipping-taxable","16":"purchasable","17":"product-type-simple"},"_links":{"self":[{"href":"https:\/\/pizbube.ch\/en\/wp-json\/wp\/v2\/product\/154033","targetHints":{"allow":["GET"]}}],"collection":[{"href":"https:\/\/pizbube.ch\/en\/wp-json\/wp\/v2\/product"}],"about":[{"href":"https:\/\/pizbube.ch\/en\/wp-json\/wp\/v2\/types\/product"}],"wp:featuredmedia":[{"embeddable":true,"href":"https:\/\/pizbube.ch\/en\/wp-json\/wp\/v2\/media\/32573"}],"wp:attachment":[{"href":"https:\/\/pizbube.ch\/en\/wp-json\/wp\/v2\/media?parent=154033"}],"wp:term":[{"taxonomy":"product_brand","embeddable":true,"href":"https:\/\/pizbube.ch\/en\/wp-json\/wp\/v2\/product_brand?post=154033"},{"taxonomy":"product_cat","embeddable":true,"href":"https:\/\/pizbube.ch\/en\/wp-json\/wp\/v2\/product_cat?post=154033"},{"taxonomy":"product_tag","embeddable":true,"href":"https:\/\/pizbube.ch\/en\/wp-json\/wp\/v2\/product_tag?post=154033"}],"curies":[{"name":"wp","href":"https:\/\/api.w.org\/{rel}","templated":true}]}}