{"id":154034,"date":"2021-01-15T14:21:57","date_gmt":"2021-01-15T14:21:57","guid":{"rendered":"https:\/\/codengine3.ch\/?product=import-placeholder-for-205648"},"modified":"2021-01-15T14:42:52","modified_gmt":"2021-01-15T14:42:52","slug":"landschaft-erlebnis-reisen","status":"publish","type":"product","link":"https:\/\/pizbube.ch\/en\/shop\/landschaft-erlebnis-reisen\/","title":{"rendered":"Landschaft Erlebnis Reisen"},"content":{"rendered":"<p>Naturnaher Tourismus in P\u00e4rken und Unesco-Gebieten  <\/p>\n<p>Naturnaher Tourismus, das ist: schonend die Vielfalt der nat\u00fcrlichen und<br \/>\nkulturellen Landschaftswerte einer Region erlebbar machen.  <\/p>\n<p>Goldwaschen im Entlebuch, Wandern auf dem historischen Spl\u00fcgen-Saumpfad oder<br \/>\nzu den drei Sonnen des Lavaux. Dabei Land und Leute kennen lernen und in<br \/>\nauthentische Landschaften eintauchen, in stimmigen Gasth\u00e4usern \u00fcbernachten und<br \/>\nsich mit lokalen Gerichten verw\u00f6hnen lassen. Alles das bietet naturnaher<br \/>\nTourismus in der Schweiz; und vieles mehr.<br \/>\nNaturnaher Tourismus f\u00fchrt nicht weit weg, sondern mitten hinein. Hinein in<br \/>\ndie Schweiz mit ihren P\u00e4rken und UNESCO-Welterbegebieten. Naturnaher Tourismus<br \/>\nist eine Tourismusform, welche schonend die Vielfalt der nat\u00fcrlichen und<br \/>\nkulturellen Landschaftswerte einer Region erlebbar macht und dabei den<br \/>\nMenschen vor Ort Arbeitspl\u00e4tze und Wertsch\u00f6pfung bringt. Naturnaher Tourismus<br \/>\nist damit auch ein wirkungsvoller Beitrag zum Klimaschutz. Die in diesem<br \/>\nSammelband vereinten Beitr\u00e4ge ausgewiesener Fachleute geben einen \u00dcberblick<br \/>\n\u00fcber Spektrum, Chancen und Herausforderungen des naturnahen Tourismus in der<br \/>\nSchweiz. Dar\u00fcber hinaus werden Handlungsm\u00f6glichkeiten f\u00fcr engagierte<br \/>\nAkteurinnen und Akteure, welche den naturnahen Tourismus st\u00e4rken und f\u00f6rdern,<br \/>\naufgezeigt.  <\/p>","protected":false},"excerpt":{"rendered":"<p>Naturnaher Tourismus in P\u00e4rken und Unesco-Gebieten Naturnaher Tourismus, das ist: schonend die Vielfalt der nat\u00fcrlichen und kulturellen Landschaftswerte einer Region erlebbar machen. Goldwaschen im Entlebuch, Wandern auf dem historischen Spl\u00fcgen-Saumpfad oder zu den drei Sonnen des Lavaux. Dabei Land und Leute kennen lernen und in authentische Landschaften eintauchen, in stimmigen Gasth\u00e4usern \u00fcbernachten und sich mit [&#8230;]\n","protected":false},"featured_media":34436,"template":"","meta":[],"product_brand":[],"product_cat":[21542],"product_tag":[],"class_list":{"0":"post-154034","1":"product","2":"type-product","3":"status-publish","4":"has-post-thumbnail","6":"product_cat-sachbuecher-dokumentationen","7":"pa_autor-siegrist-stremlow","8":"pa_erscheinungsjahr-21693","9":"pa_region-schweiz","10":"pa_sprache-de","12":"first","13":"instock","14":"taxable","15":"shipping-taxable","16":"purchasable","17":"product-type-simple"},"_links":{"self":[{"href":"https:\/\/pizbube.ch\/en\/wp-json\/wp\/v2\/product\/154034","targetHints":{"allow":["GET"]}}],"collection":[{"href":"https:\/\/pizbube.ch\/en\/wp-json\/wp\/v2\/product"}],"about":[{"href":"https:\/\/pizbube.ch\/en\/wp-json\/wp\/v2\/types\/product"}],"wp:featuredmedia":[{"embeddable":true,"href":"https:\/\/pizbube.ch\/en\/wp-json\/wp\/v2\/media\/34436"}],"wp:attachment":[{"href":"https:\/\/pizbube.ch\/en\/wp-json\/wp\/v2\/media?parent=154034"}],"wp:term":[{"taxonomy":"product_brand","embeddable":true,"href":"https:\/\/pizbube.ch\/en\/wp-json\/wp\/v2\/product_brand?post=154034"},{"taxonomy":"product_cat","embeddable":true,"href":"https:\/\/pizbube.ch\/en\/wp-json\/wp\/v2\/product_cat?post=154034"},{"taxonomy":"product_tag","embeddable":true,"href":"https:\/\/pizbube.ch\/en\/wp-json\/wp\/v2\/product_tag?post=154034"}],"curies":[{"name":"wp","href":"https:\/\/api.w.org\/{rel}","templated":true}]}}