{"id":154036,"date":"2021-01-15T14:21:58","date_gmt":"2021-01-15T14:21:58","guid":{"rendered":"https:\/\/codengine3.ch\/?product=import-placeholder-for-206883"},"modified":"2021-01-15T14:52:58","modified_gmt":"2021-01-15T14:52:58","slug":"portugal-via-algarviana","status":"publish","type":"product","link":"https:\/\/pizbube.ch\/en\/shop\/portugal-via-algarviana\/","title":{"rendered":"Portugal: Via Algarviana"},"content":{"rendered":"<p>Die Via Algarviana f\u00fchrt den Wanderer in 14 gut beschilderten Tagesetappen auf<br \/>\n300 km durch das streckenweise unber\u00fchrte und h\u00fcgelige Hinterland, vorbei an<br \/>\nurspr\u00fcnglichen D\u00f6rfern, kulturhistorisch wichtigen St\u00e4dten wie die unter den<br \/>\nMauren so bedeutsame Stadt Silves und durch abwechslungsreiche Landschaften.<br \/>\nDer Weg f\u00fchrt in etwa 2 Wochen auf seit Jahrhunderten von Sch\u00e4fern genutzten<br \/>\nHirtenpfaden und Waldwegen vom idyllischen St\u00e4dtchen Alcoutim am spanischen<br \/>\nGrenzfluss Guadiana bis zum sagenumwobenen Kap des heiligen Vinzenz (Cabo de<br \/>\nS\u00e3o Vicente) am Atlantik, wo Europa endet und die Weite des Meeres beginnt. Es<br \/>\nbietet sich jedoch auch an, nur einzelne Etappen als Tages- oder<br \/>\nMeertagestouren zu gehen. St\u00e4ndige Wegbegleiter sind Korkeichenw\u00e4lder, ein<br \/>\nnicht enden wollendes Meer aus Wildkr\u00e4utern, Zistrosen, sowie Mandel-,<br \/>\nFeigen-, Oliven- und Erdbeerb\u00e4ume und nicht zuletzt seltene Tier- und<br \/>\nPflanzenarten. Gerade im Fr\u00fchjahr verwandeln sich die Wiesen und H\u00fcgel des<br \/>\nHinterlandes in ein einziges Bl\u00fctenmeer.  <\/p>\n<p>Der Weg zum Atlantik f\u00fchrt durch zahlreiche Flusst\u00e4ler, die Gebirgsz\u00fcge der<br \/>\nSerra do Caldeir\u00e3o und der Serra de Monchique in dem sich mit dem F\u00f3ia-Gipfel<br \/>\nder h\u00f6chste Punkt der Algarve befindet, sowie durch die mediterran anmutende<br \/>\nVorgebirgslandschaft des Barrocal. Die Via Algarviana ist ein Projekt zur<br \/>\nErschlie\u00dfung eines sanften \u00d6ko-Tourismus im Hinterland sowie zur Erhaltung<br \/>\nbzw. St\u00e4rkung der regionalen Kultur und der lokalen Produkte. Dem Trend zur<br \/>\nAbwanderung, \u00dcberalterung und Desertifikation der Region soll durch die<br \/>\nF\u00f6rderung eines nachhaltigen Tourismus entgegengewirkt werden, von dem auch<br \/>\ndie ans\u00e4ssige Bev\u00f6lkerung profitieren kann. Der gemeinn\u00fctzige<br \/>\nNaturschutzverein Almargem hat die Via Algarviana in Kooperation mit den<br \/>\nAlgarve Walkers angelegt und unterh\u00e4lt sie bis heute. Gef\u00f6rdert wurde das<br \/>\nProjekt von lokalen Verb\u00e4nden und EU-F\u00f6rdermitteln.  <\/p>","protected":false},"excerpt":{"rendered":"<p>Die Via Algarviana f\u00fchrt den Wanderer in 14 gut beschilderten Tagesetappen auf 300 km durch das streckenweise unber\u00fchrte und h\u00fcgelige Hinterland, vorbei an urspr\u00fcnglichen D\u00f6rfern, kulturhistorisch wichtigen St\u00e4dten wie die unter den Mauren so bedeutsame Stadt Silves und durch abwechslungsreiche Landschaften. Der Weg f\u00fchrt in etwa 2 Wochen auf seit Jahrhunderten von Sch\u00e4fern genutzten Hirtenpfaden [&#8230;]\n","protected":false},"featured_media":36336,"template":"","meta":[],"product_brand":[],"product_cat":[21605],"product_tag":[],"class_list":{"0":"post-154036","1":"product","2":"type-product","3":"status-publish","4":"has-post-thumbnail","6":"product_cat-wanderfuehrer-trekking","7":"pa_autor-heitzmann","8":"pa_erscheinungsjahr-21621","9":"pa_region-portugal","10":"pa_sprache-de","12":"first","13":"instock","14":"taxable","15":"shipping-taxable","16":"purchasable","17":"product-type-simple"},"_links":{"self":[{"href":"https:\/\/pizbube.ch\/en\/wp-json\/wp\/v2\/product\/154036","targetHints":{"allow":["GET"]}}],"collection":[{"href":"https:\/\/pizbube.ch\/en\/wp-json\/wp\/v2\/product"}],"about":[{"href":"https:\/\/pizbube.ch\/en\/wp-json\/wp\/v2\/types\/product"}],"wp:featuredmedia":[{"embeddable":true,"href":"https:\/\/pizbube.ch\/en\/wp-json\/wp\/v2\/media\/36336"}],"wp:attachment":[{"href":"https:\/\/pizbube.ch\/en\/wp-json\/wp\/v2\/media?parent=154036"}],"wp:term":[{"taxonomy":"product_brand","embeddable":true,"href":"https:\/\/pizbube.ch\/en\/wp-json\/wp\/v2\/product_brand?post=154036"},{"taxonomy":"product_cat","embeddable":true,"href":"https:\/\/pizbube.ch\/en\/wp-json\/wp\/v2\/product_cat?post=154036"},{"taxonomy":"product_tag","embeddable":true,"href":"https:\/\/pizbube.ch\/en\/wp-json\/wp\/v2\/product_tag?post=154036"}],"curies":[{"name":"wp","href":"https:\/\/api.w.org\/{rel}","templated":true}]}}