{"id":154039,"date":"2021-01-15T14:21:58","date_gmt":"2021-01-15T14:21:58","guid":{"rendered":"https:\/\/codengine3.ch\/?product=import-placeholder-for-203318"},"modified":"2021-01-15T14:22:03","modified_gmt":"2021-01-15T14:22:03","slug":"eifel-en-bloc","status":"publish","type":"product","link":"https:\/\/pizbube.ch\/en\/shop\/eifel-en-bloc\/","title":{"rendered":"Eifel en bloc"},"content":{"rendered":"<p>Der Boulderf\u00fchrer f\u00fcr das Gebiet zwischen Aachen, K\u00f6ln, Koblenz und Trier. Mit<br \/>\nausf\u00fchrlichen Angaben zur Naturschutzproblematik und Gebietscharakteristik<br \/>\nsowie exakten Gebietskarten und Zustiegsbeschreibungen. Dazu detaillierte<br \/>\nTopos nahezu s\u00e4mtlicher beschriebener Boulderprobleme und etliche<br \/>\nappetitanregende Duplex-Action-Fotos. 168 Seiten.<\/p>","protected":false},"excerpt":{"rendered":"<ul>\n<li><b>INFO: Neuauflage unbestimmt<b><\/li>\n<\/ul>","protected":false},"featured_media":30902,"template":"","meta":[],"product_brand":[],"product_cat":[21539],"product_tag":[],"class_list":{"0":"post-154039","1":"product","2":"type-product","3":"status-publish","4":"has-post-thumbnail","6":"product_cat-fuehrerliteratur-sportklettern-bouldern","7":"pa_autor-gerritzen-lehmann","8":"pa_erscheinungsjahr-21920","9":"pa_region-deutschland","10":"pa_sprache-de","12":"first","13":"outofstock","14":"taxable","15":"shipping-taxable","16":"purchasable","17":"product-type-simple"},"_links":{"self":[{"href":"https:\/\/pizbube.ch\/en\/wp-json\/wp\/v2\/product\/154039","targetHints":{"allow":["GET"]}}],"collection":[{"href":"https:\/\/pizbube.ch\/en\/wp-json\/wp\/v2\/product"}],"about":[{"href":"https:\/\/pizbube.ch\/en\/wp-json\/wp\/v2\/types\/product"}],"wp:featuredmedia":[{"embeddable":true,"href":"https:\/\/pizbube.ch\/en\/wp-json\/wp\/v2\/media\/30902"}],"wp:attachment":[{"href":"https:\/\/pizbube.ch\/en\/wp-json\/wp\/v2\/media?parent=154039"}],"wp:term":[{"taxonomy":"product_brand","embeddable":true,"href":"https:\/\/pizbube.ch\/en\/wp-json\/wp\/v2\/product_brand?post=154039"},{"taxonomy":"product_cat","embeddable":true,"href":"https:\/\/pizbube.ch\/en\/wp-json\/wp\/v2\/product_cat?post=154039"},{"taxonomy":"product_tag","embeddable":true,"href":"https:\/\/pizbube.ch\/en\/wp-json\/wp\/v2\/product_tag?post=154039"}],"curies":[{"name":"wp","href":"https:\/\/api.w.org\/{rel}","templated":true}]}}