{"id":154040,"date":"2021-01-15T14:21:58","date_gmt":"2021-01-15T14:21:58","guid":{"rendered":"https:\/\/codengine3.ch\/?product=import-placeholder-for-204344"},"modified":"2022-05-20T15:03:01","modified_gmt":"2022-05-20T13:03:01","slug":"schwarze-saeulen-kletterfuehrer-mayen","status":"publish","type":"product","link":"https:\/\/pizbube.ch\/en\/shop\/schwarze-saeulen-kletterfuehrer-mayen\/","title":{"rendered":"Schwarze S\u00e4ulen Kletterf\u00fchrer Mayen"},"content":{"rendered":"<p>\u00dcber 1700 Routen im besten Gebiet der <strong>Eifel<\/strong> in allen Schwierigkeitsgraden, verteilt auf drei Klettergebiete, bis auf ganz wenige Ausnahmen eine hervorragende Gesteinsqualit\u00e4t, Routenl\u00e4ngen bis knapp \u00fcber 30 Meter, perfekte Ausstattung mit Bohrhaken sowie naturbelassene Riss- und Verschneidungsklettereien zum selbst Absichern. Das sind nur ein paar wenige Schlaglichter auf die phantastischen Klettergebiete in den aufgelassenen Basaltsteinbr\u00fcchen um <strong>Mayen, Ettringen<\/strong> und <strong>Kottenheim<\/strong> in der Eifel.<\/p>\n<p>Im Verlauf der vergangenen Jahre hat sich dieses Felsenparadies durch die unerm\u00fcdliche Erschlie\u00dfert\u00e4tigkeit von Kletterern aus dem Koblenzer und K\u00f6lner Raum zu einem der bedeutendsten Klettergebiete im Westen der Republik gemausert. Wenn es um die Risskletterei geht, dann kann man mit Fug und Recht behaupten, dass Mayen das f\u00fchrende Rissklettergebiet in Westdeutschland ist. Um Vergleichbares zu finden, m\u00fcsste der Liebhaber von moderaten und anspruchsvollen Riss- und Verschneidungsklettereien dieser Qualit\u00e4t und Vielfalt schon einige Kilometer in \u00f6stliche Richtung in Kauf nehmen. Der F\u00fchrer ist durchgehend farbig, gl\u00e4nzt mit neuen Fototopos sowie Orientierungskarten in 4 Ma\u00dfstabsebenen und einem umfassenden GPS-Leitsystem.<\/p>\n<p>DIN A5 Querformat, 400 Seiten, komplett farbig. Neuauflage von 2022<\/p>","protected":false},"excerpt":{"rendered":"<p>\u00dcber 1700 Routen im besten Gebiet der Eifel in allen Schwierigkeitsgraden, verteilt auf drei Klettergebiete, bis auf ganz wenige Ausnahmen eine hervorragende Gesteinsqualit\u00e4t, Routenl\u00e4ngen bis knapp \u00fcber 30 Meter, perfekte Ausstattung mit Bohrhaken sowie naturbelassene Riss- und Verschneidungsklettereien zum selbst Absichern. Das sind nur ein paar wenige Schlaglichter auf die phantastischen Klettergebiete in den aufgelassenen [&#8230;]\n","protected":false},"featured_media":162078,"template":"","meta":[],"product_brand":[],"product_cat":[21539],"product_tag":[],"class_list":{"0":"post-154040","1":"product","2":"type-product","3":"status-publish","4":"has-post-thumbnail","6":"product_cat-fuehrerliteratur-sportklettern-bouldern","7":"pa_autor-schmalz-friedberger","8":"pa_erscheinungsjahr-21568","9":"pa_region-deutschland","10":"pa_sprache-de-en","12":"first","13":"onbackorder","14":"taxable","15":"shipping-taxable","16":"purchasable","17":"product-type-simple"},"_links":{"self":[{"href":"https:\/\/pizbube.ch\/en\/wp-json\/wp\/v2\/product\/154040","targetHints":{"allow":["GET"]}}],"collection":[{"href":"https:\/\/pizbube.ch\/en\/wp-json\/wp\/v2\/product"}],"about":[{"href":"https:\/\/pizbube.ch\/en\/wp-json\/wp\/v2\/types\/product"}],"wp:featuredmedia":[{"embeddable":true,"href":"https:\/\/pizbube.ch\/en\/wp-json\/wp\/v2\/media\/162078"}],"wp:attachment":[{"href":"https:\/\/pizbube.ch\/en\/wp-json\/wp\/v2\/media?parent=154040"}],"wp:term":[{"taxonomy":"product_brand","embeddable":true,"href":"https:\/\/pizbube.ch\/en\/wp-json\/wp\/v2\/product_brand?post=154040"},{"taxonomy":"product_cat","embeddable":true,"href":"https:\/\/pizbube.ch\/en\/wp-json\/wp\/v2\/product_cat?post=154040"},{"taxonomy":"product_tag","embeddable":true,"href":"https:\/\/pizbube.ch\/en\/wp-json\/wp\/v2\/product_tag?post=154040"}],"curies":[{"name":"wp","href":"https:\/\/api.w.org\/{rel}","templated":true}]}}