{"id":154041,"date":"2021-01-15T14:22:04","date_gmt":"2021-01-15T14:22:04","guid":{"rendered":"https:\/\/codengine3.ch\/?product=import-placeholder-for-203445"},"modified":"2021-01-15T14:23:22","modified_gmt":"2021-01-15T14:23:22","slug":"hotel-des-alpes","status":"publish","type":"product","link":"https:\/\/pizbube.ch\/en\/shop\/hotel-des-alpes\/","title":{"rendered":"Hotel des Alpes"},"content":{"rendered":"<p>Am Anfang steht die Begeisterung f\u00fcr die Alpen, ihre eigentliche Entdeckung im<br \/>\n18. Jahrhundert. Zuvor Orte des Durchgangs, werden sie zu Orten des<br \/>\nAufenthalts. Man geht in die Berge, um sie zu besteigen und zu studieren, man<br \/>\ngeht zur Kur des Klimas und Thermalwassers wegen. Es entstehen neue Hotels<br \/>\nnicht nur entlang den alten Passstrassen, sondern auch in abgelegenen T\u00e4lern,<br \/>\nan Orten mit sch\u00f6nen Panoramen, an den Ufern von Seen, am Fusse von<br \/>\nGletschern. Das ist die Geburt des Tourismus, der im 19. Jahrhundert den Bau<br \/>\narchitektonisch neuer Hotels und Hotelpal\u00e4ste, Strassen und Eisenbahnlinien in<br \/>\nden Alpen zur Folge hat. Davon erz\u00e4hlt dieses Buch, aber es ist auch die<br \/>\nGeschichte der vielen Hoteliers und ihrer Familien, die diesen<br \/>\nWirtschaftszweig aufgebaut und in die gl\u00e4nzenden Jahre der Gr\u00fcnderzeit gef\u00fchrt<br \/>\nhaben.  <\/p>","protected":false},"excerpt":{"rendered":"<p>Am Anfang steht die Begeisterung f\u00fcr die Alpen, ihre eigentliche Entdeckung im 18. Jahrhundert. Zuvor Orte des Durchgangs, werden sie zu Orten des Aufenthalts. Man geht in die Berge, um sie zu besteigen und zu studieren, man geht zur Kur des Klimas und Thermalwassers wegen. Es entstehen neue Hotels nicht nur entlang den alten Passstrassen, [&#8230;]\n","protected":false},"featured_media":31056,"template":"","meta":[],"product_brand":[],"product_cat":[21580],"product_tag":[],"class_list":{"0":"post-154041","1":"product","2":"type-product","3":"status-publish","4":"has-post-thumbnail","6":"product_cat-kunst-kultur","7":"pa_autor-francesco-dal-negro","8":"pa_erscheinungsjahr-21842","9":"pa_region-schweiz","10":"pa_sprache-d-i","12":"first","13":"instock","14":"taxable","15":"shipping-taxable","16":"purchasable","17":"product-type-simple"},"_links":{"self":[{"href":"https:\/\/pizbube.ch\/en\/wp-json\/wp\/v2\/product\/154041","targetHints":{"allow":["GET"]}}],"collection":[{"href":"https:\/\/pizbube.ch\/en\/wp-json\/wp\/v2\/product"}],"about":[{"href":"https:\/\/pizbube.ch\/en\/wp-json\/wp\/v2\/types\/product"}],"wp:featuredmedia":[{"embeddable":true,"href":"https:\/\/pizbube.ch\/en\/wp-json\/wp\/v2\/media\/31056"}],"wp:attachment":[{"href":"https:\/\/pizbube.ch\/en\/wp-json\/wp\/v2\/media?parent=154041"}],"wp:term":[{"taxonomy":"product_brand","embeddable":true,"href":"https:\/\/pizbube.ch\/en\/wp-json\/wp\/v2\/product_brand?post=154041"},{"taxonomy":"product_cat","embeddable":true,"href":"https:\/\/pizbube.ch\/en\/wp-json\/wp\/v2\/product_cat?post=154041"},{"taxonomy":"product_tag","embeddable":true,"href":"https:\/\/pizbube.ch\/en\/wp-json\/wp\/v2\/product_tag?post=154041"}],"curies":[{"name":"wp","href":"https:\/\/api.w.org\/{rel}","templated":true}]}}