{"id":154043,"date":"2021-01-15T14:22:05","date_gmt":"2021-01-15T14:22:05","guid":{"rendered":"https:\/\/codengine3.ch\/?product=import-placeholder-for-207755"},"modified":"2024-02-16T13:56:01","modified_gmt":"2024-02-16T12:56:01","slug":"hardangervidda-ost-hardangervidda-east-150000-sheet-113","status":"publish","type":"product","link":"https:\/\/pizbube.ch\/en\/shop\/hardangervidda-ost-hardangervidda-east-150000-sheet-113\/","title":{"rendered":"Hardangervidda Ost \/ Hardangervidda East 1:50&#8217;000 (Sheet 113)"},"content":{"rendered":"<p>Die Wanderkarte Hardangervidda Ost im Ma\u00dfstab 1:50.000, von Edition PhoneMaps,<br \/>\nzeigt den \u00f6stlichen Teil des Nationalparks Hardangervidda.<\/p>\n<p>Die Wanderkarte enth\u00e4lt markierte Wander- und Radwege sowie touristische und<br \/>\nRadinformationen. Die Karte ist auf einem innovativen \u00f6kologischen Papier<br \/>\nproduziert. Das Papier ist naturfreundlich, recycelbar, wasserfest und<br \/>\nunzerrei\u00dfbar und somit ideal f\u00fcr Outdoor-Aktivit\u00e4ten.<\/p>\n<p>Die Karte ist mit der App PhoneMaps verbunden. Damit kann der Benutzer<br \/>\ndetaillierte Wander- und Radkarten aus ganze Europa kostenlos herunterladen.<\/p>\n<p>The Hardangervidda East hiking map at 1: 50,000 scale, by Edition PhoneMaps,<br \/>\nshows the eastern part of the Hardangervidda National Park.<\/p>\n<p>The hiking map includes marked hiking and biking trails as well as tourist and<br \/>\ncycling information. The map is produced on an innovative ecological paper.<br \/>\nThe paper is nature friendly, recyclable, waterproof and tearproof, making it<br \/>\nideal for outdoor activities. The map is connected to the PhoneMaps app. It<br \/>\nallows users to download detailed hiking and cycling maps from across Europe<br \/>\nfor free.<\/p>","protected":false},"excerpt":{"rendered":"<p>Die Wanderkarte Hardangervidda Ost im Ma\u00dfstab 1:50.000, von Edition PhoneMaps, zeigt den \u00f6stlichen Teil des Nationalparks Hardangervidda. Die Wanderkarte enth\u00e4lt markierte Wander- und Radwege sowie touristische und Radinformationen. Die Karte ist auf einem innovativen \u00f6kologischen Papier produziert. Das Papier ist naturfreundlich, recycelbar, wasserfest und unzerrei\u00dfbar und somit ideal f\u00fcr Outdoor-Aktivit\u00e4ten. Die Karte ist mit der [&#8230;]\n","protected":false},"featured_media":171641,"template":"","meta":[],"product_brand":[],"product_cat":[21543],"product_tag":[],"class_list":{"0":"post-154043","1":"product","2":"type-product","3":"status-publish","4":"has-post-thumbnail","6":"product_cat-landkarten","7":"pa_autor-phonemaps","8":"pa_erscheinungsjahr-21586","9":"pa_region-skandinavien-norwegen-schweden-finnland","10":"pa_sprache-de-en","12":"first","13":"instock","14":"taxable","15":"shipping-taxable","16":"purchasable","17":"product-type-simple"},"_links":{"self":[{"href":"https:\/\/pizbube.ch\/en\/wp-json\/wp\/v2\/product\/154043","targetHints":{"allow":["GET"]}}],"collection":[{"href":"https:\/\/pizbube.ch\/en\/wp-json\/wp\/v2\/product"}],"about":[{"href":"https:\/\/pizbube.ch\/en\/wp-json\/wp\/v2\/types\/product"}],"wp:featuredmedia":[{"embeddable":true,"href":"https:\/\/pizbube.ch\/en\/wp-json\/wp\/v2\/media\/171641"}],"wp:attachment":[{"href":"https:\/\/pizbube.ch\/en\/wp-json\/wp\/v2\/media?parent=154043"}],"wp:term":[{"taxonomy":"product_brand","embeddable":true,"href":"https:\/\/pizbube.ch\/en\/wp-json\/wp\/v2\/product_brand?post=154043"},{"taxonomy":"product_cat","embeddable":true,"href":"https:\/\/pizbube.ch\/en\/wp-json\/wp\/v2\/product_cat?post=154043"},{"taxonomy":"product_tag","embeddable":true,"href":"https:\/\/pizbube.ch\/en\/wp-json\/wp\/v2\/product_tag?post=154043"}],"curies":[{"name":"wp","href":"https:\/\/api.w.org\/{rel}","templated":true}]}}