{"id":154045,"date":"2021-01-15T14:22:05","date_gmt":"2021-01-15T14:22:05","guid":{"rendered":"https:\/\/codengine3.ch\/?product=import-placeholder-for-208826"},"modified":"2021-01-15T17:58:13","modified_gmt":"2021-01-15T17:58:13","slug":"turer-fra-finse","status":"publish","type":"product","link":"https:\/\/pizbube.ch\/en\/shop\/turer-fra-finse\/","title":{"rendered":"TURER FRA FINSE"},"content":{"rendered":"<p>Skiturer &#8211; Skiseiling &#8211; Fotturer &#8211; Rallarvegen &#8211; Overnattingstuter<\/p>\n<p>Die unber\u00fchrte Wildnis der Hochebene Hardangervidda bietet optimale<br \/>\nBedingungen f\u00fcr Skitouren, Gletschertouren, Snowkiten, Hundeschlittentouren.<br \/>\nSchneebedeckte Ebenen umgeben die kleine Ortschaft Finse, die nur mit<br \/>\nder Bahn zu erreichen ist. Die Hardangervidda, die gr\u00f6\u00dfte Hochebene<br \/>\nEuropas, ist durch ein kaltes, arktisches Klima gekennzeichnet. Hier<br \/>\nfindet man den Hardangerj\u00f8kulen, den sechstgr\u00f6\u00dften Gletscher Norwegens.<br \/>\nWer eine mehrt\u00e4gige Wanderung unternehmen m\u00f6chte, kann in den H\u00fctten des<br \/>\nnorwegischen Bergwandervereins \u00fcbernachten. Wer es bevorzugt, die n\u00e4here<br \/>\nUmgebung von Finse zu erkunden, kann im charmanten Finse 1222 Hotel absteigen.<br \/>\nIn Norwegischer Sprache!<\/p>\n<p>TURER FRA FINSE inneholder mer enn tjue detaljerte beskrivelser til ski- og<br \/>\nfotturer rundt Bergensbanes h\u00f8yestliggende stasjon.<\/p>\n<p>TURER FRA FINSE har stor guide til Rallarvegen og har turbeskrivelser til de<br \/>\npopul\u00e6re skiturene til Klemsbu og p\u00e5 Hardangerj\u00f8kulen. Du kan ogs\u00e5 bli med p\u00e5<br \/>\nv\u00e5rskitur til Hardanger, skiseil-tur til Geilo og bl\u00e5isvandring p\u00e5<br \/>\nHardangerj\u00f8kulen. I tillegg til alle de mest popul\u00e6re turene, har TURER FRA<br \/>\nFINSE ogs\u00e5 turbeskrivelser til sjeldent bes\u00f8kte turm\u00e5l som Memorgebui og<br \/>\nS\u00e5tahjellane.<\/p>\n<p>TURER FRA FINSE inneholder ogs\u00e5 tekster om Bergensbanens historie,<br \/>\nLordehyttene rundt Finse, v\u00e6rhistorikk, fjell-quiz, oppskriften p\u00e5 de ber\u00f8mte<br \/>\nFinsebollene og tips til overnattingsturer p\u00e5 Hardangervidda og i Skarvheimen.<\/p>\n<p>TURER FRA FINSE er skrevet av Trygve Sunde Kolderup, med bidrag fra Ketil<br \/>\nIsaksen, Ronny Fins\u00e5s, Trygve Norman, Steinar Sk\u00e5r, Olav Rondestveit og Norsk<br \/>\nInstitutt for naturforskning. Boka er rikt illustrert av fotograf Matti<br \/>\nBernitz.<\/p>","protected":false},"excerpt":{"rendered":"<p>Skiturer &#8211; Skiseiling &#8211; Fotturer &#8211; Rallarvegen &#8211; Overnattingstuter Die unber\u00fchrte Wildnis der Hochebene Hardangervidda bietet optimale Bedingungen f\u00fcr Skitouren, Gletschertouren, Snowkiten, Hundeschlittentouren. Schneebedeckte Ebenen umgeben die kleine Ortschaft Finse, die nur mit der Bahn zu erreichen ist. Die Hardangervidda, die gr\u00f6\u00dfte Hochebene Europas, ist durch ein kaltes, arktisches Klima gekennzeichnet. Hier findet man den [&#8230;]\n","protected":false},"featured_media":41471,"template":"","meta":[],"product_brand":[],"product_cat":[21544],"product_tag":[],"class_list":{"0":"post-154045","1":"product","2":"type-product","3":"status-publish","4":"has-post-thumbnail","6":"product_cat-fuehrerliteratur-alpin-sommer","7":"pa_autor-kolderup","8":"pa_erscheinungsjahr-21830","9":"pa_region-skandinavien-norwegen-schweden-finnland","10":"pa_sprache-norw","12":"first","13":"instock","14":"taxable","15":"shipping-taxable","16":"purchasable","17":"product-type-simple"},"_links":{"self":[{"href":"https:\/\/pizbube.ch\/en\/wp-json\/wp\/v2\/product\/154045","targetHints":{"allow":["GET"]}}],"collection":[{"href":"https:\/\/pizbube.ch\/en\/wp-json\/wp\/v2\/product"}],"about":[{"href":"https:\/\/pizbube.ch\/en\/wp-json\/wp\/v2\/types\/product"}],"wp:featuredmedia":[{"embeddable":true,"href":"https:\/\/pizbube.ch\/en\/wp-json\/wp\/v2\/media\/41471"}],"wp:attachment":[{"href":"https:\/\/pizbube.ch\/en\/wp-json\/wp\/v2\/media?parent=154045"}],"wp:term":[{"taxonomy":"product_brand","embeddable":true,"href":"https:\/\/pizbube.ch\/en\/wp-json\/wp\/v2\/product_brand?post=154045"},{"taxonomy":"product_cat","embeddable":true,"href":"https:\/\/pizbube.ch\/en\/wp-json\/wp\/v2\/product_cat?post=154045"},{"taxonomy":"product_tag","embeddable":true,"href":"https:\/\/pizbube.ch\/en\/wp-json\/wp\/v2\/product_tag?post=154045"}],"curies":[{"name":"wp","href":"https:\/\/api.w.org\/{rel}","templated":true}]}}