{"id":154046,"date":"2021-01-15T14:22:06","date_gmt":"2021-01-15T14:22:06","guid":{"rendered":"https:\/\/codengine3.ch\/?product=import-placeholder-for-206930"},"modified":"2021-01-15T14:53:31","modified_gmt":"2021-01-15T14:53:31","slug":"glittertind-120000","status":"publish","type":"product","link":"https:\/\/pizbube.ch\/en\/shop\/glittertind-120000\/","title":{"rendered":"Glittertind 1:20&#8217;000"},"content":{"rendered":"<p>Glittertind kart &#8211; Neste generasjons kart i 1:20.000<\/p>\n<p>Flott kart over Glitterind. Glittertinden er v\u00e5rt nest h\u00f8yeste fjell og en<br \/>\njuvel i \u00f8stre Jotunheimen som byr p\u00e5 en av landets flotteste utsikter.<br \/>\nFjellene og dalen rundt er verdifulle turm\u00e5l i seg selv, og byr p\u00e5 gode<br \/>\nturmuligheter hele \u00e5ret. Dette kartet i 1:20 000 omfatter Spiterstulen,<br \/>\nVisdalen, Trollsteinh\u00f8e, Trollsteineggje, Ryggjeh\u00f8e og Glitterheim, med mere.<\/p>\n<p>Den nye generasjonen turkart<\/p>\n<p>Dette er et unikt kart med en detaljrikdom som aldri tidligere er vist over<br \/>\nomr\u00e5det rundt Glittertind. Terrenginformasjonen i kartet er basert p\u00e5<br \/>\nlaserskanning fra fly.<\/p>\n<p>For f\u00f8rste gang framtrer fjellskrenter, st\u00f8rre steiner, vassdrag og breer med<br \/>\nen presisjon som tilsvarer virkeligheten.<\/p>\n<p>Et kart i m\u00e5lestokk 1:20 000 gir god st\u00f8tte til deg som g\u00e5r p\u00e5 topptur, driver<br \/>\nmed brevandring eller p\u00e5 andre m\u00e5ter forlater de merkede stiene i dalbunnen og<br \/>\nfinner egne ruter oppe i h\u00f8yfjellet.  <\/p>","protected":false},"excerpt":{"rendered":"<p>Glittertind kart &#8211; Neste generasjons kart i 1:20.000 Flott kart over Glitterind. Glittertinden er v\u00e5rt nest h\u00f8yeste fjell og en juvel i \u00f8stre Jotunheimen som byr p\u00e5 en av landets flotteste utsikter. Fjellene og dalen rundt er verdifulle turm\u00e5l i seg selv, og byr p\u00e5 gode turmuligheter hele \u00e5ret. Dette kartet i 1:20 000 omfatter [&#8230;]\n","protected":false},"featured_media":36459,"template":"","meta":[],"product_brand":[],"product_cat":[21543],"product_tag":[],"class_list":{"0":"post-154046","1":"product","2":"type-product","3":"status-publish","4":"has-post-thumbnail","6":"product_cat-landkarten","7":"pa_autor-friflyt","8":"pa_erscheinungsjahr-21586","9":"pa_region-skandinavien-norwegen-schweden-finnland","10":"pa_sprache-norw-en-2","12":"first","13":"instock","14":"taxable","15":"shipping-taxable","16":"purchasable","17":"product-type-simple"},"_links":{"self":[{"href":"https:\/\/pizbube.ch\/en\/wp-json\/wp\/v2\/product\/154046","targetHints":{"allow":["GET"]}}],"collection":[{"href":"https:\/\/pizbube.ch\/en\/wp-json\/wp\/v2\/product"}],"about":[{"href":"https:\/\/pizbube.ch\/en\/wp-json\/wp\/v2\/types\/product"}],"wp:featuredmedia":[{"embeddable":true,"href":"https:\/\/pizbube.ch\/en\/wp-json\/wp\/v2\/media\/36459"}],"wp:attachment":[{"href":"https:\/\/pizbube.ch\/en\/wp-json\/wp\/v2\/media?parent=154046"}],"wp:term":[{"taxonomy":"product_brand","embeddable":true,"href":"https:\/\/pizbube.ch\/en\/wp-json\/wp\/v2\/product_brand?post=154046"},{"taxonomy":"product_cat","embeddable":true,"href":"https:\/\/pizbube.ch\/en\/wp-json\/wp\/v2\/product_cat?post=154046"},{"taxonomy":"product_tag","embeddable":true,"href":"https:\/\/pizbube.ch\/en\/wp-json\/wp\/v2\/product_tag?post=154046"}],"curies":[{"name":"wp","href":"https:\/\/api.w.org\/{rel}","templated":true}]}}