{"id":154047,"date":"2021-01-15T14:22:06","date_gmt":"2021-01-15T14:22:06","guid":{"rendered":"https:\/\/codengine3.ch\/?product=import-placeholder-for-208734"},"modified":"2021-01-15T17:57:15","modified_gmt":"2021-01-15T17:57:15","slug":"turkart-hurrungane-125000","status":"publish","type":"product","link":"https:\/\/pizbube.ch\/en\/shop\/turkart-hurrungane-125000\/","title":{"rendered":"Turkart Hurrungane 1:25&#8217;000"},"content":{"rendered":"<p>Flott turkart over Hurrungane i Vest-Jotunheimen, fra Sognefjellshytta i nord<br \/>\ntil Hjelle i Utladalen i s\u00f8r, og fr\u00e5 Skogadalsb\u00f8en i \u00f8st til vegen mellom<br \/>\n\u00c5rdal og Turtagr\u00f8 i vest.<br \/>\nM\u00e5lestokk 1 : 25 000, ekvidistanse 20 meter.  <\/p>\n<p>Kartet inneholder blant annet merka og umerka stier, kvista skil\u00f8yper,<br \/>\nanbefalte skiruter til de mest bes\u00f8kte toppene, parkeringsplasser,<br \/>\nturisthytter, og mye annen nyttig informasjon.  <\/p>\n<p>P\u00e5 baksida av kartet er det flybildekart i m\u00e5lestokk 1 : 10 000 over de<br \/>\nsentrale delene av Hurrungane. Kartet er trykt p\u00e5 vannfast papir.<br \/>\nTegnforklaring p\u00e5 norsk og engelsk.  <\/p>","protected":false},"excerpt":{"rendered":"<p>Flott turkart over Hurrungane i Vest-Jotunheimen, fra Sognefjellshytta i nord til Hjelle i Utladalen i s\u00f8r, og fr\u00e5 Skogadalsb\u00f8en i \u00f8st til vegen mellom \u00c5rdal og Turtagr\u00f8 i vest. M\u00e5lestokk 1 : 25 000, ekvidistanse 20 meter. Kartet inneholder blant annet merka og umerka stier, kvista skil\u00f8yper, anbefalte skiruter til de mest bes\u00f8kte toppene, parkeringsplasser, [&#8230;]\n","protected":false},"featured_media":41215,"template":"","meta":[],"product_brand":[],"product_cat":[21543],"product_tag":[],"class_list":{"0":"post-154047","1":"product","2":"type-product","3":"status-publish","4":"has-post-thumbnail","6":"product_cat-landkarten","7":"pa_autor-mesterkart","8":"pa_erscheinungsjahr-21597","9":"pa_region-skandinavien-norwegen-schweden-finnland","10":"pa_sprache-en-norw","12":"first","13":"instock","14":"taxable","15":"shipping-taxable","16":"purchasable","17":"product-type-simple"},"_links":{"self":[{"href":"https:\/\/pizbube.ch\/en\/wp-json\/wp\/v2\/product\/154047","targetHints":{"allow":["GET"]}}],"collection":[{"href":"https:\/\/pizbube.ch\/en\/wp-json\/wp\/v2\/product"}],"about":[{"href":"https:\/\/pizbube.ch\/en\/wp-json\/wp\/v2\/types\/product"}],"wp:featuredmedia":[{"embeddable":true,"href":"https:\/\/pizbube.ch\/en\/wp-json\/wp\/v2\/media\/41215"}],"wp:attachment":[{"href":"https:\/\/pizbube.ch\/en\/wp-json\/wp\/v2\/media?parent=154047"}],"wp:term":[{"taxonomy":"product_brand","embeddable":true,"href":"https:\/\/pizbube.ch\/en\/wp-json\/wp\/v2\/product_brand?post=154047"},{"taxonomy":"product_cat","embeddable":true,"href":"https:\/\/pizbube.ch\/en\/wp-json\/wp\/v2\/product_cat?post=154047"},{"taxonomy":"product_tag","embeddable":true,"href":"https:\/\/pizbube.ch\/en\/wp-json\/wp\/v2\/product_tag?post=154047"}],"curies":[{"name":"wp","href":"https:\/\/api.w.org\/{rel}","templated":true}]}}