{"id":154048,"date":"2021-01-15T14:22:12","date_gmt":"2021-01-15T14:22:12","guid":{"rendered":"https:\/\/codengine3.ch\/?product=import-placeholder-for-205764"},"modified":"2021-01-15T14:43:43","modified_gmt":"2021-01-15T14:43:43","slug":"oetztaler-alpen-3d-skitourenkarte-ost","status":"publish","type":"product","link":"https:\/\/pizbube.ch\/en\/shop\/oetztaler-alpen-3d-skitourenkarte-ost\/","title":{"rendered":"\u00d6tztaler Alpen 3D &#8211; Skitourenkarte Ost"},"content":{"rendered":"<p>Diese fotorealistische 3D-Darstellung erm\u00f6glicht es Ihnen, die einzigartige<br \/>\nAlpenlandschaft der \u00d6tztaler Alpen 900mal h\u00f6her aufgel\u00f6st als Google Earth zu<br \/>\nerkunden. Entdecken Sie aus der Vogelperspektive die sch\u00f6nsten Aufstiege und<br \/>\ndie spannendsten Abfahrten von mehr als 40 der sch\u00f6nsten Skitouren in der<br \/>\nRegion. Alle Informationen zu Touren, Bergbahnen, Bergh\u00fctten, Webcams und<br \/>\nweiteren Angeboten sind einfach abrufbar und interaktiv zu erleben.  <\/p>\n<p>Erleben Sie neue, atemberaubende Einblicke in die alpine Bergwelt der dritten<br \/>\nDimension jetzt auch im Winter. So wird schon die Planung Ihrer Skitour zum<br \/>\ngro\u00dfen Erlebnis.  <\/p>\n<p>FEATURES:<br \/>\n* Der \u00f6stliche Teil der \u00d6tztaler Alpen als hochaufgel\u00f6stes Winter-Luftbild (25cm Aufl\u00f6sung), Umgebung als Satellitenbild<br \/>\n* \u00dcberblendbare Wander- und Freizeitkarte in 3 D (des Freytag &#038; Berndt Verlages)<br \/>\n* 42 Skitouren mit Beschreibung des Bergverlages Rother und Angabe des Schwierigkeitsgrades<br \/>\n* Berggipfel, Orte, Seen, Flurnamen u.v.m. lassen sich per Autopilot direkt anfliegen<br \/>\n* Schnelle Auswahl nach Ziel und Schwierigkeitsgrad<br \/>\n* Automatisches Abfliegen der Touren<br \/>\n* Bearbeiten und Verwalten eigener Touren, Einbinden von Fotos (Tour-Editor)<br \/>\n* Import und Export von Touren-Daten in GPS-Ger\u00e4te (\u00fcber GPX-Format)<br \/>\n* Vermessen von Strecken und H\u00f6henprofilen<br \/>\n* Alle Touren sowie Bildschirmansichten zum Ausdrucken und Mitnehmen<br \/>\n* Direkte Links zu Webcams<br \/>\n* 3D-Maus Anbindung zur freien Flugsteuerung in 6 Freiheitsgraden (z.B. Panorama-Rundblick, Blick vom Tal zum Gipfel)<br \/>\n* Alle zuk\u00fcnftigen DVDs der Skitouren-Serie lassen sich in eine gemeinsame 3D-Welt der Alpen integrieren<br \/>\n* Inklusive Stereo-3D-Brille f\u00fcr einen atemberaubenden 3D-Tiefenblick  <\/p>","protected":false},"excerpt":{"rendered":"<p>Diese fotorealistische 3D-Darstellung erm\u00f6glicht es Ihnen, die einzigartige Alpenlandschaft der \u00d6tztaler Alpen 900mal h\u00f6her aufgel\u00f6st als Google Earth zu erkunden. Entdecken Sie aus der Vogelperspektive die sch\u00f6nsten Aufstiege und die spannendsten Abfahrten von mehr als 40 der sch\u00f6nsten Skitouren in der Region. Alle Informationen zu Touren, Bergbahnen, Bergh\u00fctten, Webcams und weiteren Angeboten sind einfach abrufbar [&#8230;]\n","protected":false},"featured_media":34582,"template":"","meta":[],"product_brand":[],"product_cat":[21628],"product_tag":[],"class_list":{"0":"post-154048","1":"product","2":"type-product","3":"status-publish","4":"has-post-thumbnail","6":"product_cat-video-dvd-multimedia","7":"pa_autor-3d-reality-maps","8":"pa_erscheinungsjahr-21693","9":"pa_region-oesterreich","10":"pa_sprache-de","12":"first","13":"instock","14":"taxable","15":"shipping-taxable","16":"purchasable","17":"product-type-simple"},"_links":{"self":[{"href":"https:\/\/pizbube.ch\/en\/wp-json\/wp\/v2\/product\/154048","targetHints":{"allow":["GET"]}}],"collection":[{"href":"https:\/\/pizbube.ch\/en\/wp-json\/wp\/v2\/product"}],"about":[{"href":"https:\/\/pizbube.ch\/en\/wp-json\/wp\/v2\/types\/product"}],"wp:featuredmedia":[{"embeddable":true,"href":"https:\/\/pizbube.ch\/en\/wp-json\/wp\/v2\/media\/34582"}],"wp:attachment":[{"href":"https:\/\/pizbube.ch\/en\/wp-json\/wp\/v2\/media?parent=154048"}],"wp:term":[{"taxonomy":"product_brand","embeddable":true,"href":"https:\/\/pizbube.ch\/en\/wp-json\/wp\/v2\/product_brand?post=154048"},{"taxonomy":"product_cat","embeddable":true,"href":"https:\/\/pizbube.ch\/en\/wp-json\/wp\/v2\/product_cat?post=154048"},{"taxonomy":"product_tag","embeddable":true,"href":"https:\/\/pizbube.ch\/en\/wp-json\/wp\/v2\/product_tag?post=154048"}],"curies":[{"name":"wp","href":"https:\/\/api.w.org\/{rel}","templated":true}]}}