{"id":154050,"date":"2021-01-15T14:22:13","date_gmt":"2021-01-15T14:22:13","guid":{"rendered":"https:\/\/codengine3.ch\/?product=import-placeholder-for-204274"},"modified":"2021-01-15T14:31:33","modified_gmt":"2021-01-15T14:31:33","slug":"cristallina","status":"publish","type":"product","link":"https:\/\/pizbube.ch\/en\/shop\/cristallina\/","title":{"rendered":"Cristallina"},"content":{"rendered":"<p>Dokumentation \u00fcber die Cristallinah\u00fctte.<br \/>\nEine Berggegend und ihre Natur;<br \/>\ndie Kriegsjahre, die H\u00fctten, die Lawinen, die Menschen, die Projekte:<br \/>\nAusstellungskatalog anl\u00e4sslich der Pr\u00e4sentation der neuen Projekte f\u00fcr die<br \/>\nH\u00fctte.<br \/>\n96 S. reich bebildert, 30cm x 15 cm<\/p>","protected":false},"excerpt":{"rendered":"<p>Dokumentation \u00fcber die Cristallinah\u00fctte. Eine Berggegend und ihre Natur; die Kriegsjahre, die H\u00fctten, die Lawinen, die Menschen, die Projekte: Ausstellungskatalog anl\u00e4sslich der Pr\u00e4sentation der neuen Projekte f\u00fcr die H\u00fctte. 96 S. reich bebildert, 30cm x 15 cm<\/p>","protected":false},"featured_media":32096,"template":"","meta":[],"product_brand":[],"product_cat":[21542],"product_tag":[],"class_list":{"0":"post-154050","1":"product","2":"type-product","3":"status-publish","4":"has-post-thumbnail","6":"product_cat-sachbuecher-dokumentationen","7":"pa_autor-cas-ticino","8":"pa_erscheinungsjahr-22292","9":"pa_region-schweiz","10":"pa_sprache-de","12":"first","13":"instock","14":"taxable","15":"shipping-taxable","16":"purchasable","17":"product-type-simple"},"_links":{"self":[{"href":"https:\/\/pizbube.ch\/en\/wp-json\/wp\/v2\/product\/154050","targetHints":{"allow":["GET"]}}],"collection":[{"href":"https:\/\/pizbube.ch\/en\/wp-json\/wp\/v2\/product"}],"about":[{"href":"https:\/\/pizbube.ch\/en\/wp-json\/wp\/v2\/types\/product"}],"wp:featuredmedia":[{"embeddable":true,"href":"https:\/\/pizbube.ch\/en\/wp-json\/wp\/v2\/media\/32096"}],"wp:attachment":[{"href":"https:\/\/pizbube.ch\/en\/wp-json\/wp\/v2\/media?parent=154050"}],"wp:term":[{"taxonomy":"product_brand","embeddable":true,"href":"https:\/\/pizbube.ch\/en\/wp-json\/wp\/v2\/product_brand?post=154050"},{"taxonomy":"product_cat","embeddable":true,"href":"https:\/\/pizbube.ch\/en\/wp-json\/wp\/v2\/product_cat?post=154050"},{"taxonomy":"product_tag","embeddable":true,"href":"https:\/\/pizbube.ch\/en\/wp-json\/wp\/v2\/product_tag?post=154050"}],"curies":[{"name":"wp","href":"https:\/\/api.w.org\/{rel}","templated":true}]}}