{"id":154051,"date":"2021-01-15T14:22:13","date_gmt":"2021-01-15T14:22:13","guid":{"rendered":"https:\/\/codengine3.ch\/?product=import-placeholder-for-203897"},"modified":"2024-09-25T16:23:49","modified_gmt":"2024-09-25T14:23:49","slug":"huetten-und-rifugi-im-tessin-und-misox","status":"publish","type":"product","link":"https:\/\/pizbube.ch\/en\/shop\/huetten-und-rifugi-im-tessin-und-misox\/","title":{"rendered":"H\u00fctten und Rifugi im Tessin und Misox"},"content":{"rendered":"<p>Dieses Buch stellt die haupts\u00e4chlichen Bergh\u00fctten vor und beschreibt die<br \/>\nkleineren Schutzh\u00fctten in knapper, aber pr\u00e4ziser Form. Von 73 Bergh\u00fctten<br \/>\nwerden die Strukturen und Einrichtungen, die n\u00fctzlichen Telefonnummern, die<br \/>\nAufstiegswege und Marschzeiten angegeben, aber auch Informationen \u00fcber die<br \/>\nGeschichte und Kultur des betreffenden Gebiets und die Tourenm\u00f6glichkeiten in<br \/>\nder Umgebung. Dazu kommen 104 Schutzh\u00fctten, zum gr\u00f6ssten Teil wenig bekannte<br \/>\nkleine Bauten, die mit viel Liebe und gutem Geschmack instand gesetzt wurden<br \/>\nund ebenfalls einen Besuch verdienen.<\/p>\n<p>Ein Taschenbuch, das allen Bergfreunden gute Dienste leistet. Es schildert auf<br \/>\neinfache, aber ins Detail gehende Weise alle Bergh\u00fctten im Tessin und Misox:<br \/>\nEine F\u00fclle von Anregungen f\u00fcr Wanderungen ohne besondere Schwierigkeiten, die<br \/>\nzu Bergh\u00fctten f\u00fchren, in denen manche einen H\u00fcttenwart aufweisen, der Kost und<br \/>\nLogis anbieten kann.<\/p>\n<p>Jede H\u00fctte wird auf zwei Seiten geschildert. Neben den wesentlichen Angaben<br \/>\n\u00fcber das Geb\u00e4ude umfasst die Information die Wege zur H\u00fctte, die Wanderrouten<br \/>\nder Umgebung, die Eigenheiten der Natur und Geschichte. Zwei Farbfotos<br \/>\nvervollst\u00e4ndigen die Ausk\u00fcnfte und verlocken den Leser zu einem Besuch.<\/p>\n<p>200 Fotos; 240 Seiten<\/p>","protected":false},"excerpt":{"rendered":"<p>Dieses Buch stellt die haupts\u00e4chlichen Bergh\u00fctten vor und beschreibt die kleineren Schutzh\u00fctten in knapper, aber pr\u00e4ziser Form. Von 73 Bergh\u00fctten werden die Strukturen und Einrichtungen, die n\u00fctzlichen Telefonnummern, die Aufstiegswege und Marschzeiten angegeben, aber auch Informationen \u00fcber die Geschichte und Kultur des betreffenden Gebiets und die Tourenm\u00f6glichkeiten in der Umgebung. Dazu kommen 104 Schutzh\u00fctten, zum [&#8230;]\n","protected":false},"featured_media":175035,"template":"","meta":[],"product_brand":[],"product_cat":[22143],"product_tag":[],"class_list":{"0":"post-154051","1":"product","2":"type-product","3":"status-publish","4":"has-post-thumbnail","6":"product_cat-huettenverzeichnisse-hotelfuehrer","7":"pa_autor-gabuzzi","8":"pa_erscheinungsjahr-21776","9":"pa_region-schweiz","10":"pa_sprache-de","12":"first","13":"instock","14":"taxable","15":"shipping-taxable","16":"purchasable","17":"product-type-simple"},"_links":{"self":[{"href":"https:\/\/pizbube.ch\/en\/wp-json\/wp\/v2\/product\/154051","targetHints":{"allow":["GET"]}}],"collection":[{"href":"https:\/\/pizbube.ch\/en\/wp-json\/wp\/v2\/product"}],"about":[{"href":"https:\/\/pizbube.ch\/en\/wp-json\/wp\/v2\/types\/product"}],"wp:featuredmedia":[{"embeddable":true,"href":"https:\/\/pizbube.ch\/en\/wp-json\/wp\/v2\/media\/175035"}],"wp:attachment":[{"href":"https:\/\/pizbube.ch\/en\/wp-json\/wp\/v2\/media?parent=154051"}],"wp:term":[{"taxonomy":"product_brand","embeddable":true,"href":"https:\/\/pizbube.ch\/en\/wp-json\/wp\/v2\/product_brand?post=154051"},{"taxonomy":"product_cat","embeddable":true,"href":"https:\/\/pizbube.ch\/en\/wp-json\/wp\/v2\/product_cat?post=154051"},{"taxonomy":"product_tag","embeddable":true,"href":"https:\/\/pizbube.ch\/en\/wp-json\/wp\/v2\/product_tag?post=154051"}],"curies":[{"name":"wp","href":"https:\/\/api.w.org\/{rel}","templated":true}]}}