{"id":154055,"date":"2021-01-15T14:22:14","date_gmt":"2021-01-15T14:22:14","guid":{"rendered":"https:\/\/codengine3.ch\/?product=import-placeholder-for-208288"},"modified":"2024-08-28T14:39:07","modified_gmt":"2024-08-28T12:39:07","slug":"40-supertrails-in-den-alpen-epische-pfade-fuer-mountainbiker","status":"publish","type":"product","link":"https:\/\/pizbube.ch\/en\/shop\/40-supertrails-in-den-alpen-epische-pfade-fuer-mountainbiker\/","title":{"rendered":"40 Supertrails in den Alpen &#8211; Epische Pfade f\u00fcr Mountainbiker"},"content":{"rendered":"<p>Mountainbike-Touren mit Kultstatus<\/p>\n<p>Felsen, W\u00e4lder, Bachl\u00e4ufe, enge Kehren und grandiose Landschaften &#8211; die Flow-<br \/>\nTrails und Downhill-Strecken der Alpen machen gl\u00fccklich. Doch welche der<br \/>\nvielen Trails sollte man unbedingt gefahren haben? Die Journalistin Gitta<br \/>\nBeimfohr und der Fotograf Markus Greber stellen Ihnen die 40 legend\u00e4rsten<br \/>\nAbfahrten in den Alpen vor:<br \/>\nKulttrails f\u00fcr Mountainbiker in \u00d6sterreich, Frankreich, Italien und der<br \/>\nSchweiz. Mit einer Einstufung zu Kondition, Fahrtechnik, Landschaft und EMTB-<br \/>\nTauglichkeit. H\u00f6henprofile, 3D-Karten und GPS-Daten erleichtern die Planung<br \/>\nder MTB-Tour. Infos zur Anreise, \u00dcbernachtung und Tipps zum Einkehren<\/p>\n<p>Alpentrails, die man gefahren haben muss!<br \/>\nKultstatus haben die im Buch vorgestellten Trails wegen ihrer Geschichte,<br \/>\nihrer L\u00e4nge, ihrer Lage oder ihres herausragenden Gel\u00e4ufs erreicht. Kennen Sie<br \/>\nzum Beispiel den Trail mit dem sch\u00f6nen Namen \u00bbDer Brasilianer\u00ab, ein nicht<br \/>\nenden wollendes Kurvenband umringt von den Viertausendern der Westalpen?<br \/>\nNamensgeber f\u00fcr diese MTB-Strecke war die Freeride-Legende Wade Simmons. Die<br \/>\nKurvenradien dieses Supertrails im Schweizer Kanton Wallis erinnerten den<br \/>\nKanadier an den Rhythmus eines Salsa-Tanzes.<\/p>\n<p>Manche der Trails aus dem Reisef\u00fchrer k\u00f6nnen Sie zu Ihrer eigenen epischen<br \/>\nTransalp oder einem spannenden Roadtrip-Wochenende verbinden. Darunter ist der<br \/>\n45 Kilometer lange Alps Epic Trail in Davos, der einen Naturrausch in<br \/>\ngro\u00dfartiger Landschaft bietet und daf\u00fcr bereits von der IMBA (International<br \/>\nMountain Bicycling Association) geadelt wurde. Das Sahneh\u00e4ubchen ist der<br \/>\nEinkehr-Tipp, der verr\u00e4t, wo es den besten Blaubeerkuchen der Alpen gibt. Es<br \/>\ngibt also viele gute Gr\u00fcnde, diese wirklich epischen Trails in Angriff zu<br \/>\nnehmen!<\/p>\n<p>2. Auflage 2019<br \/>\n<span class=\"value\">160 Seiten<\/span><\/p>","protected":false},"excerpt":{"rendered":"<p>Mountainbike-Touren mit Kultstatus Felsen, W\u00e4lder, Bachl\u00e4ufe, enge Kehren und grandiose Landschaften &#8211; die Flow- Trails und Downhill-Strecken der Alpen machen gl\u00fccklich. Doch welche der vielen Trails sollte man unbedingt gefahren haben? Die Journalistin Gitta Beimfohr und der Fotograf Markus Greber stellen Ihnen die 40 legend\u00e4rsten Abfahrten in den Alpen vor: Kulttrails f\u00fcr Mountainbiker in \u00d6sterreich, [&#8230;]\n","protected":false},"featured_media":174619,"template":"","meta":[],"product_brand":[],"product_cat":[21606],"product_tag":[],"class_list":{"0":"post-154055","1":"product","2":"type-product","3":"status-publish","4":"has-post-thumbnail","6":"product_cat-mountainbikefuehrer","7":"pa_autor-beimfohr-greber","8":"pa_erscheinungsjahr-21586","9":"pa_region-uebrigers-europa","10":"pa_sprache-de","12":"first","13":"instock","14":"taxable","15":"shipping-taxable","16":"purchasable","17":"product-type-simple"},"_links":{"self":[{"href":"https:\/\/pizbube.ch\/en\/wp-json\/wp\/v2\/product\/154055","targetHints":{"allow":["GET"]}}],"collection":[{"href":"https:\/\/pizbube.ch\/en\/wp-json\/wp\/v2\/product"}],"about":[{"href":"https:\/\/pizbube.ch\/en\/wp-json\/wp\/v2\/types\/product"}],"wp:featuredmedia":[{"embeddable":true,"href":"https:\/\/pizbube.ch\/en\/wp-json\/wp\/v2\/media\/174619"}],"wp:attachment":[{"href":"https:\/\/pizbube.ch\/en\/wp-json\/wp\/v2\/media?parent=154055"}],"wp:term":[{"taxonomy":"product_brand","embeddable":true,"href":"https:\/\/pizbube.ch\/en\/wp-json\/wp\/v2\/product_brand?post=154055"},{"taxonomy":"product_cat","embeddable":true,"href":"https:\/\/pizbube.ch\/en\/wp-json\/wp\/v2\/product_cat?post=154055"},{"taxonomy":"product_tag","embeddable":true,"href":"https:\/\/pizbube.ch\/en\/wp-json\/wp\/v2\/product_tag?post=154055"}],"curies":[{"name":"wp","href":"https:\/\/api.w.org\/{rel}","templated":true}]}}