{"id":154057,"date":"2021-01-15T14:22:14","date_gmt":"2021-01-15T14:22:14","guid":{"rendered":"https:\/\/codengine3.ch\/?product=import-placeholder-for-206050"},"modified":"2021-01-15T14:46:00","modified_gmt":"2021-01-15T14:46:00","slug":"mountainbikeland-schweiz-band-2-panorama-bike","status":"publish","type":"product","link":"https:\/\/pizbube.ch\/en\/shop\/mountainbikeland-schweiz-band-2-panorama-bike\/","title":{"rendered":"Mountainbikeland Schweiz Band 2 Panorama Bike"},"content":{"rendered":"<p>Der Routenf\u00fchrer f\u00fcr das Mountainbikeland Schweiz enth\u00e4lt alle Inofmationen<br \/>\nzur &#8218;Panorama Bike&#8216; Route von Rorschach nach Montreux. Detaillierte Angaben<br \/>\nzur gesamten Strecke und zu jeder Etappe pr\u00e4gen das Buch, dazu geben<br \/>\nhervorragende Bilder einen Eindruck von den Etappen. Das Buch enth\u00e4lt zudem<br \/>\ngenaue Routenkarten im Massstab 1:100 000, die auf reiss- und wasserfestes<br \/>\nSpezialpapier gedruckt sind und herausgetrennt werden k\u00f6nnen.<\/p>","protected":false},"excerpt":{"rendered":"<p>Der Routenf\u00fchrer f\u00fcr das Mountainbikeland Schweiz enth\u00e4lt alle Inofmationen zur &#8218;Panorama Bike&#8216; Route von Rorschach nach Montreux. Detaillierte Angaben zur gesamten Strecke und zu jeder Etappe pr\u00e4gen das Buch, dazu geben hervorragende Bilder einen Eindruck von den Etappen. Das Buch enth\u00e4lt zudem genaue Routenkarten im Massstab 1:100 000, die auf reiss- und wasserfestes Spezialpapier gedruckt [&#8230;]\n","protected":false},"featured_media":34945,"template":"","meta":[],"product_brand":[],"product_cat":[21606],"product_tag":[],"class_list":{"0":"post-154057","1":"product","2":"type-product","3":"status-publish","4":"has-post-thumbnail","6":"product_cat-mountainbikefuehrer","7":"pa_autor-stoeckli","8":"pa_erscheinungsjahr-21591","9":"pa_region-schweiz","10":"pa_sprache-de","12":"first","13":"outofstock","14":"taxable","15":"shipping-taxable","16":"purchasable","17":"product-type-simple"},"_links":{"self":[{"href":"https:\/\/pizbube.ch\/en\/wp-json\/wp\/v2\/product\/154057","targetHints":{"allow":["GET"]}}],"collection":[{"href":"https:\/\/pizbube.ch\/en\/wp-json\/wp\/v2\/product"}],"about":[{"href":"https:\/\/pizbube.ch\/en\/wp-json\/wp\/v2\/types\/product"}],"wp:featuredmedia":[{"embeddable":true,"href":"https:\/\/pizbube.ch\/en\/wp-json\/wp\/v2\/media\/34945"}],"wp:attachment":[{"href":"https:\/\/pizbube.ch\/en\/wp-json\/wp\/v2\/media?parent=154057"}],"wp:term":[{"taxonomy":"product_brand","embeddable":true,"href":"https:\/\/pizbube.ch\/en\/wp-json\/wp\/v2\/product_brand?post=154057"},{"taxonomy":"product_cat","embeddable":true,"href":"https:\/\/pizbube.ch\/en\/wp-json\/wp\/v2\/product_cat?post=154057"},{"taxonomy":"product_tag","embeddable":true,"href":"https:\/\/pizbube.ch\/en\/wp-json\/wp\/v2\/product_tag?post=154057"}],"curies":[{"name":"wp","href":"https:\/\/api.w.org\/{rel}","templated":true}]}}